{"id":208258,"date":"2020-12-11T16:59:30","date_gmt":"2020-12-11T16:59:30","guid":{"rendered":"http:\/\/www.sonmezrealestate.com\/ongoingprojects\/"},"modified":"2025-12-25T14:37:12","modified_gmt":"2025-12-25T11:37:12","slug":"devam-eden-projelerimiz","status":"publish","type":"page","link":"https:\/\/old.sonmezrealestate.com\/tr\/devam-eden-projelerimiz\/","title":{"rendered":"Devam Eden Projelerimiz"},"content":{"rendered":"\t\t<div data-elementor-type=\"wp-page\" data-elementor-id=\"208258\" class=\"elementor elementor-208258 elementor-208257\" data-elementor-post-type=\"page\">\n\t\t\t\t\t\t<section class=\"elementor-section elementor-top-section elementor-element elementor-element-81e34d4 elementor-section-boxed elementor-section-height-default elementor-section-height-default\" data-id=\"81e34d4\" data-element_type=\"section\">\n\t\t\t\t\t\t<div class=\"elementor-container elementor-column-gap-default\">\n\t\t\t\t\t<div class=\"elementor-column elementor-col-100 elementor-top-column elementor-element elementor-element-8ef523b\" data-id=\"8ef523b\" data-element_type=\"column\" data-settings=\"{&quot;background_background&quot;:&quot;slideshow&quot;,&quot;background_slideshow_gallery&quot;:[],&quot;background_slideshow_loop&quot;:&quot;yes&quot;,&quot;background_slideshow_slide_duration&quot;:5000,&quot;background_slideshow_slide_transition&quot;:&quot;fade&quot;,&quot;background_slideshow_transition_duration&quot;:500}\">\n\t\t\t<div class=\"elementor-widget-wrap elementor-element-populated\">\n\t\t\t\t\t\t<div class=\"elementor-element elementor-element-a0fbe85 elementor-widget elementor-widget-heading\" data-id=\"a0fbe85\" data-element_type=\"widget\" data-widget_type=\"heading.default\">\n\t\t\t\t<div class=\"elementor-widget-container\">\n\t\t\t\t\t<h2 class=\"elementor-heading-title elementor-size-default\">Devam Eden Projelerimiz<\/h2>\t\t\t\t<\/div>\n\t\t\t\t<\/div>\n\t\t\t\t\t<\/div>\n\t\t<\/div>\n\t\t\t\t\t<\/div>\n\t\t<\/section>\n\t\t\t\t<section class=\"elementor-section elementor-top-section elementor-element elementor-element-0753397 elementor-section-boxed elementor-section-height-default elementor-section-height-default\" data-id=\"0753397\" data-element_type=\"section\">\n\t\t\t\t\t\t<div class=\"elementor-container elementor-column-gap-default\">\n\t\t\t\t\t<div class=\"elementor-column elementor-col-50 elementor-top-column elementor-element elementor-element-697e7b1\" data-id=\"697e7b1\" data-element_type=\"column\">\n\t\t\t<div class=\"elementor-widget-wrap elementor-element-populated\">\n\t\t\t\t\t\t<div class=\"elementor-element elementor-element-c3455a0 elementor-widget elementor-widget-Houzez_elementor_grid_builder\" data-id=\"c3455a0\" data-element_type=\"widget\" data-widget_type=\"Houzez_elementor_grid_builder.default\">\n\t\t\t\t<div class=\"elementor-widget-container\">\n\t\t\t\t\t\n        <div class=\"grid-item  grid-item-v1\" data-ratio=\"landscape\" style=\"background-image: url(https:\/\/www.sonmezrealestate.com\/wp-content\/uploads\/2024\/02\/NOVITA3.jpg)\">\n            <a class=\"grid-item-link hover-effect-flat\"  href=\"https:\/\/www.sonmezrealestate.com\/tr\/novita-fortune-residence\/\">\n                <div class=\"grid-item-text-wrap d-flex flex-column justify-content-between w-100 h-100\">\n                    <div class=\"d-flex flex-column\">\n                        \n                                                <div class=\"grid-item-title\">Novita Fortune Residence<\/div>\n                                            <\/div>\n                    \n                                        <div class=\"d-flex align-items-center justify-content-between\">\n                        <div class=\"grid-item-text-link\">Detayl\u0131 \u0130ncele<\/div>\n                        <div class=\"grid-item-icon\">\n                            <i class=\"houzez-icon icon-arrow-button-right-2\"><\/i>\n                        <\/div>\n                    <\/div>\n                                    <\/div><!-- taxonomy-text-wrap -->\n            <\/a>\n        <\/div>\n        \n        \t\t\t\t<\/div>\n\t\t\t\t<\/div>\n\t\t\t\t\t<\/div>\n\t\t<\/div>\n\t\t\t\t<div class=\"elementor-column elementor-col-50 elementor-top-column elementor-element elementor-element-a98b993\" data-id=\"a98b993\" data-element_type=\"column\">\n\t\t\t<div class=\"elementor-widget-wrap elementor-element-populated\">\n\t\t\t\t\t\t<div class=\"elementor-element elementor-element-761e369 elementor-widget elementor-widget-Houzez_elementor_grid_builder\" data-id=\"761e369\" data-element_type=\"widget\" data-widget_type=\"Houzez_elementor_grid_builder.default\">\n\t\t\t\t<div class=\"elementor-widget-container\">\n\t\t\t\t\t\n        <div class=\"grid-item  grid-item-v1\" data-ratio=\"landscape\" style=\"background-image: url(https:\/\/www.sonmezrealestate.com\/wp-content\/uploads\/2023\/09\/Novita-Legacy-03-2-scaled.jpg)\">\n            <a class=\"grid-item-link hover-effect-flat\"  href=\"https:\/\/www.sonmezrealestate.com\/tr\/novita-legacy-residence\/\">\n                <div class=\"grid-item-text-wrap d-flex flex-column justify-content-between w-100 h-100\">\n                    <div class=\"d-flex flex-column\">\n                        \n                                                <div class=\"grid-item-title\">Novita Legacy Residence<\/div>\n                                            <\/div>\n                    \n                                        <div class=\"d-flex align-items-center justify-content-between\">\n                        <div class=\"grid-item-text-link\">Detayl\u0131 \u0130ncele<\/div>\n                        <div class=\"grid-item-icon\">\n                            <i class=\"houzez-icon icon-arrow-button-right-2\"><\/i>\n                        <\/div>\n                    <\/div>\n                                    <\/div><!-- taxonomy-text-wrap -->\n            <\/a>\n        <\/div>\n        \n        \t\t\t\t<\/div>\n\t\t\t\t<\/div>\n\t\t\t\t\t<\/div>\n\t\t<\/div>\n\t\t\t\t\t<\/div>\n\t\t<\/section>\n\t\t\t\t<section class=\"elementor-section elementor-top-section elementor-element elementor-element-2947961 elementor-section-boxed elementor-section-height-default elementor-section-height-default\" data-id=\"2947961\" data-element_type=\"section\">\n\t\t\t\t\t\t<div class=\"elementor-container elementor-column-gap-default\">\n\t\t\t\t\t<div class=\"elementor-column elementor-col-50 elementor-top-column elementor-element elementor-element-5fadcd1\" data-id=\"5fadcd1\" data-element_type=\"column\">\n\t\t\t<div class=\"elementor-widget-wrap elementor-element-populated\">\n\t\t\t\t\t\t<div class=\"elementor-element elementor-element-cd9d673 elementor-widget elementor-widget-Houzez_elementor_grid_builder\" data-id=\"cd9d673\" data-element_type=\"widget\" data-widget_type=\"Houzez_elementor_grid_builder.default\">\n\t\t\t\t<div class=\"elementor-widget-container\">\n\t\t\t\t\t\n        <div class=\"grid-item  grid-item-v1\" data-ratio=\"landscape\" style=\"background-image: url(https:\/\/www.sonmezrealestate.com\/wp-content\/uploads\/2022\/04\/Novita-Square-Residence-1-3.jpg)\">\n            <a class=\"grid-item-link hover-effect-flat\"  href=\"https:\/\/www.sonmezrealestate.com\/tr\/novita-square-residence\/\">\n                <div class=\"grid-item-text-wrap d-flex flex-column justify-content-between w-100 h-100\">\n                    <div class=\"d-flex flex-column\">\n                        \n                                                <div class=\"grid-item-title\">Novita Square Residence<\/div>\n                                            <\/div>\n                    \n                                        <div class=\"d-flex align-items-center justify-content-between\">\n                        <div class=\"grid-item-text-link\">Detayl\u0131 \u0130ncele<\/div>\n                        <div class=\"grid-item-icon\">\n                            <i class=\"houzez-icon icon-arrow-button-right-2\"><\/i>\n                        <\/div>\n                    <\/div>\n                                    <\/div><!-- taxonomy-text-wrap -->\n            <\/a>\n        <\/div>\n        \n        \t\t\t\t<\/div>\n\t\t\t\t<\/div>\n\t\t\t\t\t<\/div>\n\t\t<\/div>\n\t\t\t\t<div class=\"elementor-column elementor-col-50 elementor-top-column elementor-element elementor-element-c8f285c\" data-id=\"c8f285c\" data-element_type=\"column\">\n\t\t\t<div class=\"elementor-widget-wrap elementor-element-populated\">\n\t\t\t\t\t\t<div class=\"elementor-element elementor-element-09bc86b elementor-widget elementor-widget-Houzez_elementor_grid_builder\" data-id=\"09bc86b\" data-element_type=\"widget\" data-widget_type=\"Houzez_elementor_grid_builder.default\">\n\t\t\t\t<div class=\"elementor-widget-container\">\n\t\t\t\t\t\n        <div class=\"grid-item  grid-item-v1\" data-ratio=\"landscape\" style=\"background-image: url(https:\/\/www.sonmezrealestate.com\/wp-content\/uploads\/2025\/06\/Novita-City-2-Exterior-Pictures-05.jpg)\">\n            <a class=\"grid-item-link hover-effect-flat\"  href=\"https:\/\/www.sonmezrealestate.com\/tr\/novita-city-2-residence\/\">\n                <div class=\"grid-item-text-wrap d-flex flex-column justify-content-between w-100 h-100\">\n                    <div class=\"d-flex flex-column\">\n                        \n                                                <div class=\"grid-item-title\">Novita City 2 Residence<\/div>\n                                            <\/div>\n                    \n                                        <div class=\"d-flex align-items-center justify-content-between\">\n                        <div class=\"grid-item-text-link\">Detayl\u0131 \u0130ncele<\/div>\n                        <div class=\"grid-item-icon\">\n                            <i class=\"houzez-icon icon-arrow-button-right-2\"><\/i>\n                        <\/div>\n                    <\/div>\n                                    <\/div><!-- taxonomy-text-wrap -->\n            <\/a>\n        <\/div>\n        \n        \t\t\t\t<\/div>\n\t\t\t\t<\/div>\n\t\t\t\t\t<\/div>\n\t\t<\/div>\n\t\t\t\t\t<\/div>\n\t\t<\/section>\n\t\t\t\t<section class=\"elementor-section elementor-top-section elementor-element elementor-element-478dd67 elementor-section-boxed elementor-section-height-default elementor-section-height-default\" data-id=\"478dd67\" data-element_type=\"section\">\n\t\t\t\t\t\t<div class=\"elementor-container elementor-column-gap-default\">\n\t\t\t\t\t<div class=\"elementor-column elementor-col-100 elementor-top-column elementor-element elementor-element-100a273\" data-id=\"100a273\" data-element_type=\"column\">\n\t\t\t<div class=\"elementor-widget-wrap elementor-element-populated\">\n\t\t\t\t\t\t<div class=\"elementor-element elementor-element-70a7780 elementor-widget elementor-widget-Houzez_elementor_grid_builder\" data-id=\"70a7780\" data-element_type=\"widget\" data-widget_type=\"Houzez_elementor_grid_builder.default\">\n\t\t\t\t<div class=\"elementor-widget-container\">\n\t\t\t\t\t\n        <div class=\"grid-item  grid-item-v1\" data-ratio=\"landscape\" style=\"background-image: url(https:\/\/www.sonmezrealestate.com\/wp-content\/uploads\/2024\/01\/EXTERIOR-4.jpg)\">\n            <a class=\"grid-item-link hover-effect-flat\"  href=\"https:\/\/www.sonmezrealestate.com\/tr\/richmond-villas\/\">\n                <div class=\"grid-item-text-wrap d-flex flex-column justify-content-between w-100 h-100\">\n                    <div class=\"d-flex flex-column\">\n                        \n                                                <div class=\"grid-item-title\">Richmond Villas<\/div>\n                                            <\/div>\n                    \n                                        <div class=\"d-flex align-items-center justify-content-between\">\n                        <div class=\"grid-item-text-link\">Detayl\u0131 \u0130ncele<\/div>\n                        <div class=\"grid-item-icon\">\n                            <i class=\"houzez-icon icon-arrow-button-right-2\"><\/i>\n                        <\/div>\n                    <\/div>\n                                    <\/div><!-- taxonomy-text-wrap -->\n            <\/a>\n        <\/div>\n        \n        \t\t\t\t<\/div>\n\t\t\t\t<\/div>\n\t\t\t\t\t<\/div>\n\t\t<\/div>\n\t\t\t\t\t<\/div>\n\t\t<\/section>\n\t\t\t\t<section class=\"elementor-section elementor-top-section elementor-element elementor-element-cbe561b elementor-section-boxed elementor-section-height-default elementor-section-height-default\" data-id=\"cbe561b\" data-element_type=\"section\">\n\t\t\t\t\t\t<div class=\"elementor-container elementor-column-gap-default\">\n\t\t\t\t\t<div class=\"elementor-column elementor-col-100 elementor-top-column elementor-element elementor-element-0ad7746\" data-id=\"0ad7746\" data-element_type=\"column\">\n\t\t\t<div class=\"elementor-widget-wrap elementor-element-populated\">\n\t\t\t\t\t\t<div class=\"elementor-element elementor-element-8837ad6 elementor-widget elementor-widget-spacer\" data-id=\"8837ad6\" data-element_type=\"widget\" data-widget_type=\"spacer.default\">\n\t\t\t\t<div class=\"elementor-widget-container\">\n\t\t\t\t\t\t\t<div class=\"elementor-spacer\">\n\t\t\t<div class=\"elementor-spacer-inner\"><\/div>\n\t\t<\/div>\n\t\t\t\t\t\t<\/div>\n\t\t\t\t<\/div>\n\t\t\t\t\t<\/div>\n\t\t<\/div>\n\t\t\t\t\t<\/div>\n\t\t<\/section>\n\t\t\t\t<\/div>\n\t\t","protected":false},"excerpt":{"rendered":"<p>Devam Eden Projelerimiz Novita Fortune Residence Detayl\u0131 \u0130ncele Novita Legacy Residence Detayl\u0131 \u0130ncele Novita Square Residence Detayl\u0131 \u0130ncele Novita City 2 Residence Detayl\u0131 \u0130ncele Richmond Villas Detayl\u0131 \u0130ncele<\/p>\n","protected":false},"author":1,"featured_media":0,"parent":0,"menu_order":0,"comment_status":"closed","ping_status":"closed","template":"template\/template-homepage.php","meta":{"footnotes":""},"class_list":["post-208258","page","type-page","status-publish","hentry"],"yoast_head":"<!-- This site is optimized with the Yoast SEO plugin v25.3.1 - https:\/\/yoast.com\/wordpress\/plugins\/seo\/ -->\n<title>Devam Eden Projelerimiz - S\u00f6nmez Real Estate &amp; Construction, Alanya, Antalya<\/title>\n<meta name=\"robots\" content=\"index, follow, max-snippet:-1, max-image-preview:large, max-video-preview:-1\" \/>\n<link rel=\"canonical\" href=\"https:\/\/old.sonmezrealestate.com\/tr\/devam-eden-projelerimiz\/\" \/>\n<meta property=\"og:locale\" content=\"tr_TR\" \/>\n<meta property=\"og:type\" content=\"article\" \/>\n<meta property=\"og:title\" content=\"Devam Eden Projelerimiz - S\u00f6nmez Real Estate &amp; Construction, Alanya, Antalya\" \/>\n<meta property=\"og:description\" content=\"Devam Eden Projelerimiz Novita Fortune Residence Detayl\u0131 \u0130ncele Novita Legacy Residence Detayl\u0131 \u0130ncele Novita Square Residence Detayl\u0131 \u0130ncele Novita City 2 Residence Detayl\u0131 \u0130ncele Richmond Villas Detayl\u0131 \u0130ncele\" \/>\n<meta property=\"og:url\" content=\"https:\/\/old.sonmezrealestate.com\/tr\/devam-eden-projelerimiz\/\" \/>\n<meta property=\"og:site_name\" content=\"S\u00f6nmez Real Estate &amp; Construction, Alanya, Antalya\" \/>\n<meta property=\"article:modified_time\" content=\"2025-12-25T11:37:12+00:00\" \/>\n<meta name=\"twitter:card\" content=\"summary_large_image\" \/>\n<meta name=\"twitter:label1\" content=\"Tahmini okuma s\u00fcresi\" \/>\n\t<meta name=\"twitter:data1\" content=\"1 dakika\" \/>\n<script type=\"application\/ld+json\" class=\"yoast-schema-graph\">{\"@context\":\"https:\/\/schema.org\",\"@graph\":[{\"@type\":\"WebPage\",\"@id\":\"https:\/\/old.sonmezrealestate.com\/tr\/devam-eden-projelerimiz\/\",\"url\":\"https:\/\/old.sonmezrealestate.com\/tr\/devam-eden-projelerimiz\/\",\"name\":\"Devam Eden Projelerimiz - S\u00f6nmez Real Estate &amp; Construction, Alanya, Antalya\",\"isPartOf\":{\"@id\":\"\/#website\"},\"datePublished\":\"2020-12-11T16:59:30+00:00\",\"dateModified\":\"2025-12-25T11:37:12+00:00\",\"breadcrumb\":{\"@id\":\"https:\/\/old.sonmezrealestate.com\/tr\/devam-eden-projelerimiz\/#breadcrumb\"},\"inLanguage\":\"tr\",\"potentialAction\":[{\"@type\":\"ReadAction\",\"target\":[\"https:\/\/old.sonmezrealestate.com\/tr\/devam-eden-projelerimiz\/\"]}]},{\"@type\":\"BreadcrumbList\",\"@id\":\"https:\/\/old.sonmezrealestate.com\/tr\/devam-eden-projelerimiz\/#breadcrumb\",\"itemListElement\":[{\"@type\":\"ListItem\",\"position\":1,\"name\":\"Home\",\"item\":\"https:\/\/old.sonmezrealestate.com\/tr\/\"},{\"@type\":\"ListItem\",\"position\":2,\"name\":\"Devam Eden Projelerimiz\"}]},{\"@type\":\"WebSite\",\"@id\":\"\/#website\",\"url\":\"\/\",\"name\":\"S\u00f6nmez Real Estate &amp; Construction, Alanya, Antalya\",\"description\":\"Property in Alanya, Antalya\",\"potentialAction\":[{\"@type\":\"SearchAction\",\"target\":{\"@type\":\"EntryPoint\",\"urlTemplate\":\"\/?s={search_term_string}\"},\"query-input\":{\"@type\":\"PropertyValueSpecification\",\"valueRequired\":true,\"valueName\":\"search_term_string\"}}],\"inLanguage\":\"tr\"}]}<\/script>\n<!-- \/ Yoast SEO plugin. -->","yoast_head_json":{"title":"Devam Eden Projelerimiz - S\u00f6nmez Real Estate &amp; Construction, Alanya, Antalya","robots":{"index":"index","follow":"follow","max-snippet":"max-snippet:-1","max-image-preview":"max-image-preview:large","max-video-preview":"max-video-preview:-1"},"canonical":"https:\/\/old.sonmezrealestate.com\/tr\/devam-eden-projelerimiz\/","og_locale":"tr_TR","og_type":"article","og_title":"Devam Eden Projelerimiz - S\u00f6nmez Real Estate &amp; Construction, Alanya, Antalya","og_description":"Devam Eden Projelerimiz Novita Fortune Residence Detayl\u0131 \u0130ncele Novita Legacy Residence Detayl\u0131 \u0130ncele Novita Square Residence Detayl\u0131 \u0130ncele Novita City 2 Residence Detayl\u0131 \u0130ncele Richmond Villas Detayl\u0131 \u0130ncele","og_url":"https:\/\/old.sonmezrealestate.com\/tr\/devam-eden-projelerimiz\/","og_site_name":"S\u00f6nmez Real Estate &amp; Construction, Alanya, Antalya","article_modified_time":"2025-12-25T11:37:12+00:00","twitter_card":"summary_large_image","twitter_misc":{"Tahmini okuma s\u00fcresi":"1 dakika"},"schema":{"@context":"https:\/\/schema.org","@graph":[{"@type":"WebPage","@id":"https:\/\/old.sonmezrealestate.com\/tr\/devam-eden-projelerimiz\/","url":"https:\/\/old.sonmezrealestate.com\/tr\/devam-eden-projelerimiz\/","name":"Devam Eden Projelerimiz - S\u00f6nmez Real Estate &amp; Construction, Alanya, Antalya","isPartOf":{"@id":"\/#website"},"datePublished":"2020-12-11T16:59:30+00:00","dateModified":"2025-12-25T11:37:12+00:00","breadcrumb":{"@id":"https:\/\/old.sonmezrealestate.com\/tr\/devam-eden-projelerimiz\/#breadcrumb"},"inLanguage":"tr","potentialAction":[{"@type":"ReadAction","target":["https:\/\/old.sonmezrealestate.com\/tr\/devam-eden-projelerimiz\/"]}]},{"@type":"BreadcrumbList","@id":"https:\/\/old.sonmezrealestate.com\/tr\/devam-eden-projelerimiz\/#breadcrumb","itemListElement":[{"@type":"ListItem","position":1,"name":"Home","item":"https:\/\/old.sonmezrealestate.com\/tr\/"},{"@type":"ListItem","position":2,"name":"Devam Eden Projelerimiz"}]},{"@type":"WebSite","@id":"\/#website","url":"\/","name":"S\u00f6nmez Real Estate &amp; Construction, Alanya, Antalya","description":"Property in Alanya, Antalya","potentialAction":[{"@type":"SearchAction","target":{"@type":"EntryPoint","urlTemplate":"\/?s={search_term_string}"},"query-input":{"@type":"PropertyValueSpecification","valueRequired":true,"valueName":"search_term_string"}}],"inLanguage":"tr"}]}},"_links":{"self":[{"href":"https:\/\/old.sonmezrealestate.com\/tr\/wp-json\/wp\/v2\/pages\/208258","targetHints":{"allow":["GET"]}}],"collection":[{"href":"https:\/\/old.sonmezrealestate.com\/tr\/wp-json\/wp\/v2\/pages"}],"about":[{"href":"https:\/\/old.sonmezrealestate.com\/tr\/wp-json\/wp\/v2\/types\/page"}],"author":[{"embeddable":true,"href":"https:\/\/old.sonmezrealestate.com\/tr\/wp-json\/wp\/v2\/users\/1"}],"replies":[{"embeddable":true,"href":"https:\/\/old.sonmezrealestate.com\/tr\/wp-json\/wp\/v2\/comments?post=208258"}],"version-history":[{"count":18,"href":"https:\/\/old.sonmezrealestate.com\/tr\/wp-json\/wp\/v2\/pages\/208258\/revisions"}],"predecessor-version":[{"id":308279,"href":"https:\/\/old.sonmezrealestate.com\/tr\/wp-json\/wp\/v2\/pages\/208258\/revisions\/308279"}],"wp:attachment":[{"href":"https:\/\/old.sonmezrealestate.com\/tr\/wp-json\/wp\/v2\/media?parent=208258"}],"curies":[{"name":"wp","href":"https:\/\/api.w.org\/{rel}","templated":true}]}}