{"id":203000,"date":"2020-12-07T14:14:26","date_gmt":"2020-12-07T11:14:26","guid":{"rendered":"http:\/\/www.sonmezrealestate.com\/work-with-us\/"},"modified":"2024-02-09T00:32:10","modified_gmt":"2024-02-08T21:32:10","slug":"bizimle-calisin","status":"publish","type":"page","link":"https:\/\/old.sonmezrealestate.com\/tr\/bizimle-calisin\/","title":{"rendered":"Bizimle \u00c7al\u0131\u015f\u0131n"},"content":{"rendered":"\t\t<div data-elementor-type=\"wp-page\" data-elementor-id=\"203000\" class=\"elementor elementor-203000 elementor-202714\" data-elementor-post-type=\"page\">\n\t\t\t\t\t\t<section class=\"elementor-section elementor-top-section elementor-element elementor-element-174cf2fd elementor-section-boxed elementor-section-height-default elementor-section-height-default\" data-id=\"174cf2fd\" data-element_type=\"section\">\n\t\t\t\t\t\t<div class=\"elementor-container elementor-column-gap-default\">\n\t\t\t\t\t<div class=\"elementor-column elementor-col-100 elementor-top-column elementor-element elementor-element-629e0ad\" data-id=\"629e0ad\" data-element_type=\"column\">\n\t\t\t<div class=\"elementor-widget-wrap elementor-element-populated\">\n\t\t\t\t\t\t<div class=\"elementor-element elementor-element-2c0e0f85 elementor-widget elementor-widget-text-editor\" data-id=\"2c0e0f85\" data-element_type=\"widget\" data-widget_type=\"text-editor.default\">\n\t\t\t\t<div class=\"elementor-widget-container\">\n\t\t\t\t\t\t\t\t\t<h4 style=\"text-align: center;\"><strong>B\u0130Z\u0130MLE \u00c7ALI\u015eIN<\/strong><\/h4><p style=\"text-align: left;\"><strong>S\u00f6nmez Emlak ve \u0130n\u015faat<\/strong> d\u00fcnyan\u0131n her yerinden m\u00fc\u015fterilerle \u00e7al\u0131\u015fmaktad\u0131r. Ekibimiz farkl\u0131 diller konu\u015fuyor: \u0130ngilizce, T\u00fcrk\u00e7e, Rus\u00e7a ve Frans\u0131zca. Ba\u015far\u0131l\u0131 bir ba\u015flang\u0131\u00e7 ve profesyonel geli\u015fim i\u00e7in t\u00fcm ko\u015fullara sahibiz. Siz de uluslararas\u0131 ailemizin bir par\u00e7as\u0131 olabilirsiniz!<\/p><p style=\"text-align: center;\"><strong>A\u00e7\u0131k pozisyonlar\u0131m\u0131z:<\/strong><\/p><h6 style=\"text-align: left;\"><strong><br \/><\/strong>Sat\u0131\u015f Sorumlusu<\/h6><p>\u0415kip arkada\u015f\u0131 ar\u0131yoruz:<\/p><ul><li>istikrarl\u0131 \u00fccretler;<\/li><li>sat\u0131\u015f ikramiyeleri;<\/li><li>rahat \u00e7al\u0131\u015fma alan\u0131;<\/li><li>\u00fccretsiz \u00f6\u011fle yeme\u011fi ve s\u0131n\u0131rs\u0131z \u00e7ay\/kahve.<\/li><\/ul><p>Sahip olman\u0131z gereken beceriler:<\/p><ul><li>Rus\u00e7a, T\u00fcrk\u00e7e veya \u0130ngilizce okuryazarl\u0131\u011f\u0131;<\/li><li>gayrimenkul deneyimi;<\/li><li>bir tak\u0131mda \u00e7al\u0131\u015fma yetene\u011fi ve isteklili\u011fi.<\/li><\/ul><p>Sahip olman\u0131z gereken nitelikler:<\/p><ul><li>enerji ve sosyallik;<\/li><li>disiplin, sorumluluk ve dakiklik.<\/li><\/ul><h6>MUHASEBEC\u0130<\/h6><p>\u0415kip arkada\u015f\u0131 ar\u0131yoruz:<\/p><ul><li>istikrarl\u0131 \u00fccretler;<\/li><li>rahat \u00e7al\u0131\u015fma alan\u0131;<\/li><li>\u00fccretsiz \u00f6\u011fle yeme\u011fi ve s\u0131n\u0131rs\u0131z \u00e7ay\/kahve.<\/li><\/ul><p>\u00d6zellikler:<\/p><ul><li>uzmanl\u0131k e\u011fitimi;<\/li><li>temel bilgisayar programlar\u0131 ve muhasebe temelleri bilgisi;<\/li><li>\u0130ngilizce veya T\u00fcrk\u00e7e yeterlilik.<\/li><\/ul><p>Benzer bir pozisyonda deneyim bir avantaj olacakt\u0131r, ancak deneyimi olmayan adaylar\u0131 de\u011ferlendirmeye haz\u0131r\u0131z.<\/p><p>G\u00f6r\u00fc\u015fme randevusu almak i\u00e7in a\u015fa\u011f\u0131daki formu doldurman\u0131z veya do\u011frudan +90 (531) 676 89 18, Fatih Kurt ile ileti\u015fime ge\u00e7meniz gerekmektedir.<br \/>\u00d6zge\u00e7mi\u015finizi <a href=\"mailto:fatih@sonmezrealestate.com\">fatih@sonmezrealestate.com<\/a> adresine g\u00f6ndererebilirsiniz.<\/p>\t\t\t\t\t\t\t\t<\/div>\n\t\t\t\t<\/div>\n\t\t\t\t<div class=\"elementor-element elementor-element-86bb26c elementor-button-align-stretch elementor-widget elementor-widget-form\" data-id=\"86bb26c\" data-element_type=\"widget\" data-settings=\"{&quot;step_next_label&quot;:&quot;Next&quot;,&quot;step_previous_label&quot;:&quot;Previous&quot;,&quot;button_width&quot;:&quot;100&quot;,&quot;step_type&quot;:&quot;number_text&quot;,&quot;step_icon_shape&quot;:&quot;circle&quot;}\" data-widget_type=\"form.default\">\n\t\t\t\t<div class=\"elementor-widget-container\">\n\t\t\t\t\t\t\t<form class=\"elementor-form\" method=\"post\" name=\"New Form\">\n\t\t\t<input type=\"hidden\" name=\"post_id\" value=\"203000\"\/>\n\t\t\t<input type=\"hidden\" name=\"form_id\" value=\"86bb26c\"\/>\n\t\t\t<input type=\"hidden\" name=\"referer_title\" value=\"S\u00f6nmez Real Estate &amp; Construction, Alanya, Antalya\" \/>\n\n\t\t\t\n\t\t\t<div class=\"elementor-form-fields-wrapper elementor-labels-above\">\n\t\t\t\t\t\t\t\t<div class=\"elementor-field-type-text elementor-field-group elementor-column elementor-field-group-name elementor-col-33\">\n\t\t\t\t\t\t\t\t\t\t\t\t<label for=\"form-field-name\" class=\"elementor-field-label\">\n\t\t\t\t\t\t\t\tAd Soyad\t\t\t\t\t\t\t<\/label>\n\t\t\t\t\t\t\t\t\t\t\t\t\t\t<input size=\"1\" type=\"text\" name=\"form_fields[name]\" id=\"form-field-name\" class=\"elementor-field elementor-size-sm  elementor-field-textual\" placeholder=\"Ad\u0131n\u0131z Soyad\u0131n\u0131z\">\n\t\t\t\t\t\t\t\t\t\t\t<\/div>\n\t\t\t\t\t\t\t\t<div class=\"elementor-field-type-email elementor-field-group elementor-column elementor-field-group-email elementor-col-33 elementor-field-required\">\n\t\t\t\t\t\t\t\t\t\t\t\t<label for=\"form-field-email\" class=\"elementor-field-label\">\n\t\t\t\t\t\t\t\tEmail\t\t\t\t\t\t\t<\/label>\n\t\t\t\t\t\t\t\t\t\t\t\t\t\t<input size=\"1\" type=\"email\" name=\"form_fields[email]\" id=\"form-field-email\" class=\"elementor-field elementor-size-sm  elementor-field-textual\" placeholder=\"Email\" required=\"required\">\n\t\t\t\t\t\t\t\t\t\t\t<\/div>\n\t\t\t\t\t\t\t\t<div class=\"elementor-field-type-tel elementor-field-group elementor-column elementor-field-group-field_caad0a8 elementor-col-33\">\n\t\t\t\t\t\t\t\t\t\t\t\t<label for=\"form-field-field_caad0a8\" class=\"elementor-field-label\">\n\t\t\t\t\t\t\t\tTelefon Numaras\u0131\t\t\t\t\t\t\t<\/label>\n\t\t\t\t\t\t\t\t<input size=\"1\" type=\"tel\" name=\"form_fields[field_caad0a8]\" id=\"form-field-field_caad0a8\" class=\"elementor-field elementor-size-sm  elementor-field-textual\" placeholder=\"Telefon Numaran\u0131z\" pattern=\"[0-9()#&amp;+*-=.]+\" title=\"Only numbers and phone characters (#, -, *, etc) are accepted.\">\n\n\t\t\t\t\t\t<\/div>\n\t\t\t\t\t\t\t\t<div class=\"elementor-field-type-select elementor-field-group elementor-column elementor-field-group-field_7211ceb elementor-col-50\">\n\t\t\t\t\t\t\t\t\t\t\t\t<label for=\"form-field-field_7211ceb\" class=\"elementor-field-label\">\n\t\t\t\t\t\t\t\tBa\u015fvurmak \u0130stedi\u011finiz Alan\t\t\t\t\t\t\t<\/label>\n\t\t\t\t\t\t\t\t<div class=\"elementor-field elementor-select-wrapper remove-before \">\n\t\t\t<div class=\"select-caret-down-wrapper\">\n\t\t\t\t<i aria-hidden=\"true\" class=\"eicon-caret-down\"><\/i>\t\t\t<\/div>\n\t\t\t<select name=\"form_fields[field_7211ceb]\" id=\"form-field-field_7211ceb\" class=\"elementor-field-textual elementor-size-sm\">\n\t\t\t\t\t\t\t\t\t<option value=\"Sat\u0131\u015f Temsilcisi\">Sat\u0131\u015f Temsilcisi<\/option>\n\t\t\t\t\t\t\t\t\t<option value=\"Portfolyo Sorumlusu\">Portfolyo Sorumlusu<\/option>\n\t\t\t\t\t\t\t\t\t<option value=\"Teknik\">Teknik<\/option>\n\t\t\t\t\t\t\t\t\t<option value=\"\u0130\u015f\u00e7i\">\u0130\u015f\u00e7i<\/option>\n\t\t\t\t\t\t\t\t\t<option value=\"Di\u011fer\">Di\u011fer<\/option>\n\t\t\t\t\t\t\t<\/select>\n\t\t<\/div>\n\t\t\t\t\t\t<\/div>\n\t\t\t\t\t\t\t\t<div class=\"elementor-field-type-upload elementor-field-group elementor-column elementor-field-group-field_83941c7 elementor-col-50 elementor-field-required\">\n\t\t\t\t\t\t\t\t\t\t\t\t<label for=\"form-field-field_83941c7\" class=\"elementor-field-label\">\n\t\t\t\t\t\t\t\tCV'niz\t\t\t\t\t\t\t<\/label>\n\t\t\t\t\t\t\t\t<input type=\"file\" name=\"form_fields[field_83941c7]\" id=\"form-field-field_83941c7\" class=\"elementor-field elementor-size-sm  elementor-upload-field\" required=\"required\">\n\n\t\t\t\t\t\t<\/div>\n\t\t\t\t\t\t\t\t<div class=\"elementor-field-type-textarea elementor-field-group elementor-column elementor-field-group-message elementor-col-100\">\n\t\t\t\t\t\t\t\t\t\t\t\t<label for=\"form-field-message\" class=\"elementor-field-label\">\n\t\t\t\t\t\t\t\tMesaj\t\t\t\t\t\t\t<\/label>\n\t\t\t\t\t\t<textarea class=\"elementor-field-textual elementor-field  elementor-size-sm\" name=\"form_fields[message]\" id=\"form-field-message\" rows=\"4\" placeholder=\"Mesaj\u0131n\u0131z\"><\/textarea>\t\t\t\t<\/div>\n\t\t\t\t\t\t\t\t<div class=\"elementor-field-group elementor-column elementor-field-type-submit elementor-col-100 e-form__buttons\">\n\t\t\t\t\t<button class=\"elementor-button elementor-size-sm\" type=\"submit\">\n\t\t\t\t\t\t<span class=\"elementor-button-content-wrapper\">\n\t\t\t\t\t\t\t\t\t\t\t\t\t\t\t\t\t\t\t\t\t\t<span class=\"elementor-button-text\">G\u00f6nder<\/span>\n\t\t\t\t\t\t\t\t\t\t\t\t\t<\/span>\n\t\t\t\t\t<\/button>\n\t\t\t\t<\/div>\n\t\t\t<\/div>\n\t\t<\/form>\n\t\t\t\t\t\t<\/div>\n\t\t\t\t<\/div>\n\t\t\t\t\t<\/div>\n\t\t<\/div>\n\t\t\t\t\t<\/div>\n\t\t<\/section>\n\t\t\t\t<\/div>\n\t\t","protected":false},"excerpt":{"rendered":"<p>B\u0130Z\u0130MLE \u00c7ALI\u015eIN S\u00f6nmez Emlak ve \u0130n\u015faat d\u00fcnyan\u0131n her yerinden m\u00fc\u015fterilerle \u00e7al\u0131\u015fmaktad\u0131r. Ekibimiz farkl\u0131 diller konu\u015fuyor: \u0130ngilizce, T\u00fcrk\u00e7e, Rus\u00e7a ve Frans\u0131zca. Ba\u015far\u0131l\u0131 bir ba\u015flang\u0131\u00e7 ve profesyonel geli\u015fim i\u00e7in t\u00fcm ko\u015fullara sahibiz. Siz de uluslararas\u0131 ailemizin bir par\u00e7as\u0131 olabilirsiniz! A\u00e7\u0131k pozisyonlar\u0131m\u0131z: Sat\u0131\u015f Sorumlusu \u0415kip arkada\u015f\u0131 ar\u0131yoruz: istikrarl\u0131 \u00fccretler; sat\u0131\u015f ikramiyeleri; rahat \u00e7al\u0131\u015fma alan\u0131; \u00fccretsiz \u00f6\u011fle yeme\u011fi ve [&hellip;]<\/p>\n","protected":false},"author":1,"featured_media":0,"parent":0,"menu_order":0,"comment_status":"closed","ping_status":"closed","template":"template\/template-homepage.php","meta":{"footnotes":""},"class_list":["post-203000","page","type-page","status-publish","hentry"],"yoast_head":"<!-- This site is optimized with the Yoast SEO plugin v25.3.1 - https:\/\/yoast.com\/wordpress\/plugins\/seo\/ -->\n<title>Bizimle \u00c7al\u0131\u015f\u0131n - S\u00f6nmez Real Estate &amp; Construction, Alanya, Antalya<\/title>\n<meta name=\"robots\" content=\"index, follow, max-snippet:-1, max-image-preview:large, max-video-preview:-1\" \/>\n<link rel=\"canonical\" href=\"https:\/\/old.sonmezrealestate.com\/tr\/bizimle-calisin\/\" \/>\n<meta property=\"og:locale\" content=\"tr_TR\" \/>\n<meta property=\"og:type\" content=\"article\" \/>\n<meta property=\"og:title\" content=\"Bizimle \u00c7al\u0131\u015f\u0131n - S\u00f6nmez Real Estate &amp; Construction, Alanya, Antalya\" \/>\n<meta property=\"og:description\" content=\"B\u0130Z\u0130MLE \u00c7ALI\u015eIN S\u00f6nmez Emlak ve \u0130n\u015faat d\u00fcnyan\u0131n her yerinden m\u00fc\u015fterilerle \u00e7al\u0131\u015fmaktad\u0131r. Ekibimiz farkl\u0131 diller konu\u015fuyor: \u0130ngilizce, T\u00fcrk\u00e7e, Rus\u00e7a ve Frans\u0131zca. Ba\u015far\u0131l\u0131 bir ba\u015flang\u0131\u00e7 ve profesyonel geli\u015fim i\u00e7in t\u00fcm ko\u015fullara sahibiz. Siz de uluslararas\u0131 ailemizin bir par\u00e7as\u0131 olabilirsiniz! A\u00e7\u0131k pozisyonlar\u0131m\u0131z: Sat\u0131\u015f Sorumlusu \u0415kip arkada\u015f\u0131 ar\u0131yoruz: istikrarl\u0131 \u00fccretler; sat\u0131\u015f ikramiyeleri; rahat \u00e7al\u0131\u015fma alan\u0131; \u00fccretsiz \u00f6\u011fle yeme\u011fi ve [&hellip;]\" \/>\n<meta property=\"og:url\" content=\"https:\/\/old.sonmezrealestate.com\/tr\/bizimle-calisin\/\" \/>\n<meta property=\"og:site_name\" content=\"S\u00f6nmez Real Estate &amp; Construction, Alanya, Antalya\" \/>\n<meta property=\"article:modified_time\" content=\"2024-02-08T21:32:10+00:00\" \/>\n<meta name=\"twitter:card\" content=\"summary_large_image\" \/>\n<meta name=\"twitter:label1\" content=\"Tahmini okuma s\u00fcresi\" \/>\n\t<meta name=\"twitter:data1\" content=\"1 dakika\" \/>\n<script type=\"application\/ld+json\" class=\"yoast-schema-graph\">{\"@context\":\"https:\/\/schema.org\",\"@graph\":[{\"@type\":\"WebPage\",\"@id\":\"https:\/\/old.sonmezrealestate.com\/tr\/bizimle-calisin\/\",\"url\":\"https:\/\/old.sonmezrealestate.com\/tr\/bizimle-calisin\/\",\"name\":\"Bizimle \u00c7al\u0131\u015f\u0131n - S\u00f6nmez Real Estate &amp; Construction, Alanya, Antalya\",\"isPartOf\":{\"@id\":\"\/#website\"},\"datePublished\":\"2020-12-07T11:14:26+00:00\",\"dateModified\":\"2024-02-08T21:32:10+00:00\",\"breadcrumb\":{\"@id\":\"https:\/\/old.sonmezrealestate.com\/tr\/bizimle-calisin\/#breadcrumb\"},\"inLanguage\":\"tr\",\"potentialAction\":[{\"@type\":\"ReadAction\",\"target\":[\"https:\/\/old.sonmezrealestate.com\/tr\/bizimle-calisin\/\"]}]},{\"@type\":\"BreadcrumbList\",\"@id\":\"https:\/\/old.sonmezrealestate.com\/tr\/bizimle-calisin\/#breadcrumb\",\"itemListElement\":[{\"@type\":\"ListItem\",\"position\":1,\"name\":\"Home\",\"item\":\"https:\/\/old.sonmezrealestate.com\/tr\/\"},{\"@type\":\"ListItem\",\"position\":2,\"name\":\"Bizimle \u00c7al\u0131\u015f\u0131n\"}]},{\"@type\":\"WebSite\",\"@id\":\"\/#website\",\"url\":\"\/\",\"name\":\"S\u00f6nmez Real Estate &amp; Construction, Alanya, Antalya\",\"description\":\"Property in Alanya, Antalya\",\"potentialAction\":[{\"@type\":\"SearchAction\",\"target\":{\"@type\":\"EntryPoint\",\"urlTemplate\":\"\/?s={search_term_string}\"},\"query-input\":{\"@type\":\"PropertyValueSpecification\",\"valueRequired\":true,\"valueName\":\"search_term_string\"}}],\"inLanguage\":\"tr\"}]}<\/script>\n<!-- \/ Yoast SEO plugin. -->","yoast_head_json":{"title":"Bizimle \u00c7al\u0131\u015f\u0131n - S\u00f6nmez Real Estate &amp; Construction, Alanya, Antalya","robots":{"index":"index","follow":"follow","max-snippet":"max-snippet:-1","max-image-preview":"max-image-preview:large","max-video-preview":"max-video-preview:-1"},"canonical":"https:\/\/old.sonmezrealestate.com\/tr\/bizimle-calisin\/","og_locale":"tr_TR","og_type":"article","og_title":"Bizimle \u00c7al\u0131\u015f\u0131n - S\u00f6nmez Real Estate &amp; Construction, Alanya, Antalya","og_description":"B\u0130Z\u0130MLE \u00c7ALI\u015eIN S\u00f6nmez Emlak ve \u0130n\u015faat d\u00fcnyan\u0131n her yerinden m\u00fc\u015fterilerle \u00e7al\u0131\u015fmaktad\u0131r. Ekibimiz farkl\u0131 diller konu\u015fuyor: \u0130ngilizce, T\u00fcrk\u00e7e, Rus\u00e7a ve Frans\u0131zca. Ba\u015far\u0131l\u0131 bir ba\u015flang\u0131\u00e7 ve profesyonel geli\u015fim i\u00e7in t\u00fcm ko\u015fullara sahibiz. Siz de uluslararas\u0131 ailemizin bir par\u00e7as\u0131 olabilirsiniz! A\u00e7\u0131k pozisyonlar\u0131m\u0131z: Sat\u0131\u015f Sorumlusu \u0415kip arkada\u015f\u0131 ar\u0131yoruz: istikrarl\u0131 \u00fccretler; sat\u0131\u015f ikramiyeleri; rahat \u00e7al\u0131\u015fma alan\u0131; \u00fccretsiz \u00f6\u011fle yeme\u011fi ve [&hellip;]","og_url":"https:\/\/old.sonmezrealestate.com\/tr\/bizimle-calisin\/","og_site_name":"S\u00f6nmez Real Estate &amp; Construction, Alanya, Antalya","article_modified_time":"2024-02-08T21:32:10+00:00","twitter_card":"summary_large_image","twitter_misc":{"Tahmini okuma s\u00fcresi":"1 dakika"},"schema":{"@context":"https:\/\/schema.org","@graph":[{"@type":"WebPage","@id":"https:\/\/old.sonmezrealestate.com\/tr\/bizimle-calisin\/","url":"https:\/\/old.sonmezrealestate.com\/tr\/bizimle-calisin\/","name":"Bizimle \u00c7al\u0131\u015f\u0131n - S\u00f6nmez Real Estate &amp; Construction, Alanya, Antalya","isPartOf":{"@id":"\/#website"},"datePublished":"2020-12-07T11:14:26+00:00","dateModified":"2024-02-08T21:32:10+00:00","breadcrumb":{"@id":"https:\/\/old.sonmezrealestate.com\/tr\/bizimle-calisin\/#breadcrumb"},"inLanguage":"tr","potentialAction":[{"@type":"ReadAction","target":["https:\/\/old.sonmezrealestate.com\/tr\/bizimle-calisin\/"]}]},{"@type":"BreadcrumbList","@id":"https:\/\/old.sonmezrealestate.com\/tr\/bizimle-calisin\/#breadcrumb","itemListElement":[{"@type":"ListItem","position":1,"name":"Home","item":"https:\/\/old.sonmezrealestate.com\/tr\/"},{"@type":"ListItem","position":2,"name":"Bizimle \u00c7al\u0131\u015f\u0131n"}]},{"@type":"WebSite","@id":"\/#website","url":"\/","name":"S\u00f6nmez Real Estate &amp; Construction, Alanya, Antalya","description":"Property in Alanya, Antalya","potentialAction":[{"@type":"SearchAction","target":{"@type":"EntryPoint","urlTemplate":"\/?s={search_term_string}"},"query-input":{"@type":"PropertyValueSpecification","valueRequired":true,"valueName":"search_term_string"}}],"inLanguage":"tr"}]}},"_links":{"self":[{"href":"https:\/\/old.sonmezrealestate.com\/tr\/wp-json\/wp\/v2\/pages\/203000","targetHints":{"allow":["GET"]}}],"collection":[{"href":"https:\/\/old.sonmezrealestate.com\/tr\/wp-json\/wp\/v2\/pages"}],"about":[{"href":"https:\/\/old.sonmezrealestate.com\/tr\/wp-json\/wp\/v2\/types\/page"}],"author":[{"embeddable":true,"href":"https:\/\/old.sonmezrealestate.com\/tr\/wp-json\/wp\/v2\/users\/1"}],"replies":[{"embeddable":true,"href":"https:\/\/old.sonmezrealestate.com\/tr\/wp-json\/wp\/v2\/comments?post=203000"}],"version-history":[{"count":0,"href":"https:\/\/old.sonmezrealestate.com\/tr\/wp-json\/wp\/v2\/pages\/203000\/revisions"}],"wp:attachment":[{"href":"https:\/\/old.sonmezrealestate.com\/tr\/wp-json\/wp\/v2\/media?parent=203000"}],"curies":[{"name":"wp","href":"https:\/\/api.w.org\/{rel}","templated":true}]}}