{"id":202992,"date":"2020-03-02T10:27:05","date_gmt":"2020-03-02T10:27:05","guid":{"rendered":"http:\/\/www.sonmezrealestate.com\/contact\/"},"modified":"2023-07-14T13:02:20","modified_gmt":"2023-07-14T10:02:20","slug":"iletisim","status":"publish","type":"page","link":"https:\/\/old.sonmezrealestate.com\/tr\/iletisim\/","title":{"rendered":"\u0130leti\u015fim"},"content":{"rendered":"\t\t<div data-elementor-type=\"wp-page\" data-elementor-id=\"202992\" class=\"elementor elementor-202992 elementor-17810\" data-elementor-post-type=\"page\">\n\t\t\t\t\t\t<section class=\"elementor-section elementor-top-section elementor-element elementor-element-7c709d6 animated-slow elementor-section-full_width elementor-section-height-default elementor-section-height-default elementor-invisible\" data-id=\"7c709d6\" data-element_type=\"section\" data-settings=\"{&quot;animation&quot;:&quot;fadeIn&quot;}\">\n\t\t\t\t\t\t<div class=\"elementor-container elementor-column-gap-default\">\n\t\t\t\t\t<div class=\"elementor-column elementor-col-100 elementor-top-column elementor-element elementor-element-6a68845\" data-id=\"6a68845\" data-element_type=\"column\">\n\t\t\t<div class=\"elementor-widget-wrap elementor-element-populated\">\n\t\t\t\t\t\t<div class=\"elementor-element elementor-element-6550704 elementor-widget elementor-widget-google_maps\" data-id=\"6550704\" data-element_type=\"widget\" data-widget_type=\"google_maps.default\">\n\t\t\t\t<div class=\"elementor-widget-container\">\n\t\t\t\t\t\t\t<div class=\"elementor-custom-embed\">\n\t\t\t<iframe loading=\"lazy\"\n\t\t\t\t\tsrc=\"https:\/\/maps.google.com\/maps?q=Mahmutlar%2C%20S%C3%B6nmez%20Real%20Estate%20%26%20Construction%2C%20Barbaros%20Caddesi%2C%20Alanya%2FAntalya&#038;t=m&#038;z=15&#038;output=embed&#038;iwloc=near\"\n\t\t\t\t\ttitle=\"Mahmutlar, S\u00f6nmez Real Estate &amp; Construction, Barbaros Caddesi, Alanya\/Antalya\"\n\t\t\t\t\taria-label=\"Mahmutlar, S\u00f6nmez Real Estate &amp; Construction, Barbaros Caddesi, Alanya\/Antalya\"\n\t\t\t><\/iframe>\n\t\t<\/div>\n\t\t\t\t\t\t<\/div>\n\t\t\t\t<\/div>\n\t\t\t\t\t<\/div>\n\t\t<\/div>\n\t\t\t\t\t<\/div>\n\t\t<\/section>\n\t\t\t\t<section class=\"elementor-section elementor-top-section elementor-element elementor-element-d0b02e7 elementor-section-content-top animated-slow elementor-section-boxed elementor-section-height-default elementor-section-height-default elementor-invisible\" data-id=\"d0b02e7\" data-element_type=\"section\" data-settings=\"{&quot;animation&quot;:&quot;fadeIn&quot;}\">\n\t\t\t\t\t\t<div class=\"elementor-container elementor-column-gap-default\">\n\t\t\t\t\t<div class=\"elementor-column elementor-col-100 elementor-top-column elementor-element elementor-element-3139327\" data-id=\"3139327\" data-element_type=\"column\" data-settings=\"{&quot;background_background&quot;:&quot;classic&quot;}\">\n\t\t\t<div class=\"elementor-widget-wrap elementor-element-populated\">\n\t\t\t\t\t\t<section class=\"elementor-section elementor-inner-section elementor-element elementor-element-151869a elementor-section-boxed elementor-section-height-default elementor-section-height-default\" data-id=\"151869a\" data-element_type=\"section\">\n\t\t\t\t\t\t<div class=\"elementor-container elementor-column-gap-default\">\n\t\t\t\t\t<div class=\"elementor-column elementor-col-50 elementor-inner-column elementor-element elementor-element-10d9019\" data-id=\"10d9019\" data-element_type=\"column\" data-settings=\"{&quot;background_background&quot;:&quot;classic&quot;}\">\n\t\t\t<div class=\"elementor-widget-wrap elementor-element-populated\">\n\t\t\t\t\t\t<div class=\"elementor-element elementor-element-78193bd elementor-widget elementor-widget-image\" data-id=\"78193bd\" data-element_type=\"widget\" data-widget_type=\"image.default\">\n\t\t\t\t<div class=\"elementor-widget-container\">\n\t\t\t\t\t\t\t\t\t\t\t\t\t\t\t<img decoding=\"async\" src=\"https:\/\/www.sonmezrealestate.com\/schome\/wp-content\/uploads\/2020\/12\/sonmez.jpg\" title=\"\" alt=\"\" loading=\"lazy\" \/>\t\t\t\t\t\t\t\t\t\t\t\t\t\t\t<\/div>\n\t\t\t\t<\/div>\n\t\t\t\t\t<\/div>\n\t\t<\/div>\n\t\t\t\t<div class=\"elementor-column elementor-col-50 elementor-inner-column elementor-element elementor-element-cb6dde3\" data-id=\"cb6dde3\" data-element_type=\"column\" data-settings=\"{&quot;background_background&quot;:&quot;classic&quot;}\">\n\t\t\t<div class=\"elementor-widget-wrap elementor-element-populated\">\n\t\t\t\t\t\t<div class=\"elementor-element elementor-element-23057bd elementor-widget elementor-widget-text-editor\" data-id=\"23057bd\" data-element_type=\"widget\" data-widget_type=\"text-editor.default\">\n\t\t\t\t<div class=\"elementor-widget-container\">\n\t\t\t\t\t\t\t\t\t<h4 class=\"padding-top\" style=\"text-align: center;\">S\u00f6nmez Emlak &amp; \u0130n\u015faat<\/h4><p style=\"text-align: center;\">Mahmutlar Mahallesi, <br \/>Barbaros Caddesi N\u00b0102\/A,<br \/>07450 Alanya, Antalya \u2014 T\u00fcrkiye <br \/><a href=\"https:\/\/www.google.com\/maps\/place\/Novita+Residence\/@36.4856822,32.0980916,19.17z\/data=!4m6!3m5!1s0x14dc9a09ae78ee51:0xba583e11086ce241!8m2!3d36.485514!4d32.0984276!16s%2Fg%2F11hyspz9xx?entry=ttu\">Google Harita&#8217;da G\u00f6r\u00fcnt\u00fcle<\/a><\/p>\t\t\t\t\t\t\t\t<\/div>\n\t\t\t\t<\/div>\n\t\t\t\t<div class=\"elementor-element elementor-element-57f5f61 elementor-align-center elementor-icon-list--layout-traditional elementor-list-item-link-full_width elementor-widget elementor-widget-icon-list\" data-id=\"57f5f61\" data-element_type=\"widget\" data-widget_type=\"icon-list.default\">\n\t\t\t\t<div class=\"elementor-widget-container\">\n\t\t\t\t\t\t\t<ul class=\"elementor-icon-list-items\">\n\t\t\t\t\t\t\t<li class=\"elementor-icon-list-item\">\n\t\t\t\t\t\t\t\t\t\t\t<a href=\"mailto:info@sonmezrealestate.com\">\n\n\t\t\t\t\t\t\t\t\t\t\t\t<span class=\"elementor-icon-list-icon\">\n\t\t\t\t\t\t\t<i aria-hidden=\"true\" class=\"fas fa-mail-bulk\"><\/i>\t\t\t\t\t\t<\/span>\n\t\t\t\t\t\t\t\t\t\t<span class=\"elementor-icon-list-text\">info@sonmezrealestate.com<\/span>\n\t\t\t\t\t\t\t\t\t\t\t<\/a>\n\t\t\t\t\t\t\t\t\t<\/li>\n\t\t\t\t\t\t\t\t<li class=\"elementor-icon-list-item\">\n\t\t\t\t\t\t\t\t\t\t\t<a href=\"tel:+902425284404\">\n\n\t\t\t\t\t\t\t\t\t\t\t\t<span class=\"elementor-icon-list-icon\">\n\t\t\t\t\t\t\t<i aria-hidden=\"true\" class=\"fas fa-phone-alt\"><\/i>\t\t\t\t\t\t<\/span>\n\t\t\t\t\t\t\t\t\t\t<span class=\"elementor-icon-list-text\">+90 242 528 44 04<\/span>\n\t\t\t\t\t\t\t\t\t\t\t<\/a>\n\t\t\t\t\t\t\t\t\t<\/li>\n\t\t\t\t\t\t\t\t<li class=\"elementor-icon-list-item\">\n\t\t\t\t\t\t\t\t\t\t\t<a href=\"https:\/\/wa.me\/905316768918\">\n\n\t\t\t\t\t\t\t\t\t\t\t\t<span class=\"elementor-icon-list-icon\">\n\t\t\t\t\t\t\t<i aria-hidden=\"true\" class=\"fab fa-whatsapp\"><\/i>\t\t\t\t\t\t<\/span>\n\t\t\t\t\t\t\t\t\t\t<span class=\"elementor-icon-list-text\">+90 531 676 89 18<\/span>\n\t\t\t\t\t\t\t\t\t\t\t<\/a>\n\t\t\t\t\t\t\t\t\t<\/li>\n\t\t\t\t\t\t<\/ul>\n\t\t\t\t\t\t<\/div>\n\t\t\t\t<\/div>\n\t\t\t\t<div class=\"elementor-element elementor-element-0b2a1b4 elementor-shape-rounded elementor-grid-0 e-grid-align-center elementor-widget elementor-widget-social-icons\" data-id=\"0b2a1b4\" data-element_type=\"widget\" data-widget_type=\"social-icons.default\">\n\t\t\t\t<div class=\"elementor-widget-container\">\n\t\t\t\t\t\t\t<div class=\"elementor-social-icons-wrapper elementor-grid\" role=\"list\">\n\t\t\t\t\t\t\t<span class=\"elementor-grid-item\" role=\"listitem\">\n\t\t\t\t\t<a class=\"elementor-icon elementor-social-icon elementor-social-icon-facebook elementor-animation-bob elementor-repeater-item-4d4e750\" href=\"https:\/\/www.facebook.com\/sonmezemlakinsaat.tr\/\" target=\"_blank\">\n\t\t\t\t\t\t<span class=\"elementor-screen-only\">Facebook<\/span>\n\t\t\t\t\t\t<i class=\"fab fa-facebook\"><\/i>\t\t\t\t\t<\/a>\n\t\t\t\t<\/span>\n\t\t\t\t\t\t\t<span class=\"elementor-grid-item\" role=\"listitem\">\n\t\t\t\t\t<a class=\"elementor-icon elementor-social-icon elementor-social-icon-youtube elementor-animation-bob elementor-repeater-item-4483b35\" href=\"#\" target=\"_blank\">\n\t\t\t\t\t\t<span class=\"elementor-screen-only\">Youtube<\/span>\n\t\t\t\t\t\t<i class=\"fab fa-youtube\"><\/i>\t\t\t\t\t<\/a>\n\t\t\t\t<\/span>\n\t\t\t\t\t\t\t<span class=\"elementor-grid-item\" role=\"listitem\">\n\t\t\t\t\t<a class=\"elementor-icon elementor-social-icon elementor-social-icon-instagram elementor-animation-bob elementor-repeater-item-9e48d2c\" href=\"https:\/\/instagram.com\/sonmez.realestate\" target=\"_blank\">\n\t\t\t\t\t\t<span class=\"elementor-screen-only\">Instagram<\/span>\n\t\t\t\t\t\t<i class=\"fab fa-instagram\"><\/i>\t\t\t\t\t<\/a>\n\t\t\t\t<\/span>\n\t\t\t\t\t\t\t<span class=\"elementor-grid-item\" role=\"listitem\">\n\t\t\t\t\t<a class=\"elementor-icon elementor-social-icon elementor-social-icon-vk elementor-animation-bob elementor-repeater-item-0a0fa8f\" href=\"https:\/\/vk.com\/sonmezemlak\" target=\"_blank\">\n\t\t\t\t\t\t<span class=\"elementor-screen-only\">Vk<\/span>\n\t\t\t\t\t\t<i class=\"fab fa-vk\"><\/i>\t\t\t\t\t<\/a>\n\t\t\t\t<\/span>\n\t\t\t\t\t<\/div>\n\t\t\t\t\t\t<\/div>\n\t\t\t\t<\/div>\n\t\t\t\t\t<\/div>\n\t\t<\/div>\n\t\t\t\t\t<\/div>\n\t\t<\/section>\n\t\t\t\t<div class=\"elementor-element elementor-element-8ff1404 elementor-widget elementor-widget-text-editor\" data-id=\"8ff1404\" data-element_type=\"widget\" data-widget_type=\"text-editor.default\">\n\t\t\t\t<div class=\"elementor-widget-container\">\n\t\t\t\t\t\t\t\t\t<h4 style=\"text-align: center;\">Bizimle \u0130leti\u015fime ge\u00e7in<\/h4>\t\t\t\t\t\t\t\t<\/div>\n\t\t\t\t<\/div>\n\t\t\t\t<div class=\"elementor-element elementor-element-f4a5b85 elementor-button-align-stretch elementor-widget elementor-widget-houzez_elementor_contact_form\" data-id=\"f4a5b85\" data-element_type=\"widget\" data-widget_type=\"houzez_elementor_contact_form.default\">\n\t\t\t\t<div class=\"elementor-widget-container\">\n\t\t\t\t\t\n        <script type=\"application\/javascript\">\n            jQuery(document).bind(\"ready\", function () {\n                houzezValidateElementor(\"#houzez-form-f4a5b85\" );\n            });\n        <\/script>\n\n        <form class=\"elementor-form houzez-ele-form-js\" id=\"houzez-form-f4a5b85\" method=\"post\" name=\"New Form\" action=\"https:\/\/old.sonmezrealestate.com\/wp-admin\/admin-ajax.php\">\n            <input type=\"hidden\" name=\"form_id\" value=\"f4a5b85\"\/>\n            <input type=\"hidden\" name=\"houzez_contact_form\" value=\"yes\"\/>\n            <input type=\"hidden\" name=\"action\" value=\"houzez_ele_contact_form\" \/>\n            <input type=\"hidden\" name=\"source_link\" value=\"https:\/\/old.sonmezrealestate.com\/tr\/iletisim\/\" \/>\n            <input type=\"hidden\" name=\"lead_page_id\" value=\"202992\" \/>\n            <input type=\"hidden\" name=\"webhook\" value=\"false\" \/>\n            <input type=\"hidden\" name=\"webhook_url\" value=\"\" \/>\n            <input type=\"hidden\" name=\"redirect_to\" value=\"\" \/>\n            <input type=\"hidden\" name=\"google_recaptcha\" value=\"yes\" \/>\n            \n\n            <div class=\"elementor-form-fields-wrapper elementor-labels-above\">\n\n                                    <div class=\"elementor-field-group elementor-column form-group elementor-field-group-name elementor-col-33 elementor-field-required elementor-mark-required\">\n                    <label for=\"form-field-name\" class=\"form-label elementor-field-label\">Ad<\/label><input type=\"text\" name=\"first_name\" id=\"form-field-name\" class=\"elementor-field form-control elementor-size-sm elementor-field-textual\" placeholder=\"Ad\" title=\"* Ad\" required=\"required\">                    <\/div>\n\n                                        <div class=\"elementor-field-group elementor-column form-group elementor-field-group-bf18955 elementor-col-33 elementor-field-required elementor-mark-required\">\n                    <label for=\"form-field-bf18955\" class=\"form-label elementor-field-label\">Soyad<\/label><input type=\"text\" name=\"last_name\" id=\"form-field-bf18955\" class=\"elementor-field form-control elementor-size-sm elementor-field-textual\" placeholder=\"Soyad\" title=\"* Soyad\" required=\"required\">                    <\/div>\n\n                                        <div class=\"elementor-field-group elementor-column form-group elementor-field-group-email elementor-col-33 elementor-field-required elementor-mark-required\">\n                    <label for=\"form-field-email\" class=\"form-label elementor-field-label\">Email<\/label><input type=\"email\" name=\"email\" id=\"form-field-email\" class=\"elementor-field form-control elementor-size-sm elementor-field-textual\" placeholder=\"Email\" title=\"* Email\" required=\"required\">                    <\/div>\n\n                                        <div class=\"elementor-field-group elementor-column form-group elementor-field-group-message elementor-col-100 elementor-field-required elementor-mark-required\">\n                    <label for=\"form-field-message\" class=\"form-label elementor-field-label\">Mesaj\u0131n\u0131z<\/label><textarea class=\"elementor-field-textual elementor-field elementor-size-sm\" name=\"message\" id=\"form-field-message\" rows=\"4\" placeholder=\"Mesaj\u0131n\u0131z\u0131 yaz\u0131n\u0131z\" required=\"required\" title=\"* Mesaj\u0131n\u0131z\"><\/textarea>                    <\/div>\n\n                    \n                    \n                                        <div class=\"elementor-field-group \">\n                        <div class=\"form-group captcha_wrapper houzez-grecaptcha-v2\">\n    <div class=\"houzez_google_reCaptcha\"><\/div>\n<\/div>\n                    <\/div>\n                    \n                    <div class=\"elementor-field-group elementor-column elementor-field-type-submit elementor-col-100\">\n                    <button type=\"submit\" class=\"houzez-submit-button houzez-contact-form-js elementor-button elementor-size-sm\">\n                        <i class=\"houzez-loader-js houzez-hidden spinner-border spinner-border-sm\"><\/i>\n                                                    G\u00f6nder                                            <\/button>\n                <\/div>\n            <\/div><!-- End wrapper-->\n            <br\/>\n            <div class=\"ele-form-messages\"><\/div>\n            <div class=\"error-container\"><\/div>\n\n        <\/form>\n\n    \t\t\t\t<\/div>\n\t\t\t\t<\/div>\n\t\t\t\t\t<\/div>\n\t\t<\/div>\n\t\t\t\t\t<\/div>\n\t\t<\/section>\n\t\t\t\t<section class=\"elementor-section elementor-top-section elementor-element elementor-element-d22d1cd elementor-section-boxed elementor-section-height-default elementor-section-height-default\" data-id=\"d22d1cd\" data-element_type=\"section\">\n\t\t\t\t\t\t<div class=\"elementor-container elementor-column-gap-default\">\n\t\t\t\t\t<div class=\"elementor-column elementor-col-100 elementor-top-column elementor-element elementor-element-0409859\" data-id=\"0409859\" data-element_type=\"column\">\n\t\t\t<div class=\"elementor-widget-wrap elementor-element-populated\">\n\t\t\t\t\t\t<div class=\"elementor-element elementor-element-d25b4b9 elementor-widget elementor-widget-spacer\" data-id=\"d25b4b9\" data-element_type=\"widget\" data-widget_type=\"spacer.default\">\n\t\t\t\t<div class=\"elementor-widget-container\">\n\t\t\t\t\t\t\t<div class=\"elementor-spacer\">\n\t\t\t<div class=\"elementor-spacer-inner\"><\/div>\n\t\t<\/div>\n\t\t\t\t\t\t<\/div>\n\t\t\t\t<\/div>\n\t\t\t\t\t<\/div>\n\t\t<\/div>\n\t\t\t\t\t<\/div>\n\t\t<\/section>\n\t\t\t\t<\/div>\n\t\t","protected":false},"excerpt":{"rendered":"<p>S\u00f6nmez Emlak &amp; \u0130n\u015faat Mahmutlar Mahallesi, Barbaros Caddesi N\u00b0102\/A,07450 Alanya, Antalya \u2014 T\u00fcrkiye Google Harita&#8217;da G\u00f6r\u00fcnt\u00fcle info@sonmezrealestate.com +90 242 528 44 04 +90 531 676 89 18 Facebook Youtube Instagram Vk Bizimle \u0130leti\u015fime ge\u00e7in Ad Soyad Email Mesaj\u0131n\u0131z G\u00f6nder<\/p>\n","protected":false},"author":1,"featured_media":0,"parent":0,"menu_order":0,"comment_status":"closed","ping_status":"closed","template":"template\/template-homepage.php","meta":{"footnotes":""},"class_list":["post-202992","page","type-page","status-publish","hentry"],"yoast_head":"<!-- This site is optimized with the Yoast SEO plugin v25.3.1 - https:\/\/yoast.com\/wordpress\/plugins\/seo\/ -->\n<title>\u0130leti\u015fim - S\u00f6nmez Real Estate &amp; Construction, Alanya, Antalya<\/title>\n<meta name=\"robots\" content=\"index, follow, max-snippet:-1, max-image-preview:large, max-video-preview:-1\" \/>\n<link rel=\"canonical\" href=\"https:\/\/old.sonmezrealestate.com\/tr\/iletisim\/\" \/>\n<meta property=\"og:locale\" content=\"tr_TR\" \/>\n<meta property=\"og:type\" content=\"article\" \/>\n<meta property=\"og:title\" content=\"\u0130leti\u015fim - S\u00f6nmez Real Estate &amp; Construction, Alanya, Antalya\" \/>\n<meta property=\"og:description\" content=\"S\u00f6nmez Emlak &amp; \u0130n\u015faat Mahmutlar Mahallesi, Barbaros Caddesi N\u00b0102\/A,07450 Alanya, Antalya \u2014 T\u00fcrkiye Google Harita&#8217;da G\u00f6r\u00fcnt\u00fcle info@sonmezrealestate.com +90 242 528 44 04 +90 531 676 89 18 Facebook Youtube Instagram Vk Bizimle \u0130leti\u015fime ge\u00e7in Ad Soyad Email Mesaj\u0131n\u0131z G\u00f6nder\" \/>\n<meta property=\"og:url\" content=\"https:\/\/old.sonmezrealestate.com\/tr\/iletisim\/\" \/>\n<meta property=\"og:site_name\" content=\"S\u00f6nmez Real Estate &amp; Construction, Alanya, Antalya\" \/>\n<meta property=\"article:modified_time\" content=\"2023-07-14T10:02:20+00:00\" \/>\n<meta property=\"og:image\" content=\"https:\/\/www.sonmezrealestate.com\/schome\/wp-content\/uploads\/2020\/12\/sonmez.jpg\" \/>\n<meta name=\"twitter:card\" content=\"summary_large_image\" \/>\n<meta name=\"twitter:label1\" content=\"Tahmini okuma s\u00fcresi\" \/>\n\t<meta name=\"twitter:data1\" content=\"1 dakika\" \/>\n<script type=\"application\/ld+json\" class=\"yoast-schema-graph\">{\"@context\":\"https:\/\/schema.org\",\"@graph\":[{\"@type\":\"WebPage\",\"@id\":\"https:\/\/old.sonmezrealestate.com\/tr\/iletisim\/\",\"url\":\"https:\/\/old.sonmezrealestate.com\/tr\/iletisim\/\",\"name\":\"\u0130leti\u015fim - S\u00f6nmez Real Estate &amp; Construction, Alanya, Antalya\",\"isPartOf\":{\"@id\":\"\/#website\"},\"primaryImageOfPage\":{\"@id\":\"https:\/\/old.sonmezrealestate.com\/tr\/iletisim\/#primaryimage\"},\"image\":{\"@id\":\"https:\/\/old.sonmezrealestate.com\/tr\/iletisim\/#primaryimage\"},\"thumbnailUrl\":\"https:\/\/www.sonmezrealestate.com\/schome\/wp-content\/uploads\/2020\/12\/sonmez.jpg\",\"datePublished\":\"2020-03-02T10:27:05+00:00\",\"dateModified\":\"2023-07-14T10:02:20+00:00\",\"breadcrumb\":{\"@id\":\"https:\/\/old.sonmezrealestate.com\/tr\/iletisim\/#breadcrumb\"},\"inLanguage\":\"tr\",\"potentialAction\":[{\"@type\":\"ReadAction\",\"target\":[\"https:\/\/old.sonmezrealestate.com\/tr\/iletisim\/\"]}]},{\"@type\":\"ImageObject\",\"inLanguage\":\"tr\",\"@id\":\"https:\/\/old.sonmezrealestate.com\/tr\/iletisim\/#primaryimage\",\"url\":\"https:\/\/www.sonmezrealestate.com\/schome\/wp-content\/uploads\/2020\/12\/sonmez.jpg\",\"contentUrl\":\"https:\/\/www.sonmezrealestate.com\/schome\/wp-content\/uploads\/2020\/12\/sonmez.jpg\"},{\"@type\":\"BreadcrumbList\",\"@id\":\"https:\/\/old.sonmezrealestate.com\/tr\/iletisim\/#breadcrumb\",\"itemListElement\":[{\"@type\":\"ListItem\",\"position\":1,\"name\":\"Home\",\"item\":\"https:\/\/old.sonmezrealestate.com\/tr\/\"},{\"@type\":\"ListItem\",\"position\":2,\"name\":\"\u0130leti\u015fim\"}]},{\"@type\":\"WebSite\",\"@id\":\"\/#website\",\"url\":\"\/\",\"name\":\"S\u00f6nmez Real Estate &amp; Construction, Alanya, Antalya\",\"description\":\"Property in Alanya, Antalya\",\"potentialAction\":[{\"@type\":\"SearchAction\",\"target\":{\"@type\":\"EntryPoint\",\"urlTemplate\":\"\/?s={search_term_string}\"},\"query-input\":{\"@type\":\"PropertyValueSpecification\",\"valueRequired\":true,\"valueName\":\"search_term_string\"}}],\"inLanguage\":\"tr\"}]}<\/script>\n<!-- \/ Yoast SEO plugin. -->","yoast_head_json":{"title":"\u0130leti\u015fim - S\u00f6nmez Real Estate &amp; Construction, Alanya, Antalya","robots":{"index":"index","follow":"follow","max-snippet":"max-snippet:-1","max-image-preview":"max-image-preview:large","max-video-preview":"max-video-preview:-1"},"canonical":"https:\/\/old.sonmezrealestate.com\/tr\/iletisim\/","og_locale":"tr_TR","og_type":"article","og_title":"\u0130leti\u015fim - S\u00f6nmez Real Estate &amp; Construction, Alanya, Antalya","og_description":"S\u00f6nmez Emlak &amp; \u0130n\u015faat Mahmutlar Mahallesi, Barbaros Caddesi N\u00b0102\/A,07450 Alanya, Antalya \u2014 T\u00fcrkiye Google Harita&#8217;da G\u00f6r\u00fcnt\u00fcle info@sonmezrealestate.com +90 242 528 44 04 +90 531 676 89 18 Facebook Youtube Instagram Vk Bizimle \u0130leti\u015fime ge\u00e7in Ad Soyad Email Mesaj\u0131n\u0131z G\u00f6nder","og_url":"https:\/\/old.sonmezrealestate.com\/tr\/iletisim\/","og_site_name":"S\u00f6nmez Real Estate &amp; Construction, Alanya, Antalya","article_modified_time":"2023-07-14T10:02:20+00:00","og_image":[{"url":"https:\/\/www.sonmezrealestate.com\/schome\/wp-content\/uploads\/2020\/12\/sonmez.jpg","type":"","width":"","height":""}],"twitter_card":"summary_large_image","twitter_misc":{"Tahmini okuma s\u00fcresi":"1 dakika"},"schema":{"@context":"https:\/\/schema.org","@graph":[{"@type":"WebPage","@id":"https:\/\/old.sonmezrealestate.com\/tr\/iletisim\/","url":"https:\/\/old.sonmezrealestate.com\/tr\/iletisim\/","name":"\u0130leti\u015fim - S\u00f6nmez Real Estate &amp; Construction, Alanya, Antalya","isPartOf":{"@id":"\/#website"},"primaryImageOfPage":{"@id":"https:\/\/old.sonmezrealestate.com\/tr\/iletisim\/#primaryimage"},"image":{"@id":"https:\/\/old.sonmezrealestate.com\/tr\/iletisim\/#primaryimage"},"thumbnailUrl":"https:\/\/www.sonmezrealestate.com\/schome\/wp-content\/uploads\/2020\/12\/sonmez.jpg","datePublished":"2020-03-02T10:27:05+00:00","dateModified":"2023-07-14T10:02:20+00:00","breadcrumb":{"@id":"https:\/\/old.sonmezrealestate.com\/tr\/iletisim\/#breadcrumb"},"inLanguage":"tr","potentialAction":[{"@type":"ReadAction","target":["https:\/\/old.sonmezrealestate.com\/tr\/iletisim\/"]}]},{"@type":"ImageObject","inLanguage":"tr","@id":"https:\/\/old.sonmezrealestate.com\/tr\/iletisim\/#primaryimage","url":"https:\/\/www.sonmezrealestate.com\/schome\/wp-content\/uploads\/2020\/12\/sonmez.jpg","contentUrl":"https:\/\/www.sonmezrealestate.com\/schome\/wp-content\/uploads\/2020\/12\/sonmez.jpg"},{"@type":"BreadcrumbList","@id":"https:\/\/old.sonmezrealestate.com\/tr\/iletisim\/#breadcrumb","itemListElement":[{"@type":"ListItem","position":1,"name":"Home","item":"https:\/\/old.sonmezrealestate.com\/tr\/"},{"@type":"ListItem","position":2,"name":"\u0130leti\u015fim"}]},{"@type":"WebSite","@id":"\/#website","url":"\/","name":"S\u00f6nmez Real Estate &amp; Construction, Alanya, Antalya","description":"Property in Alanya, Antalya","potentialAction":[{"@type":"SearchAction","target":{"@type":"EntryPoint","urlTemplate":"\/?s={search_term_string}"},"query-input":{"@type":"PropertyValueSpecification","valueRequired":true,"valueName":"search_term_string"}}],"inLanguage":"tr"}]}},"_links":{"self":[{"href":"https:\/\/old.sonmezrealestate.com\/tr\/wp-json\/wp\/v2\/pages\/202992","targetHints":{"allow":["GET"]}}],"collection":[{"href":"https:\/\/old.sonmezrealestate.com\/tr\/wp-json\/wp\/v2\/pages"}],"about":[{"href":"https:\/\/old.sonmezrealestate.com\/tr\/wp-json\/wp\/v2\/types\/page"}],"author":[{"embeddable":true,"href":"https:\/\/old.sonmezrealestate.com\/tr\/wp-json\/wp\/v2\/users\/1"}],"replies":[{"embeddable":true,"href":"https:\/\/old.sonmezrealestate.com\/tr\/wp-json\/wp\/v2\/comments?post=202992"}],"version-history":[{"count":0,"href":"https:\/\/old.sonmezrealestate.com\/tr\/wp-json\/wp\/v2\/pages\/202992\/revisions"}],"wp:attachment":[{"href":"https:\/\/old.sonmezrealestate.com\/tr\/wp-json\/wp\/v2\/media?parent=202992"}],"curies":[{"name":"wp","href":"https:\/\/api.w.org\/{rel}","templated":true}]}}