{"id":202950,"date":"2020-12-17T13:48:45","date_gmt":"2020-12-17T13:48:45","guid":{"rendered":"http:\/\/www.sonmezrealestate.com\/why-to-invest-in-turkey\/"},"modified":"2024-02-09T01:06:13","modified_gmt":"2024-02-08T22:06:13","slug":"neden-alanyaya-yatirim-yapilir","status":"publish","type":"page","link":"https:\/\/old.sonmezrealestate.com\/tr\/neden-alanyaya-yatirim-yapilir\/","title":{"rendered":"Neden Alanya&#8217;ya Yat\u0131r\u0131m Yap\u0131l\u0131r?"},"content":{"rendered":"\t\t<div data-elementor-type=\"wp-page\" data-elementor-id=\"202950\" class=\"elementor elementor-202950\" data-elementor-post-type=\"page\">\n\t\t\t\t\t\t<section class=\"elementor-section elementor-top-section elementor-element elementor-element-513b161 elementor-section-full_width elementor-section-height-default elementor-section-height-default\" data-id=\"513b161\" data-element_type=\"section\">\n\t\t\t\t\t\t<div class=\"elementor-container elementor-column-gap-default\">\n\t\t\t\t\t<div class=\"elementor-column elementor-col-100 elementor-top-column elementor-element elementor-element-7ba460d\" data-id=\"7ba460d\" data-element_type=\"column\">\n\t\t\t<div class=\"elementor-widget-wrap elementor-element-populated\">\n\t\t\t\t\t\t<div class=\"elementor-element elementor-element-4157509 elementor-widget elementor-widget-image\" data-id=\"4157509\" data-element_type=\"widget\" data-widget_type=\"image.default\">\n\t\t\t\t<div class=\"elementor-widget-container\">\n\t\t\t\t\t\t\t\t\t\t\t\t\t\t\t<img decoding=\"async\" src=\"http:\/\/www.sonmezrealestate.com\/schome\/wp-content\/uploads\/2020\/12\/alanyanews.jpg\" title=\"\" alt=\"\" loading=\"lazy\" \/>\t\t\t\t\t\t\t\t\t\t\t\t\t\t\t<\/div>\n\t\t\t\t<\/div>\n\t\t\t\t\t<\/div>\n\t\t<\/div>\n\t\t\t\t\t<\/div>\n\t\t<\/section>\n\t\t\t\t<section class=\"elementor-section elementor-top-section elementor-element elementor-element-e08789a elementor-section-boxed elementor-section-height-default elementor-section-height-default\" data-id=\"e08789a\" data-element_type=\"section\">\n\t\t\t\t\t\t<div class=\"elementor-container elementor-column-gap-default\">\n\t\t\t\t\t<div class=\"elementor-column elementor-col-100 elementor-top-column elementor-element elementor-element-f284ebc\" data-id=\"f284ebc\" data-element_type=\"column\">\n\t\t\t<div class=\"elementor-widget-wrap elementor-element-populated\">\n\t\t\t\t\t\t<div class=\"elementor-element elementor-element-8d870f9 elementor-widget elementor-widget-heading\" data-id=\"8d870f9\" data-element_type=\"widget\" data-widget_type=\"heading.default\">\n\t\t\t\t<div class=\"elementor-widget-container\">\n\t\t\t\t\t<h3 class=\"elementor-heading-title elementor-size-default\">Neden Alanya'ya Yat\u0131r\u0131m Yap\u0131l\u0131r?\n<\/h3>\t\t\t\t<\/div>\n\t\t\t\t<\/div>\n\t\t\t\t<div class=\"elementor-element elementor-element-ec580cd elementor-tabs-view-horizontal elementor-widget elementor-widget-tabs\" data-id=\"ec580cd\" data-element_type=\"widget\" data-widget_type=\"tabs.default\">\n\t\t\t\t<div class=\"elementor-widget-container\">\n\t\t\t\t\t\t\t<div class=\"elementor-tabs\">\n\t\t\t<div class=\"elementor-tabs-wrapper\" role=\"tablist\" >\n\t\t\t\t\t\t\t\t\t<div id=\"elementor-tab-title-2471\" class=\"elementor-tab-title elementor-tab-desktop-title\" aria-selected=\"true\" data-tab=\"1\" role=\"tab\" tabindex=\"0\" aria-controls=\"elementor-tab-content-2471\" aria-expanded=\"false\">1. Yat\u0131r\u0131m faydalar\u0131<\/div>\n\t\t\t\t\t\t\t\t\t<div id=\"elementor-tab-title-2472\" class=\"elementor-tab-title elementor-tab-desktop-title\" aria-selected=\"false\" data-tab=\"2\" role=\"tab\" tabindex=\"-1\" aria-controls=\"elementor-tab-content-2472\" aria-expanded=\"false\">2. Vatanda\u015fl\u0131k<\/div>\n\t\t\t\t\t\t\t\t\t<div id=\"elementor-tab-title-2473\" class=\"elementor-tab-title elementor-tab-desktop-title\" aria-selected=\"false\" data-tab=\"3\" role=\"tab\" tabindex=\"-1\" aria-controls=\"elementor-tab-content-2473\" aria-expanded=\"false\">3. \u0130potek<\/div>\n\t\t\t\t\t\t\t\t\t<div id=\"elementor-tab-title-2474\" class=\"elementor-tab-title elementor-tab-desktop-title\" aria-selected=\"false\" data-tab=\"4\" role=\"tab\" tabindex=\"-1\" aria-controls=\"elementor-tab-content-2474\" aria-expanded=\"false\">4. En s\u0131cak iklim<\/div>\n\t\t\t\t\t\t\t\t\t<div id=\"elementor-tab-title-2475\" class=\"elementor-tab-title elementor-tab-desktop-title\" aria-selected=\"false\" data-tab=\"5\" role=\"tab\" tabindex=\"-1\" aria-controls=\"elementor-tab-content-2475\" aria-expanded=\"false\">5. Havaalan\u0131na yak\u0131nl\u0131k<\/div>\n\t\t\t\t\t\t\t<\/div>\n\t\t\t<div class=\"elementor-tabs-content-wrapper\" role=\"tablist\" aria-orientation=\"vertical\">\n\t\t\t\t\t\t\t\t\t<div class=\"elementor-tab-title elementor-tab-mobile-title\" aria-selected=\"true\" data-tab=\"1\" role=\"tab\" tabindex=\"0\" aria-controls=\"elementor-tab-content-2471\" aria-expanded=\"false\">1. Yat\u0131r\u0131m faydalar\u0131<\/div>\n\t\t\t\t\t<div id=\"elementor-tab-content-2471\" class=\"elementor-tab-content elementor-clearfix\" data-tab=\"1\" role=\"tabpanel\" aria-labelledby=\"elementor-tab-title-2471\" tabindex=\"0\" hidden=\"false\"><p>T\u00fcrkiye bug\u00fcn istikrarl\u0131 bir ekonomik b\u00fcy\u00fcme g\u00f6stermekte ve b\u00f6ylece yabanc\u0131 vatanda\u015flara karl\u0131 yat\u0131r\u0131mlar i\u00e7in bir\u00e7ok y\u00f6n sunmaktad\u0131r. En h\u0131zl\u0131 b\u00fcy\u00fcyen sekt\u00f6rlerden biri emlak piyasas\u0131d\u0131r. \u00dclkede konut fiyatlar\u0131ndaki art\u0131\u015f kendinden emin bir \u015fekilde ilerlemektedir. Bu e\u011filim, \u00f6zellikle Akdeniz k\u0131y\u0131s\u0131nda bulunan tatil b\u00f6lgelerinde g\u00f6ze \u00e7arpmaktad\u0131r. Bunlardan biri de g\u00fczel Alanya.<\/p>\n<p>Her y\u0131l \u00f6nde gelen geli\u015ftiricilerden ilgin\u00e7 teklifler ortaya \u00e7\u0131k\u0131yor ve bu da kaz\u0131 a\u015famas\u0131nda karl\u0131 projelere yat\u0131r\u0131m yaparak para kazanmay\u0131 m\u00fcmk\u00fcn k\u0131l\u0131yor. Al\u0131c\u0131lar, in\u015faat\u0131n tamamlanmas\u0131ndan k\u0131sa bir s\u00fcre \u00f6nce veya ev faaliyete ge\u00e7tikten k\u0131sa bir s\u00fcre sonra yeniden satmak amac\u0131yla bu a\u015famada ev sat\u0131n al\u0131yorlar. B\u00f6ylece, in\u015faat tamamland\u0131ktan sonra modern konut komplekslerinde metrekare maliyeti % 40&#8242; a y\u00fckseldi\u011finden, potansiyel bir yat\u0131r\u0131mc\u0131 hemen gelir elde etmi\u015f oluyor. Yap\u0131m a\u015famas\u0131nda olan nesnelerin uygun ko\u015fullarda geli\u015ftiriciden faizsiz bir taksit plan\u0131yla veya d\u00fc\u015f\u00fck bir oranda bir krediyle sat\u0131n al\u0131nabilece\u011fini d\u00fc\u015f\u00fcnmeye de\u011fer; bu, b\u00f6yle bir yat\u0131r\u0131m\u0131n faydalar\u0131n\u0131n bariz oldu\u011fu anlam\u0131na gelir.<\/p>\n<p>Bir\u00e7ok yabanc\u0131 vatanda\u015f da ticari alan sat\u0131n almak i\u00e7in yat\u0131r\u0131m yap\u0131yor ve Alanya&#8217;da bu, iyi k\u00e2rlar elde etmenin en iyi yollar\u0131ndan biri haline geliyor. Bu, hem kendi i\u015finizi y\u00fcr\u00fctmek i\u00e7in metrekare sat\u0131n almak hem de ofisler, ma\u011fazalar, restoranlar, kafeler i\u00e7in kiralamalar\u0131 i\u00e7in ge\u00e7erlidir.<\/p>\n<p>T\u00fcrkiye k\u0131sa s\u00fcre \u00f6nce yat\u0131r\u0131m yoluyla vatanda\u015fl\u0131k program\u0131n\u0131 ba\u015flatt\u0131. Gayrimenkul al\u0131rken, yabanc\u0131 bir yat\u0131r\u0131mc\u0131n\u0131n vatanda\u015fl\u0131k hakk\u0131 vard\u0131r.<\/p>\n<p>S\u00fcrekli artan talep ile birlikte emlak sekt\u00f6r\u00fc devlet taraf\u0131ndan aktif olarak, eski konutlar\u0131n ve bak\u0131ms\u0131z nesnelerin y\u0131k\u0131lmas\u0131na y\u00f6nelik programla destekleniyor, bu da eski binalardaki daire sahiplerinin kar\u015f\u0131l\u0131\u011f\u0131nda yeni daireler alaca\u011f\u0131 anlam\u0131na geliyor. Bu program sadece konutlar i\u00e7in de\u011fil, sosyal tesisler i\u00e7in de ge\u00e7erlidir. T\u00fcrk \u015fehirlerinin g\u00f6r\u00fcn\u00fcm\u00fc \u00fczerinde en olumlu etkiye sahip olacak ve bir\u00e7ok sorunu \u00e7\u00f6zecek yeni modern binalar\u0131n in\u015fas\u0131.<\/p><\/div>\n\t\t\t\t\t\t\t\t\t<div class=\"elementor-tab-title elementor-tab-mobile-title\" aria-selected=\"false\" data-tab=\"2\" role=\"tab\" tabindex=\"-1\" aria-controls=\"elementor-tab-content-2472\" aria-expanded=\"false\">2. Vatanda\u015fl\u0131k<\/div>\n\t\t\t\t\t<div id=\"elementor-tab-content-2472\" class=\"elementor-tab-content elementor-clearfix\" data-tab=\"2\" role=\"tabpanel\" aria-labelledby=\"elementor-tab-title-2472\" tabindex=\"0\" hidden=\"hidden\"><p>2018 y\u0131l\u0131nda, T\u00fcrk h\u00fck\u00fcmeti bir an \u00f6nce T\u00fcrk vatanda\u015fl\u0131\u011f\u0131 alma olas\u0131l\u0131\u011f\u0131n\u0131 g\u00fcndeme getirdi. 400.000 $ de\u011ferinde m\u00fclk sat\u0131n alan veya T\u00fcrk bankalar\u0131na 500.000 $ yat\u0131ran herkes ba\u015fvurabilir. Bu durumda, ba\u015fvuru sahibi 3 y\u0131l boyunca bu m\u00fclk\u00fc satamaz veya hesaptan para \u00e7ekme hakk\u0131na sahip de\u011fildir. Ayr\u0131ca T\u00fcrkiye ekonomisine en az 500 bin ABD Dolar\u0131 tutar\u0131nda yat\u0131r\u0131m yapanlar ve T\u00fcrk vatanda\u015flar\u0131na 50 i\u015f yaratanlar h\u0131zland\u0131r\u0131lm\u0131\u015f \u015fekilde vatanda\u015fl\u0131k ba\u015fvurusunda bulunabilirler.<\/p><p>Ayr\u0131ca giri\u015fimciler ve yat\u0131r\u0131mc\u0131lar, s\u0131radan T\u00fcrk vatanda\u015fl\u0131\u011f\u0131 ile hemen hemen ayn\u0131 haklar\u0131 garanti eden Turkuaz Kart&#8217;a ba\u015fvurabilirler.<\/p><p><strong>Yat\u0131r\u0131m Yoluyla T\u00fcrk Vatanda\u015fl\u0131\u011f\u0131 Ba\u015fvurusu \u0130\u00e7in Gerekli Belgeler<\/strong><\/p><p>Vatanda\u015fl\u0131k elde etmek i\u00e7in belgelerin haz\u0131rlanmas\u0131 \u00f6zel bilgi ve deneyim gerektirir.\u00a0Kendi \u00f6zel durumundaki her ba\u015fvuru sahibinin farkl\u0131 ko\u015fullar\u0131 olabilece\u011finden, hukuki destek i\u00e7in \u015firketimizle ileti\u015fime ge\u00e7menizi \u00f6neririz.\u00a0Belgelerin haz\u0131rlanmas\u0131nda size tam destek sa\u011fl\u0131yoruz.<\/p><p>Gerekli belgelerin listesi:<\/p><ul><li>Ba\u015fvuru Formu.<\/li><li>Ge\u00e7erli bir pasaport.<\/li><li>Ailenizin her bir ferdi i\u00e7in 4 adet pasaport b\u00fcy\u00fckl\u00fc\u011f\u00fcnde foto\u011fraf.<\/li><li>Do\u011fum belgesi.<\/li><li>Pasaportunuzda oturma izni veya ge\u00e7erli turist vizesi.<\/li><li>Gerekirse, medeni durumu ve \u00e7ocuklar i\u00e7in belgeleri (evlilik ve \u00e7ocuklar\u0131n do\u011fum belgeleri) onaylayan bir belge.<\/li><li>Gerekirse, yak\u0131n\u0131n T\u00fcrkiye&#8217;deki ikametgah\u0131n\u0131n kimlik ve adresini teyit eden bir belge<\/li><li>Vergi \u00fccretinin \u00f6dendi\u011fine dair belge.<\/li><li>De\u011ferlendirilen de\u011fer hakk\u0131nda rapor verin.<\/li><li>Gayrimenkul sat\u0131n al\u0131rken tapu kan\u0131t\u0131 veya noter tasdikli s\u00f6zle\u015fme.<\/li><\/ul><\/div>\n\t\t\t\t\t\t\t\t\t<div class=\"elementor-tab-title elementor-tab-mobile-title\" aria-selected=\"false\" data-tab=\"3\" role=\"tab\" tabindex=\"-1\" aria-controls=\"elementor-tab-content-2473\" aria-expanded=\"false\">3. \u0130potek<\/div>\n\t\t\t\t\t<div id=\"elementor-tab-content-2473\" class=\"elementor-tab-content elementor-clearfix\" data-tab=\"3\" role=\"tabpanel\" aria-labelledby=\"elementor-tab-title-2473\" tabindex=\"0\" hidden=\"hidden\"><p>Orta gelirli n\u00fcfus, nispeten d\u00fc\u015f\u00fck ipotek oranlar\u0131ndan etkilenmektedir. B\u00f6yle bir kredi, T\u00fcrkiye&#8217;de gayrimenkul sat\u0131n alma hakk\u0131 olan herhangi bir yabanc\u0131 vatanda\u015fa verilebilir. Kredi 10 y\u0131la kadar vadeli verilir. D\u00fcnyada pandemi ile mevcut duruma ra\u011fmen, gayrimenkulde yabanc\u0131 yat\u0131r\u0131m seviyesi y\u00fcksek seviyede seyrediyor.<\/p><p>Bu t\u00fcr i\u015flemler, yabanc\u0131 bir al\u0131c\u0131n\u0131n \u015fahsen bulunmas\u0131n\u0131 gerektirmez ve T\u00fcrkiye&#8217;deki bir geli\u015ftirici \u015firketin veya bir emlak acentesinin temsilcisi i\u00e7in d\u00fczenledi\u011fi bir vekaletname ile ger\u00e7ekle\u015ftirilir.<\/p><p><strong>Belge paketi \u015funlar\u0131 i\u00e7erir<\/strong>:<\/p><ul><li>uluslararas\u0131 pasaport ve pasaportun noter tasdikli T\u00fcrk\u00e7e terc\u00fcmeli fotokopisi;<\/li><li>ba\u015fvuran\u0131n \u00f6deme g\u00fcc\u00fcn\u00fc onaylayan bir belge (alt\u0131 ay veya bir y\u0131l boyunca cari hesaptaki fonlar\u0131n hareketi hakk\u0131nda bankadan bir al\u0131nt\u0131, ayr\u0131ca son 6-12 i\u00e7in bir gelir belgesi veya (giri\u015fimciler i\u00e7in) raporlama belgeleri olabilir.<\/li><li>ikamet adresinin kan\u0131t\u0131. Bu, elektrik veya su i\u00e7in bir makbuz, para cezas\u0131 vb. olabilir. As\u0131l mesele, makbuzun ba\u015fvuran\u0131n tam ad\u0131n\u0131 ve \u00fclkesindeki ikamet adresini g\u00f6stermesidir. Ba\u015fvuru sahibinin T\u00fcrkiye&#8217;de ikamet izni ve adresi varsa bankaya teyit ettirilebilir;<\/li><li>T\u00fcrk Vergi Numaras\u0131 (ba\u015fvuran\u0131n ikamet etti\u011fi \u015fehrin yerel vergi dairesine yap\u0131lan bir ziyaret s\u0131ras\u0131nda \u00fccretsiz olarak verilir);\u2022 T\u00fcrkiye&#8217;de ipotekle sat\u0131n al\u0131nan gayrimenkuller i\u00e7in m\u00fclkiyet belgesi (TAPU ve fotokopisi).<\/li><\/ul><\/div>\n\t\t\t\t\t\t\t\t\t<div class=\"elementor-tab-title elementor-tab-mobile-title\" aria-selected=\"false\" data-tab=\"4\" role=\"tab\" tabindex=\"-1\" aria-controls=\"elementor-tab-content-2474\" aria-expanded=\"false\">4. En s\u0131cak iklim<\/div>\n\t\t\t\t\t<div id=\"elementor-tab-content-2474\" class=\"elementor-tab-content elementor-clearfix\" data-tab=\"4\" role=\"tabpanel\" aria-labelledby=\"elementor-tab-title-2474\" tabindex=\"0\" hidden=\"hidden\"><p>Alanya, y\u0131lda 300&#8217;den fazla g\u00fcne\u015fli g\u00fcn ile T\u00fcrkiye&#8217;nin en s\u0131cak k\u00f6\u015fesidir. K\u0131y\u0131daki da\u011flar sayesinde \u015fehir kuzeyden gelen so\u011fuk r\u00fczgarlardan korunuyor. Bir yanda yumu\u015fak deniz, di\u011fer yanda heybetli da\u011flar, pitoresk koylar ve ma\u011faralar b\u00f6lgenin konuklar\u0131n\u0131 memnun etmekten ve \u015fa\u015f\u0131rtmaktan asla vazge\u00e7meyecek. B\u00f6lge ma\u011fazalar, butikler ve al\u0131\u015fveri\u015f merkezleriyle doludur. Al\u0131\u015fveri\u015f severlerin ilgisini \u00e7eken bir di\u011fer yer ise Do\u011fu \u00c7ar\u015f\u0131s\u0131.<\/p>\n<p>Alanya&#8217;da mutfa\u011f\u0131n cezbedicileri kelimenin tam anlam\u0131yla her ad\u0131mda sizi hayran b\u0131rakacak. \u015eehirde bir\u00e7ok modern kafe ve geleneksel k\u00fc\u00e7\u00fck d\u00fckkanlar vard\u0131r, bu y\u00fczden burada yol boyunca gastronomik bir tura \u00e7\u0131kman\u0131z\u0131 hi\u00e7bir \u015fey engelleyemez. Alanya, \u00e7ocuklu aileler i\u00e7in iyi bir yer, \u00e7\u00fcnk\u00fc \u015fehirde \u00e7ok say\u0131da kayd\u0131rakl\u0131 b\u00fcy\u00fck bir su park\u0131 da dahil olmak \u00fczere ayn\u0131 anda birka\u00e7 e\u011flence park\u0131 var. \u015eehir cazibe merkezlerinden yoksun de\u011fildir, bu nedenle e\u011fitim gezileri i\u00e7in \u00e7ok uygundur.Y\u00fcksek sezonda gayrimenkul kiralamak, bir apartman sahibi i\u00e7in iyi bir gelir getirebilir. Il\u0131man g\u00fcne\u015fli iklim nedeniyle Alanya&#8217;da sezon olduk\u00e7a uzundur, bu nedenle turistler i\u00e7in \u00e7ekicidir. Bu nedenle kira talebi her zaman y\u00fcksek d\u00fczeyde olacakt\u0131r.&nbsp;<\/p><\/div>\n\t\t\t\t\t\t\t\t\t<div class=\"elementor-tab-title elementor-tab-mobile-title\" aria-selected=\"false\" data-tab=\"5\" role=\"tab\" tabindex=\"-1\" aria-controls=\"elementor-tab-content-2475\" aria-expanded=\"false\">5. Havaalan\u0131na yak\u0131nl\u0131k<\/div>\n\t\t\t\t\t<div id=\"elementor-tab-content-2475\" class=\"elementor-tab-content elementor-clearfix\" data-tab=\"5\" role=\"tabpanel\" aria-labelledby=\"elementor-tab-title-2475\" tabindex=\"0\" hidden=\"hidden\"><p>Turizm end\u00fcstrisinde \u00f6nemli bir fakt\u00f6r havaalan\u0131na yak\u0131nl\u0131kt\u0131r. Alanya&#8217;da 2010 y\u0131l\u0131ndan bu yana, uzun zamand\u0131r beklenen a\u00e7\u0131l\u0131\u015f\u0131 turist ak\u0131\u015f\u0131n\u0131 \u00f6nemli \u00f6l\u00e7\u00fcde etkileyen Gazipa\u015fa Havaliman\u0131 (GZP) bulunmaktad\u0131r. Havaalan\u0131ndan Alanya merkeze uzakl\u0131k 45 km, \u015fehre seyahat s\u00fcresi yakla\u015f\u0131k bir saattir.<\/p><p>Havaliman\u0131 hem yerel hem de uluslararas\u0131 u\u00e7u\u015flara hizmet verebilmektedir. Antalya&#8217;n\u0131n en b\u00fcy\u00fck ikinci uluslararas\u0131 havaliman\u0131 (AYT). Alanya&#8217;ya uzakl\u0131\u011f\u0131 130 kilometredir, bu nedenle zaman\u0131n\u0131z\u0131n yakla\u015f\u0131k iki ila \u00fc\u00e7 saatini ge\u00e7irmeye haz\u0131r olman\u0131z gerekir.<\/p><p>Havayollar\u0131na ek olarak, istedi\u011finiz zaman karayoluyla ihtiyac\u0131n\u0131z olan \u015fehre kolay ve konforlu bir \u015fekilde ula\u015fmak i\u00e7in \u015fehirleraras\u0131 otob\u00fcs hizmetini kullanabilirsiniz.<\/p><\/div>\n\t\t\t\t\t\t\t<\/div>\n\t\t<\/div>\n\t\t\t\t\t\t<\/div>\n\t\t\t\t<\/div>\n\t\t\t\t\t<\/div>\n\t\t<\/div>\n\t\t\t\t\t<\/div>\n\t\t<\/section>\n\t\t\t\t<\/div>\n\t\t","protected":false},"excerpt":{"rendered":"<p>Neden Alanya&#8217;ya Yat\u0131r\u0131m Yap\u0131l\u0131r? 1. Yat\u0131r\u0131m faydalar\u0131 2. Vatanda\u015fl\u0131k 3. \u0130potek 4. En s\u0131cak iklim 5. Havaalan\u0131na yak\u0131nl\u0131k 1. Yat\u0131r\u0131m faydalar\u0131 T\u00fcrkiye bug\u00fcn istikrarl\u0131 bir ekonomik b\u00fcy\u00fcme g\u00f6stermekte ve b\u00f6ylece yabanc\u0131 vatanda\u015flara karl\u0131 yat\u0131r\u0131mlar i\u00e7in bir\u00e7ok y\u00f6n sunmaktad\u0131r. En h\u0131zl\u0131 b\u00fcy\u00fcyen sekt\u00f6rlerden biri emlak piyasas\u0131d\u0131r. \u00dclkede konut fiyatlar\u0131ndaki art\u0131\u015f kendinden emin bir \u015fekilde ilerlemektedir. Bu [&hellip;]<\/p>\n","protected":false},"author":1,"featured_media":0,"parent":0,"menu_order":0,"comment_status":"closed","ping_status":"closed","template":"template\/template-homepage.php","meta":{"footnotes":""},"class_list":["post-202950","page","type-page","status-publish","hentry"],"yoast_head":"<!-- This site is optimized with the Yoast SEO plugin v25.3.1 - https:\/\/yoast.com\/wordpress\/plugins\/seo\/ -->\n<title>Neden Alanya&#039;ya Yat\u0131r\u0131m Yap\u0131l\u0131r? - S\u00f6nmez Real Estate &amp; Construction, Alanya, Antalya<\/title>\n<meta name=\"robots\" content=\"index, follow, max-snippet:-1, max-image-preview:large, max-video-preview:-1\" \/>\n<link rel=\"canonical\" href=\"https:\/\/old.sonmezrealestate.com\/tr\/neden-alanyaya-yatirim-yapilir\/\" \/>\n<meta property=\"og:locale\" content=\"tr_TR\" \/>\n<meta property=\"og:type\" content=\"article\" \/>\n<meta property=\"og:title\" content=\"Neden Alanya&#039;ya Yat\u0131r\u0131m Yap\u0131l\u0131r? - S\u00f6nmez Real Estate &amp; Construction, Alanya, Antalya\" \/>\n<meta property=\"og:description\" content=\"Neden Alanya&#8217;ya Yat\u0131r\u0131m Yap\u0131l\u0131r? 1. Yat\u0131r\u0131m faydalar\u0131 2. Vatanda\u015fl\u0131k 3. \u0130potek 4. En s\u0131cak iklim 5. Havaalan\u0131na yak\u0131nl\u0131k 1. Yat\u0131r\u0131m faydalar\u0131 T\u00fcrkiye bug\u00fcn istikrarl\u0131 bir ekonomik b\u00fcy\u00fcme g\u00f6stermekte ve b\u00f6ylece yabanc\u0131 vatanda\u015flara karl\u0131 yat\u0131r\u0131mlar i\u00e7in bir\u00e7ok y\u00f6n sunmaktad\u0131r. En h\u0131zl\u0131 b\u00fcy\u00fcyen sekt\u00f6rlerden biri emlak piyasas\u0131d\u0131r. \u00dclkede konut fiyatlar\u0131ndaki art\u0131\u015f kendinden emin bir \u015fekilde ilerlemektedir. Bu [&hellip;]\" \/>\n<meta property=\"og:url\" content=\"https:\/\/old.sonmezrealestate.com\/tr\/neden-alanyaya-yatirim-yapilir\/\" \/>\n<meta property=\"og:site_name\" content=\"S\u00f6nmez Real Estate &amp; Construction, Alanya, Antalya\" \/>\n<meta property=\"article:modified_time\" content=\"2024-02-08T22:06:13+00:00\" \/>\n<meta property=\"og:image\" content=\"http:\/\/www.sonmezrealestate.com\/schome\/wp-content\/uploads\/2020\/12\/alanyanews.jpg\" \/>\n<meta name=\"twitter:card\" content=\"summary_large_image\" \/>\n<meta name=\"twitter:label1\" content=\"Tahmini okuma s\u00fcresi\" \/>\n\t<meta name=\"twitter:data1\" content=\"5 dakika\" \/>\n<script type=\"application\/ld+json\" class=\"yoast-schema-graph\">{\"@context\":\"https:\/\/schema.org\",\"@graph\":[{\"@type\":\"WebPage\",\"@id\":\"https:\/\/old.sonmezrealestate.com\/tr\/neden-alanyaya-yatirim-yapilir\/\",\"url\":\"https:\/\/old.sonmezrealestate.com\/tr\/neden-alanyaya-yatirim-yapilir\/\",\"name\":\"Neden Alanya'ya Yat\u0131r\u0131m Yap\u0131l\u0131r? - S\u00f6nmez Real Estate &amp; Construction, Alanya, Antalya\",\"isPartOf\":{\"@id\":\"\/#website\"},\"primaryImageOfPage\":{\"@id\":\"https:\/\/old.sonmezrealestate.com\/tr\/neden-alanyaya-yatirim-yapilir\/#primaryimage\"},\"image\":{\"@id\":\"https:\/\/old.sonmezrealestate.com\/tr\/neden-alanyaya-yatirim-yapilir\/#primaryimage\"},\"thumbnailUrl\":\"http:\/\/www.sonmezrealestate.com\/schome\/wp-content\/uploads\/2020\/12\/alanyanews.jpg\",\"datePublished\":\"2020-12-17T13:48:45+00:00\",\"dateModified\":\"2024-02-08T22:06:13+00:00\",\"breadcrumb\":{\"@id\":\"https:\/\/old.sonmezrealestate.com\/tr\/neden-alanyaya-yatirim-yapilir\/#breadcrumb\"},\"inLanguage\":\"tr\",\"potentialAction\":[{\"@type\":\"ReadAction\",\"target\":[\"https:\/\/old.sonmezrealestate.com\/tr\/neden-alanyaya-yatirim-yapilir\/\"]}]},{\"@type\":\"ImageObject\",\"inLanguage\":\"tr\",\"@id\":\"https:\/\/old.sonmezrealestate.com\/tr\/neden-alanyaya-yatirim-yapilir\/#primaryimage\",\"url\":\"http:\/\/www.sonmezrealestate.com\/schome\/wp-content\/uploads\/2020\/12\/alanyanews.jpg\",\"contentUrl\":\"http:\/\/www.sonmezrealestate.com\/schome\/wp-content\/uploads\/2020\/12\/alanyanews.jpg\"},{\"@type\":\"BreadcrumbList\",\"@id\":\"https:\/\/old.sonmezrealestate.com\/tr\/neden-alanyaya-yatirim-yapilir\/#breadcrumb\",\"itemListElement\":[{\"@type\":\"ListItem\",\"position\":1,\"name\":\"Home\",\"item\":\"https:\/\/old.sonmezrealestate.com\/tr\/\"},{\"@type\":\"ListItem\",\"position\":2,\"name\":\"Neden Alanya&#8217;ya Yat\u0131r\u0131m Yap\u0131l\u0131r?\"}]},{\"@type\":\"WebSite\",\"@id\":\"\/#website\",\"url\":\"\/\",\"name\":\"S\u00f6nmez Real Estate &amp; Construction, Alanya, Antalya\",\"description\":\"Property in Alanya, Antalya\",\"potentialAction\":[{\"@type\":\"SearchAction\",\"target\":{\"@type\":\"EntryPoint\",\"urlTemplate\":\"\/?s={search_term_string}\"},\"query-input\":{\"@type\":\"PropertyValueSpecification\",\"valueRequired\":true,\"valueName\":\"search_term_string\"}}],\"inLanguage\":\"tr\"}]}<\/script>\n<!-- \/ Yoast SEO plugin. -->","yoast_head_json":{"title":"Neden Alanya'ya Yat\u0131r\u0131m Yap\u0131l\u0131r? - S\u00f6nmez Real Estate &amp; Construction, Alanya, Antalya","robots":{"index":"index","follow":"follow","max-snippet":"max-snippet:-1","max-image-preview":"max-image-preview:large","max-video-preview":"max-video-preview:-1"},"canonical":"https:\/\/old.sonmezrealestate.com\/tr\/neden-alanyaya-yatirim-yapilir\/","og_locale":"tr_TR","og_type":"article","og_title":"Neden Alanya'ya Yat\u0131r\u0131m Yap\u0131l\u0131r? - S\u00f6nmez Real Estate &amp; Construction, Alanya, Antalya","og_description":"Neden Alanya&#8217;ya Yat\u0131r\u0131m Yap\u0131l\u0131r? 1. Yat\u0131r\u0131m faydalar\u0131 2. Vatanda\u015fl\u0131k 3. \u0130potek 4. En s\u0131cak iklim 5. Havaalan\u0131na yak\u0131nl\u0131k 1. Yat\u0131r\u0131m faydalar\u0131 T\u00fcrkiye bug\u00fcn istikrarl\u0131 bir ekonomik b\u00fcy\u00fcme g\u00f6stermekte ve b\u00f6ylece yabanc\u0131 vatanda\u015flara karl\u0131 yat\u0131r\u0131mlar i\u00e7in bir\u00e7ok y\u00f6n sunmaktad\u0131r. En h\u0131zl\u0131 b\u00fcy\u00fcyen sekt\u00f6rlerden biri emlak piyasas\u0131d\u0131r. \u00dclkede konut fiyatlar\u0131ndaki art\u0131\u015f kendinden emin bir \u015fekilde ilerlemektedir. Bu [&hellip;]","og_url":"https:\/\/old.sonmezrealestate.com\/tr\/neden-alanyaya-yatirim-yapilir\/","og_site_name":"S\u00f6nmez Real Estate &amp; Construction, Alanya, Antalya","article_modified_time":"2024-02-08T22:06:13+00:00","og_image":[{"url":"http:\/\/www.sonmezrealestate.com\/schome\/wp-content\/uploads\/2020\/12\/alanyanews.jpg","type":"","width":"","height":""}],"twitter_card":"summary_large_image","twitter_misc":{"Tahmini okuma s\u00fcresi":"5 dakika"},"schema":{"@context":"https:\/\/schema.org","@graph":[{"@type":"WebPage","@id":"https:\/\/old.sonmezrealestate.com\/tr\/neden-alanyaya-yatirim-yapilir\/","url":"https:\/\/old.sonmezrealestate.com\/tr\/neden-alanyaya-yatirim-yapilir\/","name":"Neden Alanya'ya Yat\u0131r\u0131m Yap\u0131l\u0131r? - S\u00f6nmez Real Estate &amp; Construction, Alanya, Antalya","isPartOf":{"@id":"\/#website"},"primaryImageOfPage":{"@id":"https:\/\/old.sonmezrealestate.com\/tr\/neden-alanyaya-yatirim-yapilir\/#primaryimage"},"image":{"@id":"https:\/\/old.sonmezrealestate.com\/tr\/neden-alanyaya-yatirim-yapilir\/#primaryimage"},"thumbnailUrl":"http:\/\/www.sonmezrealestate.com\/schome\/wp-content\/uploads\/2020\/12\/alanyanews.jpg","datePublished":"2020-12-17T13:48:45+00:00","dateModified":"2024-02-08T22:06:13+00:00","breadcrumb":{"@id":"https:\/\/old.sonmezrealestate.com\/tr\/neden-alanyaya-yatirim-yapilir\/#breadcrumb"},"inLanguage":"tr","potentialAction":[{"@type":"ReadAction","target":["https:\/\/old.sonmezrealestate.com\/tr\/neden-alanyaya-yatirim-yapilir\/"]}]},{"@type":"ImageObject","inLanguage":"tr","@id":"https:\/\/old.sonmezrealestate.com\/tr\/neden-alanyaya-yatirim-yapilir\/#primaryimage","url":"http:\/\/www.sonmezrealestate.com\/schome\/wp-content\/uploads\/2020\/12\/alanyanews.jpg","contentUrl":"http:\/\/www.sonmezrealestate.com\/schome\/wp-content\/uploads\/2020\/12\/alanyanews.jpg"},{"@type":"BreadcrumbList","@id":"https:\/\/old.sonmezrealestate.com\/tr\/neden-alanyaya-yatirim-yapilir\/#breadcrumb","itemListElement":[{"@type":"ListItem","position":1,"name":"Home","item":"https:\/\/old.sonmezrealestate.com\/tr\/"},{"@type":"ListItem","position":2,"name":"Neden Alanya&#8217;ya Yat\u0131r\u0131m Yap\u0131l\u0131r?"}]},{"@type":"WebSite","@id":"\/#website","url":"\/","name":"S\u00f6nmez Real Estate &amp; Construction, Alanya, Antalya","description":"Property in Alanya, Antalya","potentialAction":[{"@type":"SearchAction","target":{"@type":"EntryPoint","urlTemplate":"\/?s={search_term_string}"},"query-input":{"@type":"PropertyValueSpecification","valueRequired":true,"valueName":"search_term_string"}}],"inLanguage":"tr"}]}},"_links":{"self":[{"href":"https:\/\/old.sonmezrealestate.com\/tr\/wp-json\/wp\/v2\/pages\/202950","targetHints":{"allow":["GET"]}}],"collection":[{"href":"https:\/\/old.sonmezrealestate.com\/tr\/wp-json\/wp\/v2\/pages"}],"about":[{"href":"https:\/\/old.sonmezrealestate.com\/tr\/wp-json\/wp\/v2\/types\/page"}],"author":[{"embeddable":true,"href":"https:\/\/old.sonmezrealestate.com\/tr\/wp-json\/wp\/v2\/users\/1"}],"replies":[{"embeddable":true,"href":"https:\/\/old.sonmezrealestate.com\/tr\/wp-json\/wp\/v2\/comments?post=202950"}],"version-history":[{"count":0,"href":"https:\/\/old.sonmezrealestate.com\/tr\/wp-json\/wp\/v2\/pages\/202950\/revisions"}],"wp:attachment":[{"href":"https:\/\/old.sonmezrealestate.com\/tr\/wp-json\/wp\/v2\/media?parent=202950"}],"curies":[{"name":"wp","href":"https:\/\/api.w.org\/{rel}","templated":true}]}}