{"id":202934,"date":"2020-12-04T12:35:36","date_gmt":"2020-12-04T09:35:36","guid":{"rendered":"http:\/\/www.sonmezrealestate.com\/introductory-tour\/"},"modified":"2025-05-22T21:17:33","modified_gmt":"2025-05-22T18:17:33","slug":"tanitim-turu","status":"publish","type":"page","link":"https:\/\/old.sonmezrealestate.com\/tr\/tanitim-turu\/","title":{"rendered":"Tan\u0131t\u0131m Turu"},"content":{"rendered":"\t\t<div data-elementor-type=\"wp-page\" data-elementor-id=\"202934\" class=\"elementor elementor-202934 elementor-17813\" data-elementor-post-type=\"page\">\n\t\t\t\t\t\t<section class=\"elementor-section elementor-top-section elementor-element elementor-element-f9ddc38 elementor-section-full_width elementor-section-stretched elementor-section-height-default elementor-section-height-default\" data-id=\"f9ddc38\" data-element_type=\"section\" data-settings=\"{&quot;stretch_section&quot;:&quot;section-stretched&quot;}\">\n\t\t\t\t\t\t<div class=\"elementor-container elementor-column-gap-default\">\n\t\t\t\t\t<div class=\"elementor-column elementor-col-100 elementor-top-column elementor-element elementor-element-a9b9dd5\" data-id=\"a9b9dd5\" data-element_type=\"column\">\n\t\t\t<div class=\"elementor-widget-wrap elementor-element-populated\">\n\t\t\t\t\t\t<div class=\"elementor-element elementor-element-fd0d160 elementor-widget elementor-widget-image\" data-id=\"fd0d160\" data-element_type=\"widget\" data-widget_type=\"image.default\">\n\t\t\t\t<div class=\"elementor-widget-container\">\n\t\t\t\t\t\t\t\t\t\t\t\t\t\t\t<img decoding=\"async\" src=\"https:\/\/www.sonmezrealestate.com\/schome\/wp-content\/uploads\/2020\/12\/tur.jpg\" title=\"\" alt=\"\" loading=\"lazy\" \/>\t\t\t\t\t\t\t\t\t\t\t\t\t\t\t<\/div>\n\t\t\t\t<\/div>\n\t\t\t\t\t<\/div>\n\t\t<\/div>\n\t\t\t\t\t<\/div>\n\t\t<\/section>\n\t\t\t\t<section class=\"elementor-section elementor-top-section elementor-element elementor-element-5c2acd9 elementor-section-boxed elementor-section-height-default elementor-section-height-default\" data-id=\"5c2acd9\" data-element_type=\"section\">\n\t\t\t\t\t\t<div class=\"elementor-container elementor-column-gap-default\">\n\t\t\t\t\t<div class=\"elementor-column elementor-col-100 elementor-top-column elementor-element elementor-element-800372f\" data-id=\"800372f\" data-element_type=\"column\">\n\t\t\t<div class=\"elementor-widget-wrap elementor-element-populated\">\n\t\t\t\t\t\t<div class=\"elementor-element elementor-element-a650d2e elementor-widget elementor-widget-heading\" data-id=\"a650d2e\" data-element_type=\"widget\" data-widget_type=\"heading.default\">\n\t\t\t\t<div class=\"elementor-widget-container\">\n\t\t\t\t\t<h2 class=\"elementor-heading-title elementor-size-default\">Tan\u0131t\u0131m Turu<\/h2>\t\t\t\t<\/div>\n\t\t\t\t<\/div>\n\t\t\t\t<div class=\"elementor-element elementor-element-f36fec5 elementor-widget elementor-widget-text-editor\" data-id=\"f36fec5\" data-element_type=\"widget\" data-widget_type=\"text-editor.default\">\n\t\t\t\t<div class=\"elementor-widget-container\">\n\t\t\t\t\t\t\t\t\t<p style=\"text-align: center;\">Belki siz, misafirperver T\u00fcrkiye\u2019de birden fazla tatil yapm\u0131\u015fs\u0131n\u0131zd\u0131r ve buran\u0131n m\u00fckemmel hava durumunu biliyorsunuzdur, g\u00fcler y\u00fczl\u00fc yerli halk\u0131, zengin tarihi, k\u00fclt\u00fcr ve bir o kadar da zengin ve temiz denizi, ciddi d\u00fc\u015f\u00fcnm\u00fc\u015fs\u00fcn\u00fczd\u00fcr: neden kendime burada daire veya villa edinmeyeyim ki?<br \/>Bir\u00e7ok resim ve plan g\u00f6rd\u00fckten sonra, do\u011fal olarak, sizde bir istek olu\u015fuyor gelecekte sizin olacak daireyi kendi g\u00f6zlerinizle g\u00f6rmeyi.<\/p><p style=\"text-align: center;\">Biz sizin i\u00e7in\u00a0<strong>\u00fccretsiz emlak gezi turunu<\/strong>\u00a0sunmaktay\u0131z, \u00fclkeyi yak\u0131ndan tan\u0131mak i\u00e7in g\u00fczel bir f\u0131rsat, bir \u00e7ok yeni, ilgin\u00e7 ve yararl\u0131 bilgiler \u00f6\u011frenirsiniz, ve \u00f6nemli olan kendi g\u00f6zlerinizle emlak projeleri g\u00f6r\u00fcrs\u00fcn\u00fcz, biz \u00f6nceden sizin isteklerinize ve tercihlerinize g\u00f6re proje haz\u0131rlamaktay\u0131z.<br \/>Biz sizin gezi plan\u0131n\u0131z\u0131 son derece etkili ve keyifli olmas\u0131 i\u00e7in d\u00fczenlemede yard\u0131mc\u0131 oluyoruz.<br \/>Siz her zaman bizim yard\u0131m beklentimize g\u00fcvenebilirsiniz.<\/p>\t\t\t\t\t\t\t\t<\/div>\n\t\t\t\t<\/div>\n\t\t\t\t\t<\/div>\n\t\t<\/div>\n\t\t\t\t\t<\/div>\n\t\t<\/section>\n\t\t\t\t<section class=\"elementor-section elementor-top-section elementor-element elementor-element-5075668 elementor-section-boxed elementor-section-height-default elementor-section-height-default\" data-id=\"5075668\" data-element_type=\"section\">\n\t\t\t\t\t\t<div class=\"elementor-container elementor-column-gap-default\">\n\t\t\t\t\t<div class=\"elementor-column elementor-col-100 elementor-top-column elementor-element elementor-element-be70855\" data-id=\"be70855\" data-element_type=\"column\">\n\t\t\t<div class=\"elementor-widget-wrap elementor-element-populated\">\n\t\t\t\t\t\t<div class=\"elementor-element elementor-element-d3f15a3 elementor-headline--style-highlight elementor-widget elementor-widget-animated-headline\" data-id=\"d3f15a3\" data-element_type=\"widget\" data-settings=\"{&quot;marker&quot;:&quot;underline&quot;,&quot;highlighted_text&quot;:&quot;Dahil Olanlar&quot;,&quot;headline_style&quot;:&quot;highlight&quot;,&quot;loop&quot;:&quot;yes&quot;,&quot;highlight_animation_duration&quot;:1200,&quot;highlight_iteration_delay&quot;:8000}\" data-widget_type=\"animated-headline.default\">\n\t\t\t\t<div class=\"elementor-widget-container\">\n\t\t\t\t\t\t\t<h2 class=\"elementor-headline\">\n\t\t\t\t\t<span class=\"elementor-headline-plain-text elementor-headline-text-wrapper\">Tan\u0131t\u0131m Turu Program\u0131na<\/span>\n\t\t\t\t<span class=\"elementor-headline-dynamic-wrapper elementor-headline-text-wrapper\">\n\t\t\t\t\t<span class=\"elementor-headline-dynamic-text elementor-headline-text-active\">Dahil Olanlar<\/span>\n\t\t\t\t<\/span>\n\t\t\t\t<\/h2>\n\t\t\t\t\t\t<\/div>\n\t\t\t\t<\/div>\n\t\t\t\t\t<\/div>\n\t\t<\/div>\n\t\t\t\t\t<\/div>\n\t\t<\/section>\n\t\t\t\t<section class=\"elementor-section elementor-top-section elementor-element elementor-element-b400882 elementor-section-full_width elementor-section-height-default elementor-section-height-default\" data-id=\"b400882\" data-element_type=\"section\">\n\t\t\t\t\t\t<div class=\"elementor-container elementor-column-gap-narrow\">\n\t\t\t\t\t<div class=\"elementor-column elementor-col-25 elementor-top-column elementor-element elementor-element-f7c8fa0\" data-id=\"f7c8fa0\" data-element_type=\"column\">\n\t\t\t<div class=\"elementor-widget-wrap elementor-element-populated\">\n\t\t\t\t\t\t<div class=\"elementor-element elementor-element-c3f3d59 elementor-widget elementor-widget-Houzez_elementor_grid_builder\" data-id=\"c3f3d59\" data-element_type=\"widget\" data-widget_type=\"Houzez_elementor_grid_builder.default\">\n\t\t\t\t<div class=\"elementor-widget-container\">\n\t\t\t\t\t\n        <div class=\"grid-item  grid-item-v1\" data-ratio=\"landscape\" style=\"background-image: url(https:\/\/www.sonmezrealestate.com\/schome\/wp-content\/uploads\/2020\/12\/gezi.jpg)\">\n            <a class=\"grid-item-link hover-effect-flat\"  href=\"#?\">\n                <div class=\"grid-item-text-wrap d-flex flex-column justify-content-between w-100 h-100\">\n                    <div class=\"d-flex flex-column\">\n                        \n                                                <div class=\"grid-item-title\">Alanya Gezi Turu<\/div>\n                                            <\/div>\n                    \n                                    <\/div><!-- taxonomy-text-wrap -->\n            <\/a>\n        <\/div>\n        \n        \t\t\t\t<\/div>\n\t\t\t\t<\/div>\n\t\t\t\t<div class=\"elementor-element elementor-element-6ab4400 elementor-widget elementor-widget-Houzez_elementor_grid_builder\" data-id=\"6ab4400\" data-element_type=\"widget\" data-widget_type=\"Houzez_elementor_grid_builder.default\">\n\t\t\t\t<div class=\"elementor-widget-container\">\n\t\t\t\t\t\n        <div class=\"grid-item  grid-item-v1\" data-ratio=\"landscape\" style=\"background-image: url(https:\/\/www.sonmezrealestate.com\/schome\/wp-content\/uploads\/2020\/12\/sozlesme.jpg)\">\n            <a class=\"grid-item-link hover-effect-flat\"  href=\"#?\">\n                <div class=\"grid-item-text-wrap d-flex flex-column justify-content-between w-100 h-100\">\n                    <div class=\"d-flex flex-column\">\n                        \n                                                <div class=\"grid-item-title\">Se\u00e7im ve S\u00f6zle\u015fme \u0130mzalama<\/div>\n                                            <\/div>\n                    \n                                    <\/div><!-- taxonomy-text-wrap -->\n            <\/a>\n        <\/div>\n        \n        \t\t\t\t<\/div>\n\t\t\t\t<\/div>\n\t\t\t\t\t<\/div>\n\t\t<\/div>\n\t\t\t\t<div class=\"elementor-column elementor-col-25 elementor-top-column elementor-element elementor-element-15cbcef\" data-id=\"15cbcef\" data-element_type=\"column\">\n\t\t\t<div class=\"elementor-widget-wrap elementor-element-populated\">\n\t\t\t\t\t\t<div class=\"elementor-element elementor-element-d925920 elementor-widget elementor-widget-Houzez_elementor_grid_builder\" data-id=\"d925920\" data-element_type=\"widget\" data-widget_type=\"Houzez_elementor_grid_builder.default\">\n\t\t\t\t<div class=\"elementor-widget-container\">\n\t\t\t\t\t\n        <div class=\"grid-item  grid-item-v1\" data-ratio=\"landscape\" style=\"background-image: url(https:\/\/www.sonmezrealestate.com\/schome\/wp-content\/uploads\/2020\/12\/transfer.jpg)\">\n            <a class=\"grid-item-link hover-effect-flat\"  href=\"#?\">\n                <div class=\"grid-item-text-wrap d-flex flex-column justify-content-between w-100 h-100\">\n                    <div class=\"d-flex flex-column\">\n                        \n                                                <div class=\"grid-item-title\">Havaliman\u0131 Transferi<\/div>\n                                            <\/div>\n                    \n                                    <\/div><!-- taxonomy-text-wrap -->\n            <\/a>\n        <\/div>\n        \n        \t\t\t\t<\/div>\n\t\t\t\t<\/div>\n\t\t\t\t<div class=\"elementor-element elementor-element-73ca294 elementor-widget elementor-widget-Houzez_elementor_grid_builder\" data-id=\"73ca294\" data-element_type=\"widget\" data-widget_type=\"Houzez_elementor_grid_builder.default\">\n\t\t\t\t<div class=\"elementor-widget-container\">\n\t\t\t\t\t\n        <div class=\"grid-item  grid-item-v1\" data-ratio=\"landscape\" style=\"background-image: url(https:\/\/www.sonmezrealestate.com\/schome\/wp-content\/uploads\/2020\/12\/karsilama.jpg)\">\n            <a class=\"grid-item-link hover-effect-flat\"  href=\"#?\">\n                <div class=\"grid-item-text-wrap d-flex flex-column justify-content-between w-100 h-100\">\n                    <div class=\"d-flex flex-column\">\n                        \n                                                <div class=\"grid-item-title\">Ofiste Kar\u015f\u0131lama ve Toplant\u0131<\/div>\n                                            <\/div>\n                    \n                                    <\/div><!-- taxonomy-text-wrap -->\n            <\/a>\n        <\/div>\n        \n        \t\t\t\t<\/div>\n\t\t\t\t<\/div>\n\t\t\t\t\t<\/div>\n\t\t<\/div>\n\t\t\t\t<div class=\"elementor-column elementor-col-25 elementor-top-column elementor-element elementor-element-24a9b32\" data-id=\"24a9b32\" data-element_type=\"column\">\n\t\t\t<div class=\"elementor-widget-wrap elementor-element-populated\">\n\t\t\t\t\t\t<div class=\"elementor-element elementor-element-c74bf95 elementor-widget elementor-widget-Houzez_elementor_grid_builder\" data-id=\"c74bf95\" data-element_type=\"widget\" data-widget_type=\"Houzez_elementor_grid_builder.default\">\n\t\t\t\t<div class=\"elementor-widget-container\">\n\t\t\t\t\t\n        <div class=\"grid-item  grid-item-v1\" data-ratio=\"landscape\" style=\"background-image: url(https:\/\/www.sonmezrealestate.com\/schome\/wp-content\/uploads\/2020\/12\/konaklama.jpg)\">\n            <a class=\"grid-item-link hover-effect-flat\"  href=\"#?\">\n                <div class=\"grid-item-text-wrap d-flex flex-column justify-content-between w-100 h-100\">\n                    <div class=\"d-flex flex-column\">\n                        \n                                                <div class=\"grid-item-title\">Konforlu Bir Dairede Konaklama<\/div>\n                                            <\/div>\n                    \n                                    <\/div><!-- taxonomy-text-wrap -->\n            <\/a>\n        <\/div>\n        \n        \t\t\t\t<\/div>\n\t\t\t\t<\/div>\n\t\t\t\t<div class=\"elementor-element elementor-element-76c209f elementor-widget elementor-widget-Houzez_elementor_grid_builder\" data-id=\"76c209f\" data-element_type=\"widget\" data-widget_type=\"Houzez_elementor_grid_builder.default\">\n\t\t\t\t<div class=\"elementor-widget-container\">\n\t\t\t\t\t\n        <div class=\"grid-item  grid-item-v1\" data-ratio=\"landscape\" style=\"background-image: url(https:\/\/www.sonmezrealestate.com\/schome\/wp-content\/uploads\/2020\/12\/proje.jpg)\">\n            <a class=\"grid-item-link hover-effect-flat\"  href=\"#?\">\n                <div class=\"grid-item-text-wrap d-flex flex-column justify-content-between w-100 h-100\">\n                    <div class=\"d-flex flex-column\">\n                        \n                                                <div class=\"grid-item-title\">Menajer E\u015fli\u011finde Proje Tan\u0131t\u0131m Turu<\/div>\n                                            <\/div>\n                    \n                                    <\/div><!-- taxonomy-text-wrap -->\n            <\/a>\n        <\/div>\n        \n        \t\t\t\t<\/div>\n\t\t\t\t<\/div>\n\t\t\t\t\t<\/div>\n\t\t<\/div>\n\t\t\t\t<div class=\"elementor-column elementor-col-25 elementor-top-column elementor-element elementor-element-9812fae\" data-id=\"9812fae\" data-element_type=\"column\">\n\t\t\t<div class=\"elementor-widget-wrap elementor-element-populated\">\n\t\t\t\t\t\t<div class=\"elementor-element elementor-element-1dc8e99 elementor-widget elementor-widget-Houzez_elementor_grid_builder\" data-id=\"1dc8e99\" data-element_type=\"widget\" data-widget_type=\"Houzez_elementor_grid_builder.default\">\n\t\t\t\t<div class=\"elementor-widget-container\">\n\t\t\t\t\t\n        <div class=\"grid-item  grid-item-v1\" data-ratio=\"landscape\" style=\"background-image: url(https:\/\/www.sonmezrealestate.com\/wp-content\/uploads\/2025\/05\/aksam.jpg)\">\n            <a class=\"grid-item-link hover-effect-flat\"  href=\"#?\">\n                <div class=\"grid-item-text-wrap d-flex flex-column justify-content-between w-100 h-100\">\n                    <div class=\"d-flex flex-column\">\n                        \n                                                <div class=\"grid-item-title\">Birlikte Kahvalt\u0131 ve Ak\u015fam Yeme\u011fi<\/div>\n                                            <\/div>\n                    \n                                    <\/div><!-- taxonomy-text-wrap -->\n            <\/a>\n        <\/div>\n        \n        \t\t\t\t<\/div>\n\t\t\t\t<\/div>\n\t\t\t\t\t<\/div>\n\t\t<\/div>\n\t\t\t\t\t<\/div>\n\t\t<\/section>\n\t\t\t\t<section class=\"elementor-section elementor-top-section elementor-element elementor-element-b70d0f1 elementor-section-boxed elementor-section-height-default elementor-section-height-default\" data-id=\"b70d0f1\" data-element_type=\"section\">\n\t\t\t\t\t\t<div class=\"elementor-container elementor-column-gap-default\">\n\t\t\t\t\t<div class=\"elementor-column elementor-col-100 elementor-top-column elementor-element elementor-element-be06825\" data-id=\"be06825\" data-element_type=\"column\">\n\t\t\t<div class=\"elementor-widget-wrap elementor-element-populated\">\n\t\t\t\t\t\t<div class=\"elementor-element elementor-element-be7f437 elementor-widget elementor-widget-spacer\" data-id=\"be7f437\" data-element_type=\"widget\" data-widget_type=\"spacer.default\">\n\t\t\t\t<div class=\"elementor-widget-container\">\n\t\t\t\t\t\t\t<div class=\"elementor-spacer\">\n\t\t\t<div class=\"elementor-spacer-inner\"><\/div>\n\t\t<\/div>\n\t\t\t\t\t\t<\/div>\n\t\t\t\t<\/div>\n\t\t\t\t\t<\/div>\n\t\t<\/div>\n\t\t\t\t\t<\/div>\n\t\t<\/section>\n\t\t\t\t<\/div>\n\t\t","protected":false},"excerpt":{"rendered":"<p>Tan\u0131t\u0131m Turu Belki siz, misafirperver T\u00fcrkiye\u2019de birden fazla tatil yapm\u0131\u015fs\u0131n\u0131zd\u0131r ve buran\u0131n m\u00fckemmel hava durumunu biliyorsunuzdur, g\u00fcler y\u00fczl\u00fc yerli halk\u0131, zengin tarihi, k\u00fclt\u00fcr ve bir o kadar da zengin ve temiz denizi, ciddi d\u00fc\u015f\u00fcnm\u00fc\u015fs\u00fcn\u00fczd\u00fcr: neden kendime burada daire veya villa edinmeyeyim ki?Bir\u00e7ok resim ve plan g\u00f6rd\u00fckten sonra, do\u011fal olarak, sizde bir istek olu\u015fuyor gelecekte sizin [&hellip;]<\/p>\n","protected":false},"author":1,"featured_media":0,"parent":0,"menu_order":0,"comment_status":"closed","ping_status":"closed","template":"template\/template-homepage.php","meta":{"footnotes":""},"class_list":["post-202934","page","type-page","status-publish","hentry"],"yoast_head":"<!-- This site is optimized with the Yoast SEO plugin v25.3.1 - https:\/\/yoast.com\/wordpress\/plugins\/seo\/ -->\n<title>Tan\u0131t\u0131m Turu - S\u00f6nmez Real Estate &amp; Construction, Alanya, Antalya<\/title>\n<meta name=\"robots\" content=\"index, follow, max-snippet:-1, max-image-preview:large, max-video-preview:-1\" \/>\n<link rel=\"canonical\" href=\"https:\/\/old.sonmezrealestate.com\/tr\/tanitim-turu\/\" \/>\n<meta property=\"og:locale\" content=\"tr_TR\" \/>\n<meta property=\"og:type\" content=\"article\" \/>\n<meta property=\"og:title\" content=\"Tan\u0131t\u0131m Turu - S\u00f6nmez Real Estate &amp; Construction, Alanya, Antalya\" \/>\n<meta property=\"og:description\" content=\"Tan\u0131t\u0131m Turu Belki siz, misafirperver T\u00fcrkiye\u2019de birden fazla tatil yapm\u0131\u015fs\u0131n\u0131zd\u0131r ve buran\u0131n m\u00fckemmel hava durumunu biliyorsunuzdur, g\u00fcler y\u00fczl\u00fc yerli halk\u0131, zengin tarihi, k\u00fclt\u00fcr ve bir o kadar da zengin ve temiz denizi, ciddi d\u00fc\u015f\u00fcnm\u00fc\u015fs\u00fcn\u00fczd\u00fcr: neden kendime burada daire veya villa edinmeyeyim ki?Bir\u00e7ok resim ve plan g\u00f6rd\u00fckten sonra, do\u011fal olarak, sizde bir istek olu\u015fuyor gelecekte sizin [&hellip;]\" \/>\n<meta property=\"og:url\" content=\"https:\/\/old.sonmezrealestate.com\/tr\/tanitim-turu\/\" \/>\n<meta property=\"og:site_name\" content=\"S\u00f6nmez Real Estate &amp; Construction, Alanya, Antalya\" \/>\n<meta property=\"article:modified_time\" content=\"2025-05-22T18:17:33+00:00\" \/>\n<meta property=\"og:image\" content=\"https:\/\/www.sonmezrealestate.com\/schome\/wp-content\/uploads\/2020\/12\/tur.jpg\" \/>\n<meta name=\"twitter:card\" content=\"summary_large_image\" \/>\n<meta name=\"twitter:label1\" content=\"Tahmini okuma s\u00fcresi\" \/>\n\t<meta name=\"twitter:data1\" content=\"2 dakika\" \/>\n<script type=\"application\/ld+json\" class=\"yoast-schema-graph\">{\"@context\":\"https:\/\/schema.org\",\"@graph\":[{\"@type\":\"WebPage\",\"@id\":\"https:\/\/old.sonmezrealestate.com\/tr\/tanitim-turu\/\",\"url\":\"https:\/\/old.sonmezrealestate.com\/tr\/tanitim-turu\/\",\"name\":\"Tan\u0131t\u0131m Turu - S\u00f6nmez Real Estate &amp; Construction, Alanya, Antalya\",\"isPartOf\":{\"@id\":\"\/#website\"},\"primaryImageOfPage\":{\"@id\":\"https:\/\/old.sonmezrealestate.com\/tr\/tanitim-turu\/#primaryimage\"},\"image\":{\"@id\":\"https:\/\/old.sonmezrealestate.com\/tr\/tanitim-turu\/#primaryimage\"},\"thumbnailUrl\":\"https:\/\/www.sonmezrealestate.com\/schome\/wp-content\/uploads\/2020\/12\/tur.jpg\",\"datePublished\":\"2020-12-04T09:35:36+00:00\",\"dateModified\":\"2025-05-22T18:17:33+00:00\",\"breadcrumb\":{\"@id\":\"https:\/\/old.sonmezrealestate.com\/tr\/tanitim-turu\/#breadcrumb\"},\"inLanguage\":\"tr\",\"potentialAction\":[{\"@type\":\"ReadAction\",\"target\":[\"https:\/\/old.sonmezrealestate.com\/tr\/tanitim-turu\/\"]}]},{\"@type\":\"ImageObject\",\"inLanguage\":\"tr\",\"@id\":\"https:\/\/old.sonmezrealestate.com\/tr\/tanitim-turu\/#primaryimage\",\"url\":\"https:\/\/www.sonmezrealestate.com\/schome\/wp-content\/uploads\/2020\/12\/tur.jpg\",\"contentUrl\":\"https:\/\/www.sonmezrealestate.com\/schome\/wp-content\/uploads\/2020\/12\/tur.jpg\"},{\"@type\":\"BreadcrumbList\",\"@id\":\"https:\/\/old.sonmezrealestate.com\/tr\/tanitim-turu\/#breadcrumb\",\"itemListElement\":[{\"@type\":\"ListItem\",\"position\":1,\"name\":\"Home\",\"item\":\"https:\/\/old.sonmezrealestate.com\/tr\/\"},{\"@type\":\"ListItem\",\"position\":2,\"name\":\"Tan\u0131t\u0131m Turu\"}]},{\"@type\":\"WebSite\",\"@id\":\"\/#website\",\"url\":\"\/\",\"name\":\"S\u00f6nmez Real Estate &amp; Construction, Alanya, Antalya\",\"description\":\"Property in Alanya, Antalya\",\"potentialAction\":[{\"@type\":\"SearchAction\",\"target\":{\"@type\":\"EntryPoint\",\"urlTemplate\":\"\/?s={search_term_string}\"},\"query-input\":{\"@type\":\"PropertyValueSpecification\",\"valueRequired\":true,\"valueName\":\"search_term_string\"}}],\"inLanguage\":\"tr\"}]}<\/script>\n<!-- \/ Yoast SEO plugin. -->","yoast_head_json":{"title":"Tan\u0131t\u0131m Turu - S\u00f6nmez Real Estate &amp; Construction, Alanya, Antalya","robots":{"index":"index","follow":"follow","max-snippet":"max-snippet:-1","max-image-preview":"max-image-preview:large","max-video-preview":"max-video-preview:-1"},"canonical":"https:\/\/old.sonmezrealestate.com\/tr\/tanitim-turu\/","og_locale":"tr_TR","og_type":"article","og_title":"Tan\u0131t\u0131m Turu - S\u00f6nmez Real Estate &amp; Construction, Alanya, Antalya","og_description":"Tan\u0131t\u0131m Turu Belki siz, misafirperver T\u00fcrkiye\u2019de birden fazla tatil yapm\u0131\u015fs\u0131n\u0131zd\u0131r ve buran\u0131n m\u00fckemmel hava durumunu biliyorsunuzdur, g\u00fcler y\u00fczl\u00fc yerli halk\u0131, zengin tarihi, k\u00fclt\u00fcr ve bir o kadar da zengin ve temiz denizi, ciddi d\u00fc\u015f\u00fcnm\u00fc\u015fs\u00fcn\u00fczd\u00fcr: neden kendime burada daire veya villa edinmeyeyim ki?Bir\u00e7ok resim ve plan g\u00f6rd\u00fckten sonra, do\u011fal olarak, sizde bir istek olu\u015fuyor gelecekte sizin [&hellip;]","og_url":"https:\/\/old.sonmezrealestate.com\/tr\/tanitim-turu\/","og_site_name":"S\u00f6nmez Real Estate &amp; Construction, Alanya, Antalya","article_modified_time":"2025-05-22T18:17:33+00:00","og_image":[{"url":"https:\/\/www.sonmezrealestate.com\/schome\/wp-content\/uploads\/2020\/12\/tur.jpg","type":"","width":"","height":""}],"twitter_card":"summary_large_image","twitter_misc":{"Tahmini okuma s\u00fcresi":"2 dakika"},"schema":{"@context":"https:\/\/schema.org","@graph":[{"@type":"WebPage","@id":"https:\/\/old.sonmezrealestate.com\/tr\/tanitim-turu\/","url":"https:\/\/old.sonmezrealestate.com\/tr\/tanitim-turu\/","name":"Tan\u0131t\u0131m Turu - S\u00f6nmez Real Estate &amp; Construction, Alanya, Antalya","isPartOf":{"@id":"\/#website"},"primaryImageOfPage":{"@id":"https:\/\/old.sonmezrealestate.com\/tr\/tanitim-turu\/#primaryimage"},"image":{"@id":"https:\/\/old.sonmezrealestate.com\/tr\/tanitim-turu\/#primaryimage"},"thumbnailUrl":"https:\/\/www.sonmezrealestate.com\/schome\/wp-content\/uploads\/2020\/12\/tur.jpg","datePublished":"2020-12-04T09:35:36+00:00","dateModified":"2025-05-22T18:17:33+00:00","breadcrumb":{"@id":"https:\/\/old.sonmezrealestate.com\/tr\/tanitim-turu\/#breadcrumb"},"inLanguage":"tr","potentialAction":[{"@type":"ReadAction","target":["https:\/\/old.sonmezrealestate.com\/tr\/tanitim-turu\/"]}]},{"@type":"ImageObject","inLanguage":"tr","@id":"https:\/\/old.sonmezrealestate.com\/tr\/tanitim-turu\/#primaryimage","url":"https:\/\/www.sonmezrealestate.com\/schome\/wp-content\/uploads\/2020\/12\/tur.jpg","contentUrl":"https:\/\/www.sonmezrealestate.com\/schome\/wp-content\/uploads\/2020\/12\/tur.jpg"},{"@type":"BreadcrumbList","@id":"https:\/\/old.sonmezrealestate.com\/tr\/tanitim-turu\/#breadcrumb","itemListElement":[{"@type":"ListItem","position":1,"name":"Home","item":"https:\/\/old.sonmezrealestate.com\/tr\/"},{"@type":"ListItem","position":2,"name":"Tan\u0131t\u0131m Turu"}]},{"@type":"WebSite","@id":"\/#website","url":"\/","name":"S\u00f6nmez Real Estate &amp; Construction, Alanya, Antalya","description":"Property in Alanya, Antalya","potentialAction":[{"@type":"SearchAction","target":{"@type":"EntryPoint","urlTemplate":"\/?s={search_term_string}"},"query-input":{"@type":"PropertyValueSpecification","valueRequired":true,"valueName":"search_term_string"}}],"inLanguage":"tr"}]}},"_links":{"self":[{"href":"https:\/\/old.sonmezrealestate.com\/tr\/wp-json\/wp\/v2\/pages\/202934","targetHints":{"allow":["GET"]}}],"collection":[{"href":"https:\/\/old.sonmezrealestate.com\/tr\/wp-json\/wp\/v2\/pages"}],"about":[{"href":"https:\/\/old.sonmezrealestate.com\/tr\/wp-json\/wp\/v2\/types\/page"}],"author":[{"embeddable":true,"href":"https:\/\/old.sonmezrealestate.com\/tr\/wp-json\/wp\/v2\/users\/1"}],"replies":[{"embeddable":true,"href":"https:\/\/old.sonmezrealestate.com\/tr\/wp-json\/wp\/v2\/comments?post=202934"}],"version-history":[{"count":12,"href":"https:\/\/old.sonmezrealestate.com\/tr\/wp-json\/wp\/v2\/pages\/202934\/revisions"}],"predecessor-version":[{"id":307521,"href":"https:\/\/old.sonmezrealestate.com\/tr\/wp-json\/wp\/v2\/pages\/202934\/revisions\/307521"}],"wp:attachment":[{"href":"https:\/\/old.sonmezrealestate.com\/tr\/wp-json\/wp\/v2\/media?parent=202934"}],"curies":[{"name":"wp","href":"https:\/\/api.w.org\/{rel}","templated":true}]}}