{"id":202922,"date":"2020-02-24T22:15:15","date_gmt":"2020-02-24T22:15:15","guid":{"rendered":"http:\/\/www.sonmezrealestate.com\/about-us\/"},"modified":"2024-02-16T16:36:04","modified_gmt":"2024-02-16T13:36:04","slug":"sirketimiz-hakkinda","status":"publish","type":"page","link":"https:\/\/old.sonmezrealestate.com\/tr\/sirketimiz-hakkinda\/","title":{"rendered":"\u015eirketimiz Hakk\u0131nda"},"content":{"rendered":"\t\t<div data-elementor-type=\"wp-page\" data-elementor-id=\"202922\" class=\"elementor elementor-202922\" data-elementor-post-type=\"page\">\n\t\t\t\t\t\t<section class=\"elementor-section elementor-top-section elementor-element elementor-element-09038dc elementor-section-boxed elementor-section-height-default elementor-section-height-default\" data-id=\"09038dc\" data-element_type=\"section\" data-settings=\"{&quot;background_background&quot;:&quot;classic&quot;}\">\n\t\t\t\t\t\t<div class=\"elementor-container elementor-column-gap-default\">\n\t\t\t\t\t<div class=\"elementor-column elementor-col-100 elementor-top-column elementor-element elementor-element-c8278ac\" data-id=\"c8278ac\" data-element_type=\"column\">\n\t\t\t<div class=\"elementor-widget-wrap elementor-element-populated\">\n\t\t\t\t\t\t<div class=\"elementor-element elementor-element-3271868 elementor-widget elementor-widget-spacer\" data-id=\"3271868\" data-element_type=\"widget\" data-widget_type=\"spacer.default\">\n\t\t\t\t<div class=\"elementor-widget-container\">\n\t\t\t\t\t\t\t<div class=\"elementor-spacer\">\n\t\t\t<div class=\"elementor-spacer-inner\"><\/div>\n\t\t<\/div>\n\t\t\t\t\t\t<\/div>\n\t\t\t\t<\/div>\n\t\t\t\t<div class=\"elementor-element elementor-element-e7372b6 animated-slow elementor-invisible elementor-widget elementor-widget-houzez_elementor_section_title\" data-id=\"e7372b6\" data-element_type=\"widget\" data-settings=\"{&quot;_animation&quot;:&quot;fadeIn&quot;}\" data-widget_type=\"houzez_elementor_section_title.default\">\n\t\t\t\t<div class=\"elementor-widget-container\">\n\t\t\t\t\t            <div class=\"houzez_section_title_wrap section-title-module\">\n                                    <h2 class=\"houzez_section_title\">\u015e\u0130RKET\u0130 HAKKINDA<\/h2>\n                \n                            <\/div>\n            \t\t\t\t<\/div>\n\t\t\t\t<\/div>\n\t\t\t\t<div class=\"elementor-element elementor-element-69fe9b8 elementor-widget elementor-widget-text-editor\" data-id=\"69fe9b8\" data-element_type=\"widget\" data-widget_type=\"text-editor.default\">\n\t\t\t\t<div class=\"elementor-widget-container\">\n\t\t\t\t\t\t\t\t\t<p style=\"margin-right: 0px; margin-bottom: 20px; margin-left: 0px; color: #5b5b5b; font-size: 14px;\"><img fetchpriority=\"high\" decoding=\"async\" class=\"alignnone size-full wp-image-202926 alignright\" src=\"http:\/\/www.sonmezrealestate.com\/wp-content\/uploads\/2020\/12\/yntm.jpg\" alt=\"\" width=\"549\" height=\"239\" srcset=\"https:\/\/old.sonmezrealestate.com\/wp-content\/uploads\/2020\/12\/yntm.jpg 549w, https:\/\/old.sonmezrealestate.com\/wp-content\/uploads\/2020\/12\/yntm-300x131.jpg 300w, https:\/\/old.sonmezrealestate.com\/wp-content\/uploads\/2020\/12\/yntm-496x216.jpg 496w\" sizes=\"(max-width: 549px) 100vw, 549px\" \/><\/p><p style=\"text-align: justify;\">09.03.1978 tarihinde Antalya\u2019n\u0131n Alanya \u0130l\u00e7esi, Mahmutlar Mahallesi\u2019nde do\u011fdum. 2000 y\u0131l\u0131nda ba\u015flad\u0131\u011f\u0131m ticaret hayat\u0131mda \u00e7ok de\u011fi\u015fik sekt\u00f6rlerde i\u015fler yapt\u0131m. Mesleki olarak sevdi\u011fim emlak i\u015fine 2001 y\u0131l\u0131nda ba\u015flad\u0131m. Mesle\u011fimdeki ana prensibim; sat\u0131\u015f ve sat\u0131\u015f sonras\u0131 hizmetlerimizde m\u00fc\u015fterilerimin \u00f6dedi\u011fi bedelin kar\u015f\u0131l\u0131\u011f\u0131n\u0131 tam olarak almalar\u0131n\u0131 sa\u011flamak oldu. \u201cSat\u0131\u015f\u0131m\u0131z\u0131 yapal\u0131m, m\u00fc\u015fterilerimizi unutal\u0131m\u201d anlay\u0131\u015f\u0131n\u0131 hi\u00e7bir zaman kabul etmedim ve etmeyece\u011fim. Herkese hak etti\u011fi de\u011feri vererek, inan\u00e7la ve azimle \u00e7al\u0131\u015ft\u0131m. Elbette bunlar\u0131 t\u00fcm \u00e7al\u0131\u015fanlar\u0131mla, ekip ruhu i\u00e7inde olu\u015fturdu\u011fumuz aile \u00e7at\u0131s\u0131 alt\u0131nda ger\u00e7ekle\u015ftirdik. Bu yolda, bize inanan, g\u00fcvenen ve de\u011fer veren siz de\u011ferli dostlar\u0131m\u0131zla birlikte ilerledik ve daha da ileriye gidece\u011fiz. \u00d6zellikle sat\u0131\u015f sonras\u0131 hizmetlerimizle, \u201cTam M\u00fc\u015fteri Memnuniyeti\u201d ilkemizden taviz vermedik. Samimiyet ve g\u00fcven temeline \u00f6nem verdi\u011fimiz m\u00fc\u015fteri ili\u015fkileri anlay\u0131\u015f\u0131m\u0131zla, sevin\u00e7lerimizi ve \u00fcz\u00fcnt\u00fclerimizi payla\u015ft\u0131\u011f\u0131m\u0131z m\u00fc\u015fterilerimizle dostluklar kurduk.<\/p><p style=\"text-align: justify;\">\u00d6ncesinde referanslar\u0131m\u0131z\u0131 olu\u015fturarak ve tecr\u00fcbe kazanarak kendimizi haz\u0131rlad\u0131\u011f\u0131m\u0131z in\u015faat sekt\u00f6r\u00fcndeki faaliyetlerimize 2013 y\u0131l\u0131nda; <strong>&#8220;NOVITA RESIDENCES&#8221;<\/strong> projelerimizle ba\u015flad\u0131k. Markam\u0131z olan <strong>\u201cNOVITA\u201d<\/strong> kelimesinin a\u00e7\u0131l\u0131m\u0131 ve anlam\u0131; T\u00fcrk\u00e7e kar\u015f\u0131l\u0131\u011f\u0131 <b>\u201cYEN\u0130\u201d<\/b> olan <strong>\u201cNOVAM\u201d<\/strong> ve <strong>\u201cYA\u015eAM\u201d<\/strong> olan <strong>\u201cVITAM\u201d<\/strong> kelimeleridir. Bu markan\u0131n olu\u015fumunda, ailemin ve ekibimin \u00e7ok b\u00fcy\u00fck yard\u0131m\u0131 olmu\u015ftur.<\/p><p style=\"text-align: justify;\"><strong>&#8220;NOVITA RESIDENCES&#8221;<\/strong> projelerimiz; tamamen insan odakl\u0131, do\u011fa ile dost, ya\u015famsal ve ayn\u0131 zamanda yat\u0131r\u0131msal projelerdir. <strong>&#8220;NOVITA RESIDENCES&#8221;<\/strong> projelerimizde; konuma, site i\u00e7i sosyal aktivitelere ve bu aktivitelerin kullan\u0131labilir olmas\u0131na \u00f6nem verdik. \u00d6rne\u011fin; \u00e7o\u011fu sitelerde kullan\u0131lan, ucuz ama y\u00fcksek elektrik t\u00fcketimi y\u00fcz\u00fcnden kapal\u0131 havuzun \u00e7al\u0131\u015fma maliyetini artt\u0131rd\u0131\u011f\u0131 i\u00e7in faaliyete ge\u00e7ememesine sebep olan, elektrikli rezistans sistemi yerine, son teknoloji \u0131s\u0131 pompas\u0131 sistemleri ile havadan suyu \u0131s\u0131tan ve kullan\u0131m maliyetini d\u00fc\u015f\u00fcrerek, kapal\u0131 havuzu kullan\u0131m olana\u011f\u0131 sa\u011flayan, ayn\u0131 zamanda so\u011futma \u00f6zelli\u011fi de olan, do\u011fa dostu bir sistemdir.<\/p><p style=\"text-align: justify;\"><strong>&#8220;NOVITA RESIDENCES&#8221;<\/strong> projelerimizde; fiyat politikalar\u0131m\u0131z\u0131 \u00e7ok iyi optimize ederek, m\u00fc\u015fterilerimize ya\u015fayabilecekleri iyi bir ortam ve karl\u0131 bir yat\u0131r\u0131m olana\u011f\u0131 sunmay\u0131 hedefledik. T\u00fcm bunlarla birlikte, g\u00fcn\u00fcm\u00fczde b\u00fcy\u00fck bir ihtiya\u00e7 haline gelen, eski ve riskli binalar\u0131n yerine, yeni ve g\u00fcvenilir sitelerin in\u015fa edildi\u011fi \u201cKentsel D\u00f6n\u00fc\u015f\u00fcm\u201d projelerini Mahmutlar ve ALANYA b\u00f6lgesinde ger\u00e7ekle\u015ftiren ilk iki firmadan biri olduk.<\/p><p style=\"text-align: justify;\">Bu yolculu\u011fumuzda; bize g\u00fcvenerek yat\u0131r\u0131m yapan m\u00fc\u015fterilerimize, bize inan\u0131p projelerimize sat\u0131\u015f deste\u011fi veren gayrimenkul acentelerimize, desteklerini esirgemeyen belediye ba\u015fkanlar\u0131m\u0131za ve \u00e7al\u0131\u015fanlar\u0131na, her zaman destekleyen ekibime ve beni hi\u00e7bir zaman yaln\u0131z b\u0131rakmayan aileme \u00e7ok te\u015fekk\u00fcr ediyorum. Bu g\u00fcvene lay\u0131k olma ilke ve anlay\u0131\u015f\u0131 ile \u00e7al\u0131\u015fmalar\u0131m\u0131za devam ediyoruz. \u00c7\u00fcnk\u00fc ben ve ekibim, \u201c\u00f6nce insan\u201c ilkemizle, hi\u00e7bir ayr\u0131m yapmadan, g\u00f6zlerimizi huzurla kapat\u0131p, temiz ve hesap verebilir kalmay\u0131 hedefledik.<\/p><p style=\"text-align: right;\"><b>Sayg\u0131lar\u0131mla,<br \/>Mustafa S\u00f6nmez<\/b><\/p>\t\t\t\t\t\t\t\t<\/div>\n\t\t\t\t<\/div>\n\t\t\t\t<div class=\"elementor-element elementor-element-673009b elementor-widget elementor-widget-image\" data-id=\"673009b\" data-element_type=\"widget\" data-widget_type=\"image.default\">\n\t\t\t\t<div class=\"elementor-widget-container\">\n\t\t\t\t\t\t\t\t\t\t\t\t\t\t\t<img decoding=\"async\" width=\"1620\" height=\"681\" src=\"https:\/\/old.sonmezrealestate.com\/wp-content\/uploads\/2020\/12\/sch.jpg\" class=\"attachment-full size-full wp-image-18123\" alt=\"\" srcset=\"https:\/\/old.sonmezrealestate.com\/wp-content\/uploads\/2020\/12\/sch.jpg 1620w, https:\/\/old.sonmezrealestate.com\/wp-content\/uploads\/2020\/12\/sch-300x126.jpg 300w, https:\/\/old.sonmezrealestate.com\/wp-content\/uploads\/2020\/12\/sch-1024x430.jpg 1024w, https:\/\/old.sonmezrealestate.com\/wp-content\/uploads\/2020\/12\/sch-768x323.jpg 768w, https:\/\/old.sonmezrealestate.com\/wp-content\/uploads\/2020\/12\/sch-1536x646.jpg 1536w, https:\/\/old.sonmezrealestate.com\/wp-content\/uploads\/2020\/12\/sch-1427x600.jpg 1427w, https:\/\/old.sonmezrealestate.com\/wp-content\/uploads\/2020\/12\/sch-496x209.jpg 496w\" sizes=\"(max-width: 1620px) 100vw, 1620px\" \/>\t\t\t\t\t\t\t\t\t\t\t\t\t\t\t<\/div>\n\t\t\t\t<\/div>\n\t\t\t\t<div class=\"elementor-element elementor-element-7b81194 elementor-widget elementor-widget-text-editor\" data-id=\"7b81194\" data-element_type=\"widget\" data-widget_type=\"text-editor.default\">\n\t\t\t\t<div class=\"elementor-widget-container\">\n\t\t\t\t\t\t\t\t\t<div class=\"wpb_text_column wpb_content_element \"><div class=\"wpb_wrapper\"><p style=\"text-align: justify;\"><strong>S\u00f6nmez Emlak<\/strong> <strong>&amp; \u0130n\u015faat<\/strong> se\u00e7kin bir portf\u00f6y\u00fc sizler i\u00e7in bir araya getirmi\u015ftir. Teknik alt yap\u0131m\u0131zla sekt\u00f6r\u00fcm\u00fczde fark yaratmak ve ko\u015fulsuz memnuniyet sa\u011flamak i\u00e7in \u00e7al\u0131\u015fmaktay\u0131z. S\u00f6nmez Emlak &amp; \u0130n\u015faat, m\u00fc\u015fteri odakl\u0131 anlay\u0131\u015f\u0131n\u0131 s\u00fcrekli geli\u015ftirerek, bilgi ve vizyonunu sekt\u00f6rle payla\u015fmakta ve bu \u00e7er\u00e7evede hizmet vermektedir. Ayr\u0131ca Alanya S\u00f6nmez Emlak ve in\u015faat, sekt\u00f6rde olu\u015fturdu\u011fu g\u00fcveni, s\u00fcrekli geli\u015fimine paralel hale getirerek, Emlak sekt\u00f6r\u00fcnde lider ve vazge\u00e7ilmez bir marka olmay\u0131 2001 y\u0131l\u0131ndan bu yana s\u00fcrd\u00fcrmektedir.<\/p><p style=\"text-align: justify;\">S\u00f6nmez Emlak &amp; \u0130n\u015faat \u015firketi olarak biz; genel anlamda hizmetlerimizi s\u0131ralamam\u0131z gerekirse; emlak dan\u0131\u015fmanl\u0131\u011f\u0131, gayrimenkul al\u0131m, sat\u0131m ve pazarlamas\u0131,\u00a0daire, villa, d\u00fckkan ve komple bina gibi emlaklar\u0131n\u0131z\u0131n tadilat, tamirat ve restorasyonlar\u0131n\u0131, ev sigortas\u0131 ve dask, konut kredisi i\u015flemlerinde kolayl\u0131klar sa\u011flamaktay\u0131z. Bunlar\u0131n d\u0131\u015f\u0131nda, yerli ve yabanc\u0131 m\u00fc\u015fteri portf\u00f6y\u00fcm\u00fcz, bizi yeni hizmet alanlar\u0131nda kadro olu\u015fturmaya y\u00f6neltmi\u015ftir. Siz de\u011ferli m\u00fc\u015fterilerimizin hayat\u0131n\u0131 kolayla\u015ft\u0131rmak ve y\u00fcksek m\u00fc\u015fteri memnuniyeti sa\u011flamak d\u00fc\u015f\u00fcncesiyle, hizmetlerimize ek olarak; konusunda uzman, deneyimli personellerimizle sizlere \u015fu hizmetleri de vermekteyiz. Havaalan\u0131 transferi, temizlik hizmetleri, ara\u00e7 kiralama, elektrik su abonelikleri, tapu beyan\u0131, yabanc\u0131 uyruklu m\u00fc\u015fterilerimiz i\u00e7in vize i\u015flemleri ve vergi numaras\u0131 alma, mobilya ve beyaz e\u015fya al\u0131mlar\u0131n\u0131zda kolay al\u0131\u015fveri\u015f ve turizm alan\u0131nda da g\u00fcnl\u00fck tur hizmetleri gibi daha bir\u00e7ok hizmeti,\u00a0Alanya S\u00f6nmez Emlak ve in\u015faat \u015firketi g\u00fcvencesiyle siz de\u011ferli m\u00fc\u015fterimize sunmaktan mutluluk ve onur duymaktay\u0131z.<\/p><p style=\"text-align: justify;\">T\u00fcm m\u00fc\u015fterilerimizin ihtiya\u00e7lar\u0131n\u0131 dinliyor ve olas\u0131 en \u00f6zel, en uygun alternatifleri sunmak i\u00e7in \u00fcst\u00fcn \u00e7aba g\u00f6steriyoruz.<\/p><p style=\"text-align: right;\">Birikimlerinizin ger\u00e7ek kar\u015f\u0131l\u0131\u011f\u0131n\u0131 alabilece\u011finiz g\u00fcvenin adresi.<br \/><b> S\u00d6NMEZ EMLAK &amp; \u0130N\u015eAAT<\/b><\/p><\/div><\/div><div class=\"wpb_text_column wpb_content_element \"><div class=\"wpb_wrapper\" style=\"text-align: right;\">\u00a0<\/div><\/div>\t\t\t\t\t\t\t\t<\/div>\n\t\t\t\t<\/div>\n\t\t\t\t<div class=\"elementor-element elementor-element-b54ca8d elementor-widget elementor-widget-video\" data-id=\"b54ca8d\" data-element_type=\"widget\" data-settings=\"{&quot;youtube_url&quot;:&quot;https:\\\/\\\/www.youtube.com\\\/watch?v=Cc89EQvoqQ4&quot;,&quot;video_type&quot;:&quot;youtube&quot;,&quot;controls&quot;:&quot;yes&quot;}\" data-widget_type=\"video.default\">\n\t\t\t\t<div class=\"elementor-widget-container\">\n\t\t\t\t\t\t\t<div class=\"elementor-wrapper elementor-open-inline\">\n\t\t\t<div class=\"elementor-video\"><\/div>\t\t<\/div>\n\t\t\t\t\t\t<\/div>\n\t\t\t\t<\/div>\n\t\t\t\t<div class=\"elementor-element elementor-element-c4f6033 elementor-widget elementor-widget-spacer\" data-id=\"c4f6033\" data-element_type=\"widget\" data-widget_type=\"spacer.default\">\n\t\t\t\t<div class=\"elementor-widget-container\">\n\t\t\t\t\t\t\t<div class=\"elementor-spacer\">\n\t\t\t<div class=\"elementor-spacer-inner\"><\/div>\n\t\t<\/div>\n\t\t\t\t\t\t<\/div>\n\t\t\t\t<\/div>\n\t\t\t\t\t<\/div>\n\t\t<\/div>\n\t\t\t\t\t<\/div>\n\t\t<\/section>\n\t\t\t\t<\/div>\n\t\t","protected":false},"excerpt":{"rendered":"<p>\u015e\u0130RKET\u0130 HAKKINDA 09.03.1978 tarihinde Antalya\u2019n\u0131n Alanya \u0130l\u00e7esi, Mahmutlar Mahallesi\u2019nde do\u011fdum. 2000 y\u0131l\u0131nda ba\u015flad\u0131\u011f\u0131m ticaret hayat\u0131mda \u00e7ok de\u011fi\u015fik sekt\u00f6rlerde i\u015fler yapt\u0131m. Mesleki olarak sevdi\u011fim emlak i\u015fine 2001 y\u0131l\u0131nda ba\u015flad\u0131m. Mesle\u011fimdeki ana prensibim; sat\u0131\u015f ve sat\u0131\u015f sonras\u0131 hizmetlerimizde m\u00fc\u015fterilerimin \u00f6dedi\u011fi bedelin kar\u015f\u0131l\u0131\u011f\u0131n\u0131 tam olarak almalar\u0131n\u0131 sa\u011flamak oldu. \u201cSat\u0131\u015f\u0131m\u0131z\u0131 yapal\u0131m, m\u00fc\u015fterilerimizi unutal\u0131m\u201d anlay\u0131\u015f\u0131n\u0131 hi\u00e7bir zaman kabul etmedim ve [&hellip;]<\/p>\n","protected":false},"author":1,"featured_media":0,"parent":0,"menu_order":0,"comment_status":"closed","ping_status":"closed","template":"template\/template-homepage.php","meta":{"footnotes":""},"class_list":["post-202922","page","type-page","status-publish","hentry"],"yoast_head":"<!-- This site is optimized with the Yoast SEO plugin v25.3.1 - https:\/\/yoast.com\/wordpress\/plugins\/seo\/ -->\n<title>\u015eirketimiz Hakk\u0131nda - S\u00f6nmez Real Estate &amp; Construction, Alanya, Antalya<\/title>\n<meta name=\"robots\" content=\"index, follow, max-snippet:-1, max-image-preview:large, max-video-preview:-1\" \/>\n<link rel=\"canonical\" href=\"https:\/\/old.sonmezrealestate.com\/tr\/sirketimiz-hakkinda\/\" \/>\n<meta property=\"og:locale\" content=\"tr_TR\" \/>\n<meta property=\"og:type\" content=\"article\" \/>\n<meta property=\"og:title\" content=\"\u015eirketimiz Hakk\u0131nda - S\u00f6nmez Real Estate &amp; Construction, Alanya, Antalya\" \/>\n<meta property=\"og:description\" content=\"\u015e\u0130RKET\u0130 HAKKINDA 09.03.1978 tarihinde Antalya\u2019n\u0131n Alanya \u0130l\u00e7esi, Mahmutlar Mahallesi\u2019nde do\u011fdum. 2000 y\u0131l\u0131nda ba\u015flad\u0131\u011f\u0131m ticaret hayat\u0131mda \u00e7ok de\u011fi\u015fik sekt\u00f6rlerde i\u015fler yapt\u0131m. Mesleki olarak sevdi\u011fim emlak i\u015fine 2001 y\u0131l\u0131nda ba\u015flad\u0131m. Mesle\u011fimdeki ana prensibim; sat\u0131\u015f ve sat\u0131\u015f sonras\u0131 hizmetlerimizde m\u00fc\u015fterilerimin \u00f6dedi\u011fi bedelin kar\u015f\u0131l\u0131\u011f\u0131n\u0131 tam olarak almalar\u0131n\u0131 sa\u011flamak oldu. \u201cSat\u0131\u015f\u0131m\u0131z\u0131 yapal\u0131m, m\u00fc\u015fterilerimizi unutal\u0131m\u201d anlay\u0131\u015f\u0131n\u0131 hi\u00e7bir zaman kabul etmedim ve [&hellip;]\" \/>\n<meta property=\"og:url\" content=\"https:\/\/old.sonmezrealestate.com\/tr\/sirketimiz-hakkinda\/\" \/>\n<meta property=\"og:site_name\" content=\"S\u00f6nmez Real Estate &amp; Construction, Alanya, Antalya\" \/>\n<meta property=\"article:modified_time\" content=\"2024-02-16T13:36:04+00:00\" \/>\n<meta property=\"og:image\" content=\"http:\/\/www.sonmezrealestate.com\/wp-content\/uploads\/2020\/12\/yntm.jpg\" \/>\n<meta name=\"twitter:card\" content=\"summary_large_image\" \/>\n<meta name=\"twitter:label1\" content=\"Tahmini okuma s\u00fcresi\" \/>\n\t<meta name=\"twitter:data1\" content=\"4 dakika\" \/>\n<script type=\"application\/ld+json\" class=\"yoast-schema-graph\">{\"@context\":\"https:\/\/schema.org\",\"@graph\":[{\"@type\":\"WebPage\",\"@id\":\"https:\/\/old.sonmezrealestate.com\/tr\/sirketimiz-hakkinda\/\",\"url\":\"https:\/\/old.sonmezrealestate.com\/tr\/sirketimiz-hakkinda\/\",\"name\":\"\u015eirketimiz Hakk\u0131nda - S\u00f6nmez Real Estate &amp; Construction, Alanya, Antalya\",\"isPartOf\":{\"@id\":\"\/#website\"},\"primaryImageOfPage\":{\"@id\":\"https:\/\/old.sonmezrealestate.com\/tr\/sirketimiz-hakkinda\/#primaryimage\"},\"image\":{\"@id\":\"https:\/\/old.sonmezrealestate.com\/tr\/sirketimiz-hakkinda\/#primaryimage\"},\"thumbnailUrl\":\"http:\/\/www.sonmezrealestate.com\/wp-content\/uploads\/2020\/12\/yntm.jpg\",\"datePublished\":\"2020-02-24T22:15:15+00:00\",\"dateModified\":\"2024-02-16T13:36:04+00:00\",\"breadcrumb\":{\"@id\":\"https:\/\/old.sonmezrealestate.com\/tr\/sirketimiz-hakkinda\/#breadcrumb\"},\"inLanguage\":\"tr\",\"potentialAction\":[{\"@type\":\"ReadAction\",\"target\":[\"https:\/\/old.sonmezrealestate.com\/tr\/sirketimiz-hakkinda\/\"]}]},{\"@type\":\"ImageObject\",\"inLanguage\":\"tr\",\"@id\":\"https:\/\/old.sonmezrealestate.com\/tr\/sirketimiz-hakkinda\/#primaryimage\",\"url\":\"http:\/\/www.sonmezrealestate.com\/wp-content\/uploads\/2020\/12\/yntm.jpg\",\"contentUrl\":\"http:\/\/www.sonmezrealestate.com\/wp-content\/uploads\/2020\/12\/yntm.jpg\"},{\"@type\":\"BreadcrumbList\",\"@id\":\"https:\/\/old.sonmezrealestate.com\/tr\/sirketimiz-hakkinda\/#breadcrumb\",\"itemListElement\":[{\"@type\":\"ListItem\",\"position\":1,\"name\":\"Home\",\"item\":\"https:\/\/old.sonmezrealestate.com\/tr\/\"},{\"@type\":\"ListItem\",\"position\":2,\"name\":\"\u015eirketimiz Hakk\u0131nda\"}]},{\"@type\":\"WebSite\",\"@id\":\"\/#website\",\"url\":\"\/\",\"name\":\"S\u00f6nmez Real Estate &amp; Construction, Alanya, Antalya\",\"description\":\"Property in Alanya, Antalya\",\"potentialAction\":[{\"@type\":\"SearchAction\",\"target\":{\"@type\":\"EntryPoint\",\"urlTemplate\":\"\/?s={search_term_string}\"},\"query-input\":{\"@type\":\"PropertyValueSpecification\",\"valueRequired\":true,\"valueName\":\"search_term_string\"}}],\"inLanguage\":\"tr\"}]}<\/script>\n<!-- \/ Yoast SEO plugin. -->","yoast_head_json":{"title":"\u015eirketimiz Hakk\u0131nda - S\u00f6nmez Real Estate &amp; Construction, Alanya, Antalya","robots":{"index":"index","follow":"follow","max-snippet":"max-snippet:-1","max-image-preview":"max-image-preview:large","max-video-preview":"max-video-preview:-1"},"canonical":"https:\/\/old.sonmezrealestate.com\/tr\/sirketimiz-hakkinda\/","og_locale":"tr_TR","og_type":"article","og_title":"\u015eirketimiz Hakk\u0131nda - S\u00f6nmez Real Estate &amp; Construction, Alanya, Antalya","og_description":"\u015e\u0130RKET\u0130 HAKKINDA 09.03.1978 tarihinde Antalya\u2019n\u0131n Alanya \u0130l\u00e7esi, Mahmutlar Mahallesi\u2019nde do\u011fdum. 2000 y\u0131l\u0131nda ba\u015flad\u0131\u011f\u0131m ticaret hayat\u0131mda \u00e7ok de\u011fi\u015fik sekt\u00f6rlerde i\u015fler yapt\u0131m. Mesleki olarak sevdi\u011fim emlak i\u015fine 2001 y\u0131l\u0131nda ba\u015flad\u0131m. Mesle\u011fimdeki ana prensibim; sat\u0131\u015f ve sat\u0131\u015f sonras\u0131 hizmetlerimizde m\u00fc\u015fterilerimin \u00f6dedi\u011fi bedelin kar\u015f\u0131l\u0131\u011f\u0131n\u0131 tam olarak almalar\u0131n\u0131 sa\u011flamak oldu. \u201cSat\u0131\u015f\u0131m\u0131z\u0131 yapal\u0131m, m\u00fc\u015fterilerimizi unutal\u0131m\u201d anlay\u0131\u015f\u0131n\u0131 hi\u00e7bir zaman kabul etmedim ve [&hellip;]","og_url":"https:\/\/old.sonmezrealestate.com\/tr\/sirketimiz-hakkinda\/","og_site_name":"S\u00f6nmez Real Estate &amp; Construction, Alanya, Antalya","article_modified_time":"2024-02-16T13:36:04+00:00","og_image":[{"url":"http:\/\/www.sonmezrealestate.com\/wp-content\/uploads\/2020\/12\/yntm.jpg","type":"","width":"","height":""}],"twitter_card":"summary_large_image","twitter_misc":{"Tahmini okuma s\u00fcresi":"4 dakika"},"schema":{"@context":"https:\/\/schema.org","@graph":[{"@type":"WebPage","@id":"https:\/\/old.sonmezrealestate.com\/tr\/sirketimiz-hakkinda\/","url":"https:\/\/old.sonmezrealestate.com\/tr\/sirketimiz-hakkinda\/","name":"\u015eirketimiz Hakk\u0131nda - S\u00f6nmez Real Estate &amp; Construction, Alanya, Antalya","isPartOf":{"@id":"\/#website"},"primaryImageOfPage":{"@id":"https:\/\/old.sonmezrealestate.com\/tr\/sirketimiz-hakkinda\/#primaryimage"},"image":{"@id":"https:\/\/old.sonmezrealestate.com\/tr\/sirketimiz-hakkinda\/#primaryimage"},"thumbnailUrl":"http:\/\/www.sonmezrealestate.com\/wp-content\/uploads\/2020\/12\/yntm.jpg","datePublished":"2020-02-24T22:15:15+00:00","dateModified":"2024-02-16T13:36:04+00:00","breadcrumb":{"@id":"https:\/\/old.sonmezrealestate.com\/tr\/sirketimiz-hakkinda\/#breadcrumb"},"inLanguage":"tr","potentialAction":[{"@type":"ReadAction","target":["https:\/\/old.sonmezrealestate.com\/tr\/sirketimiz-hakkinda\/"]}]},{"@type":"ImageObject","inLanguage":"tr","@id":"https:\/\/old.sonmezrealestate.com\/tr\/sirketimiz-hakkinda\/#primaryimage","url":"http:\/\/www.sonmezrealestate.com\/wp-content\/uploads\/2020\/12\/yntm.jpg","contentUrl":"http:\/\/www.sonmezrealestate.com\/wp-content\/uploads\/2020\/12\/yntm.jpg"},{"@type":"BreadcrumbList","@id":"https:\/\/old.sonmezrealestate.com\/tr\/sirketimiz-hakkinda\/#breadcrumb","itemListElement":[{"@type":"ListItem","position":1,"name":"Home","item":"https:\/\/old.sonmezrealestate.com\/tr\/"},{"@type":"ListItem","position":2,"name":"\u015eirketimiz Hakk\u0131nda"}]},{"@type":"WebSite","@id":"\/#website","url":"\/","name":"S\u00f6nmez Real Estate &amp; Construction, Alanya, Antalya","description":"Property in Alanya, Antalya","potentialAction":[{"@type":"SearchAction","target":{"@type":"EntryPoint","urlTemplate":"\/?s={search_term_string}"},"query-input":{"@type":"PropertyValueSpecification","valueRequired":true,"valueName":"search_term_string"}}],"inLanguage":"tr"}]}},"_links":{"self":[{"href":"https:\/\/old.sonmezrealestate.com\/tr\/wp-json\/wp\/v2\/pages\/202922","targetHints":{"allow":["GET"]}}],"collection":[{"href":"https:\/\/old.sonmezrealestate.com\/tr\/wp-json\/wp\/v2\/pages"}],"about":[{"href":"https:\/\/old.sonmezrealestate.com\/tr\/wp-json\/wp\/v2\/types\/page"}],"author":[{"embeddable":true,"href":"https:\/\/old.sonmezrealestate.com\/tr\/wp-json\/wp\/v2\/users\/1"}],"replies":[{"embeddable":true,"href":"https:\/\/old.sonmezrealestate.com\/tr\/wp-json\/wp\/v2\/comments?post=202922"}],"version-history":[{"count":9,"href":"https:\/\/old.sonmezrealestate.com\/tr\/wp-json\/wp\/v2\/pages\/202922\/revisions"}],"predecessor-version":[{"id":304618,"href":"https:\/\/old.sonmezrealestate.com\/tr\/wp-json\/wp\/v2\/pages\/202922\/revisions\/304618"}],"wp:attachment":[{"href":"https:\/\/old.sonmezrealestate.com\/tr\/wp-json\/wp\/v2\/media?parent=202922"}],"curies":[{"name":"wp","href":"https:\/\/api.w.org\/{rel}","templated":true}]}}