{"id":208256,"date":"2020-12-11T16:59:30","date_gmt":"2020-12-11T13:59:30","guid":{"rendered":"http:\/\/www.sonmezrealestate.com\/ongoingprojects\/"},"modified":"2025-12-25T14:36:45","modified_gmt":"2025-12-25T11:36:45","slug":"projets-en-cours","status":"publish","type":"page","link":"https:\/\/old.sonmezrealestate.com\/fr\/projets-en-cours\/","title":{"rendered":"Projets en Cours"},"content":{"rendered":"\t\t<div data-elementor-type=\"wp-page\" data-elementor-id=\"208256\" class=\"elementor elementor-208256 elementor-208257\" data-elementor-post-type=\"page\">\n\t\t\t\t\t\t<section class=\"elementor-section elementor-top-section elementor-element elementor-element-817002a elementor-section-boxed elementor-section-height-default elementor-section-height-default\" data-id=\"817002a\" data-element_type=\"section\">\n\t\t\t\t\t\t<div class=\"elementor-container elementor-column-gap-default\">\n\t\t\t\t\t<div class=\"elementor-column elementor-col-100 elementor-top-column elementor-element elementor-element-5b74a85\" data-id=\"5b74a85\" data-element_type=\"column\">\n\t\t\t<div class=\"elementor-widget-wrap elementor-element-populated\">\n\t\t\t\t\t\t<div class=\"elementor-element elementor-element-31f919d elementor-widget elementor-widget-heading\" data-id=\"31f919d\" data-element_type=\"widget\" data-widget_type=\"heading.default\">\n\t\t\t\t<div class=\"elementor-widget-container\">\n\t\t\t\t\t<h2 class=\"elementor-heading-title elementor-size-default\">Nos Projets en Cours<\/h2>\t\t\t\t<\/div>\n\t\t\t\t<\/div>\n\t\t\t\t\t<\/div>\n\t\t<\/div>\n\t\t\t\t\t<\/div>\n\t\t<\/section>\n\t\t\t\t<section class=\"elementor-section elementor-top-section elementor-element elementor-element-0753397 elementor-section-boxed elementor-section-height-default elementor-section-height-default\" data-id=\"0753397\" data-element_type=\"section\">\n\t\t\t\t\t\t<div class=\"elementor-container elementor-column-gap-default\">\n\t\t\t\t\t<div class=\"elementor-column elementor-col-50 elementor-top-column elementor-element elementor-element-697e7b1\" data-id=\"697e7b1\" data-element_type=\"column\">\n\t\t\t<div class=\"elementor-widget-wrap elementor-element-populated\">\n\t\t\t\t\t\t<div class=\"elementor-element elementor-element-3bcc60e elementor-widget elementor-widget-Houzez_elementor_grid_builder\" data-id=\"3bcc60e\" data-element_type=\"widget\" data-widget_type=\"Houzez_elementor_grid_builder.default\">\n\t\t\t\t<div class=\"elementor-widget-container\">\n\t\t\t\t\t\n        <div class=\"grid-item  grid-item-v1\" data-ratio=\"landscape\" style=\"background-image: url(https:\/\/www.sonmezrealestate.com\/wp-content\/uploads\/2023\/10\/Novita-Fortune-Exterior-Pictures-1.jpg)\">\n            <a class=\"grid-item-link hover-effect-flat\"  target=\"_blank\" href=\"https:\/\/www.sonmezrealestate.com\/fr\/novita-fortune-residence\/\">\n                <div class=\"grid-item-text-wrap d-flex flex-column justify-content-between w-100 h-100\">\n                    <div class=\"d-flex flex-column\">\n                        \n                                                <div class=\"grid-item-title\">Novita Fortune Residence<\/div>\n                                            <\/div>\n                    \n                                        <div class=\"d-flex align-items-center justify-content-between\">\n                        <div class=\"grid-item-text-link\">Plus de d\u00e9tails<\/div>\n                        <div class=\"grid-item-icon\">\n                            <i class=\"houzez-icon icon-arrow-button-right-2\"><\/i>\n                        <\/div>\n                    <\/div>\n                                    <\/div><!-- taxonomy-text-wrap -->\n            <\/a>\n        <\/div>\n        \n        \t\t\t\t<\/div>\n\t\t\t\t<\/div>\n\t\t\t\t\t<\/div>\n\t\t<\/div>\n\t\t\t\t<div class=\"elementor-column elementor-col-50 elementor-top-column elementor-element elementor-element-a98b993\" data-id=\"a98b993\" data-element_type=\"column\">\n\t\t\t<div class=\"elementor-widget-wrap elementor-element-populated\">\n\t\t\t\t\t\t<div class=\"elementor-element elementor-element-9352cfe elementor-widget elementor-widget-Houzez_elementor_grid_builder\" data-id=\"9352cfe\" data-element_type=\"widget\" data-widget_type=\"Houzez_elementor_grid_builder.default\">\n\t\t\t\t<div class=\"elementor-widget-container\">\n\t\t\t\t\t\n        <div class=\"grid-item  grid-item-v1\" data-ratio=\"landscape\" style=\"background-image: url(https:\/\/www.sonmezrealestate.com\/wp-content\/uploads\/2023\/09\/Novita-Legacy-03-2-scaled.jpg)\">\n            <a class=\"grid-item-link hover-effect-flat\"  target=\"_blank\" href=\"https:\/\/www.sonmezrealestate.com\/fr\/novita-legacy-residence\/\">\n                <div class=\"grid-item-text-wrap d-flex flex-column justify-content-between w-100 h-100\">\n                    <div class=\"d-flex flex-column\">\n                        \n                                                <div class=\"grid-item-title\">Novita Legacy Residence<\/div>\n                                            <\/div>\n                    \n                                        <div class=\"d-flex align-items-center justify-content-between\">\n                        <div class=\"grid-item-text-link\">Plus de d\u00e9tails<\/div>\n                        <div class=\"grid-item-icon\">\n                            <i class=\"houzez-icon icon-arrow-button-right-2\"><\/i>\n                        <\/div>\n                    <\/div>\n                                    <\/div><!-- taxonomy-text-wrap -->\n            <\/a>\n        <\/div>\n        \n        \t\t\t\t<\/div>\n\t\t\t\t<\/div>\n\t\t\t\t\t<\/div>\n\t\t<\/div>\n\t\t\t\t\t<\/div>\n\t\t<\/section>\n\t\t\t\t<section class=\"elementor-section elementor-top-section elementor-element elementor-element-2d51b23 elementor-section-boxed elementor-section-height-default elementor-section-height-default\" data-id=\"2d51b23\" data-element_type=\"section\">\n\t\t\t\t\t\t<div class=\"elementor-container elementor-column-gap-default\">\n\t\t\t\t\t<div class=\"elementor-column elementor-col-50 elementor-top-column elementor-element elementor-element-ffbee1f\" data-id=\"ffbee1f\" data-element_type=\"column\">\n\t\t\t<div class=\"elementor-widget-wrap elementor-element-populated\">\n\t\t\t\t\t\t<div class=\"elementor-element elementor-element-cd9d673 elementor-widget elementor-widget-Houzez_elementor_grid_builder\" data-id=\"cd9d673\" data-element_type=\"widget\" data-widget_type=\"Houzez_elementor_grid_builder.default\">\n\t\t\t\t<div class=\"elementor-widget-container\">\n\t\t\t\t\t\n        <div class=\"grid-item  grid-item-v1\" data-ratio=\"landscape\" style=\"background-image: url(https:\/\/www.sonmezrealestate.com\/wp-content\/uploads\/2022\/04\/Novita-Square-Residence-1-3.jpg)\">\n            <a class=\"grid-item-link hover-effect-flat\"  href=\"https:\/\/www.sonmezrealestate.com\/fr\/novita-square-residence\/\">\n                <div class=\"grid-item-text-wrap d-flex flex-column justify-content-between w-100 h-100\">\n                    <div class=\"d-flex flex-column\">\n                        \n                                                <div class=\"grid-item-title\">Novita Square Residence<\/div>\n                                            <\/div>\n                    \n                                        <div class=\"d-flex align-items-center justify-content-between\">\n                        <div class=\"grid-item-text-link\">Plus de d\u00e9tails<\/div>\n                        <div class=\"grid-item-icon\">\n                            <i class=\"houzez-icon icon-arrow-button-right-2\"><\/i>\n                        <\/div>\n                    <\/div>\n                                    <\/div><!-- taxonomy-text-wrap -->\n            <\/a>\n        <\/div>\n        \n        \t\t\t\t<\/div>\n\t\t\t\t<\/div>\n\t\t\t\t\t<\/div>\n\t\t<\/div>\n\t\t\t\t<div class=\"elementor-column elementor-col-50 elementor-top-column elementor-element elementor-element-2a5829b\" data-id=\"2a5829b\" data-element_type=\"column\">\n\t\t\t<div class=\"elementor-widget-wrap elementor-element-populated\">\n\t\t\t\t\t\t<div class=\"elementor-element elementor-element-8bae71b elementor-widget elementor-widget-Houzez_elementor_grid_builder\" data-id=\"8bae71b\" data-element_type=\"widget\" data-widget_type=\"Houzez_elementor_grid_builder.default\">\n\t\t\t\t<div class=\"elementor-widget-container\">\n\t\t\t\t\t\n        <div class=\"grid-item  grid-item-v1\" data-ratio=\"landscape\" style=\"background-image: url(https:\/\/www.sonmezrealestate.com\/wp-content\/uploads\/2025\/06\/Novita-City-2-Exterior-Pictures-05.jpg)\">\n            <a class=\"grid-item-link hover-effect-flat\"  href=\"https:\/\/www.sonmezrealestate.com\/fr\/novita-city-2-residence\/\">\n                <div class=\"grid-item-text-wrap d-flex flex-column justify-content-between w-100 h-100\">\n                    <div class=\"d-flex flex-column\">\n                        \n                                                <div class=\"grid-item-title\">Novita City 2 Residence<\/div>\n                                            <\/div>\n                    \n                                        <div class=\"d-flex align-items-center justify-content-between\">\n                        <div class=\"grid-item-text-link\">Plus de d\u00e9tails<\/div>\n                        <div class=\"grid-item-icon\">\n                            <i class=\"houzez-icon icon-arrow-button-right-2\"><\/i>\n                        <\/div>\n                    <\/div>\n                                    <\/div><!-- taxonomy-text-wrap -->\n            <\/a>\n        <\/div>\n        \n        \t\t\t\t<\/div>\n\t\t\t\t<\/div>\n\t\t\t\t\t<\/div>\n\t\t<\/div>\n\t\t\t\t\t<\/div>\n\t\t<\/section>\n\t\t\t\t<section class=\"elementor-section elementor-top-section elementor-element elementor-element-5ec4009 elementor-section-boxed elementor-section-height-default elementor-section-height-default\" data-id=\"5ec4009\" data-element_type=\"section\">\n\t\t\t\t\t\t<div class=\"elementor-container elementor-column-gap-default\">\n\t\t\t\t\t<div class=\"elementor-column elementor-col-100 elementor-top-column elementor-element elementor-element-4c0dd5b\" data-id=\"4c0dd5b\" data-element_type=\"column\">\n\t\t\t<div class=\"elementor-widget-wrap elementor-element-populated\">\n\t\t\t\t\t\t<div class=\"elementor-element elementor-element-0a43b5b elementor-widget elementor-widget-Houzez_elementor_grid_builder\" data-id=\"0a43b5b\" data-element_type=\"widget\" data-widget_type=\"Houzez_elementor_grid_builder.default\">\n\t\t\t\t<div class=\"elementor-widget-container\">\n\t\t\t\t\t\n        <div class=\"grid-item  grid-item-v1\" data-ratio=\"landscape\" style=\"background-image: url(https:\/\/www.sonmezrealestate.com\/wp-content\/uploads\/2024\/01\/EXTERIOR-4.jpg)\">\n            <a class=\"grid-item-link hover-effect-flat\"  href=\"https:\/\/www.sonmezrealestate.com\/fr\/richmond-villas\/\">\n                <div class=\"grid-item-text-wrap d-flex flex-column justify-content-between w-100 h-100\">\n                    <div class=\"d-flex flex-column\">\n                        \n                                                <div class=\"grid-item-title\">Richmond Villas<\/div>\n                                            <\/div>\n                    \n                                        <div class=\"d-flex align-items-center justify-content-between\">\n                        <div class=\"grid-item-text-link\">Plus de d\u00e9tails<\/div>\n                        <div class=\"grid-item-icon\">\n                            <i class=\"houzez-icon icon-arrow-button-right-2\"><\/i>\n                        <\/div>\n                    <\/div>\n                                    <\/div><!-- taxonomy-text-wrap -->\n            <\/a>\n        <\/div>\n        \n        \t\t\t\t<\/div>\n\t\t\t\t<\/div>\n\t\t\t\t\t<\/div>\n\t\t<\/div>\n\t\t\t\t\t<\/div>\n\t\t<\/section>\n\t\t\t\t<section class=\"elementor-section elementor-top-section elementor-element elementor-element-6e5b47d elementor-section-boxed elementor-section-height-default elementor-section-height-default\" data-id=\"6e5b47d\" data-element_type=\"section\">\n\t\t\t\t\t\t<div class=\"elementor-container elementor-column-gap-default\">\n\t\t\t\t\t<div class=\"elementor-column elementor-col-100 elementor-top-column elementor-element elementor-element-f8dfafb\" data-id=\"f8dfafb\" data-element_type=\"column\">\n\t\t\t<div class=\"elementor-widget-wrap elementor-element-populated\">\n\t\t\t\t\t\t<div class=\"elementor-element elementor-element-4166afd elementor-widget elementor-widget-spacer\" data-id=\"4166afd\" data-element_type=\"widget\" data-widget_type=\"spacer.default\">\n\t\t\t\t<div class=\"elementor-widget-container\">\n\t\t\t\t\t\t\t<div class=\"elementor-spacer\">\n\t\t\t<div class=\"elementor-spacer-inner\"><\/div>\n\t\t<\/div>\n\t\t\t\t\t\t<\/div>\n\t\t\t\t<\/div>\n\t\t\t\t\t<\/div>\n\t\t<\/div>\n\t\t\t\t\t<\/div>\n\t\t<\/section>\n\t\t\t\t<\/div>\n\t\t","protected":false},"excerpt":{"rendered":"<p>Nos Projets en Cours Novita Fortune Residence Plus de d\u00e9tails Novita Legacy Residence Plus de d\u00e9tails Novita Square Residence Plus de d\u00e9tails Novita City 2 Residence Plus de d\u00e9tails Richmond Villas Plus de d\u00e9tails<\/p>\n","protected":false},"author":1,"featured_media":0,"parent":0,"menu_order":0,"comment_status":"closed","ping_status":"closed","template":"template\/template-homepage.php","meta":{"footnotes":""},"class_list":["post-208256","page","type-page","status-publish","hentry"],"yoast_head":"<!-- This site is optimized with the Yoast SEO plugin v25.3.1 - https:\/\/yoast.com\/wordpress\/plugins\/seo\/ -->\n<title>Projets en Cours - S\u00f6nmez Real Estate &amp; Construction, Alanya, Antalya<\/title>\n<meta name=\"robots\" content=\"index, follow, max-snippet:-1, max-image-preview:large, max-video-preview:-1\" \/>\n<link rel=\"canonical\" href=\"https:\/\/old.sonmezrealestate.com\/fr\/projets-en-cours\/\" \/>\n<meta property=\"og:locale\" content=\"fr_FR\" \/>\n<meta property=\"og:type\" content=\"article\" \/>\n<meta property=\"og:title\" content=\"Projets en Cours - S\u00f6nmez Real Estate &amp; Construction, Alanya, Antalya\" \/>\n<meta property=\"og:description\" content=\"Nos Projets en Cours Novita Fortune Residence Plus de d\u00e9tails Novita Legacy Residence Plus de d\u00e9tails Novita Square Residence Plus de d\u00e9tails Novita City 2 Residence Plus de d\u00e9tails Richmond Villas Plus de d\u00e9tails\" \/>\n<meta property=\"og:url\" content=\"https:\/\/old.sonmezrealestate.com\/fr\/projets-en-cours\/\" \/>\n<meta property=\"og:site_name\" content=\"S\u00f6nmez Real Estate &amp; Construction, Alanya, Antalya\" \/>\n<meta property=\"article:modified_time\" content=\"2025-12-25T11:36:45+00:00\" \/>\n<meta name=\"twitter:card\" content=\"summary_large_image\" \/>\n<meta name=\"twitter:label1\" content=\"Dur\u00e9e de lecture estim\u00e9e\" \/>\n\t<meta name=\"twitter:data1\" content=\"1 minute\" \/>\n<script type=\"application\/ld+json\" class=\"yoast-schema-graph\">{\"@context\":\"https:\/\/schema.org\",\"@graph\":[{\"@type\":\"WebPage\",\"@id\":\"https:\/\/old.sonmezrealestate.com\/fr\/projets-en-cours\/\",\"url\":\"https:\/\/old.sonmezrealestate.com\/fr\/projets-en-cours\/\",\"name\":\"Projets en Cours - S\u00f6nmez Real Estate &amp; Construction, Alanya, Antalya\",\"isPartOf\":{\"@id\":\"\/#website\"},\"datePublished\":\"2020-12-11T13:59:30+00:00\",\"dateModified\":\"2025-12-25T11:36:45+00:00\",\"breadcrumb\":{\"@id\":\"https:\/\/old.sonmezrealestate.com\/fr\/projets-en-cours\/#breadcrumb\"},\"inLanguage\":\"fr-FR\",\"potentialAction\":[{\"@type\":\"ReadAction\",\"target\":[\"https:\/\/old.sonmezrealestate.com\/fr\/projets-en-cours\/\"]}]},{\"@type\":\"BreadcrumbList\",\"@id\":\"https:\/\/old.sonmezrealestate.com\/fr\/projets-en-cours\/#breadcrumb\",\"itemListElement\":[{\"@type\":\"ListItem\",\"position\":1,\"name\":\"Home\",\"item\":\"https:\/\/old.sonmezrealestate.com\/fr\/\"},{\"@type\":\"ListItem\",\"position\":2,\"name\":\"Projets en Cours\"}]},{\"@type\":\"WebSite\",\"@id\":\"\/#website\",\"url\":\"\/\",\"name\":\"S\u00f6nmez Real Estate &amp; Construction, Alanya, Antalya\",\"description\":\"Property in Alanya, Antalya\",\"potentialAction\":[{\"@type\":\"SearchAction\",\"target\":{\"@type\":\"EntryPoint\",\"urlTemplate\":\"\/?s={search_term_string}\"},\"query-input\":{\"@type\":\"PropertyValueSpecification\",\"valueRequired\":true,\"valueName\":\"search_term_string\"}}],\"inLanguage\":\"fr-FR\"}]}<\/script>\n<!-- \/ Yoast SEO plugin. -->","yoast_head_json":{"title":"Projets en Cours - S\u00f6nmez Real Estate &amp; Construction, Alanya, Antalya","robots":{"index":"index","follow":"follow","max-snippet":"max-snippet:-1","max-image-preview":"max-image-preview:large","max-video-preview":"max-video-preview:-1"},"canonical":"https:\/\/old.sonmezrealestate.com\/fr\/projets-en-cours\/","og_locale":"fr_FR","og_type":"article","og_title":"Projets en Cours - S\u00f6nmez Real Estate &amp; Construction, Alanya, Antalya","og_description":"Nos Projets en Cours Novita Fortune Residence Plus de d\u00e9tails Novita Legacy Residence Plus de d\u00e9tails Novita Square Residence Plus de d\u00e9tails Novita City 2 Residence Plus de d\u00e9tails Richmond Villas Plus de d\u00e9tails","og_url":"https:\/\/old.sonmezrealestate.com\/fr\/projets-en-cours\/","og_site_name":"S\u00f6nmez Real Estate &amp; Construction, Alanya, Antalya","article_modified_time":"2025-12-25T11:36:45+00:00","twitter_card":"summary_large_image","twitter_misc":{"Dur\u00e9e de lecture estim\u00e9e":"1 minute"},"schema":{"@context":"https:\/\/schema.org","@graph":[{"@type":"WebPage","@id":"https:\/\/old.sonmezrealestate.com\/fr\/projets-en-cours\/","url":"https:\/\/old.sonmezrealestate.com\/fr\/projets-en-cours\/","name":"Projets en Cours - S\u00f6nmez Real Estate &amp; Construction, Alanya, Antalya","isPartOf":{"@id":"\/#website"},"datePublished":"2020-12-11T13:59:30+00:00","dateModified":"2025-12-25T11:36:45+00:00","breadcrumb":{"@id":"https:\/\/old.sonmezrealestate.com\/fr\/projets-en-cours\/#breadcrumb"},"inLanguage":"fr-FR","potentialAction":[{"@type":"ReadAction","target":["https:\/\/old.sonmezrealestate.com\/fr\/projets-en-cours\/"]}]},{"@type":"BreadcrumbList","@id":"https:\/\/old.sonmezrealestate.com\/fr\/projets-en-cours\/#breadcrumb","itemListElement":[{"@type":"ListItem","position":1,"name":"Home","item":"https:\/\/old.sonmezrealestate.com\/fr\/"},{"@type":"ListItem","position":2,"name":"Projets en Cours"}]},{"@type":"WebSite","@id":"\/#website","url":"\/","name":"S\u00f6nmez Real Estate &amp; Construction, Alanya, Antalya","description":"Property in Alanya, Antalya","potentialAction":[{"@type":"SearchAction","target":{"@type":"EntryPoint","urlTemplate":"\/?s={search_term_string}"},"query-input":{"@type":"PropertyValueSpecification","valueRequired":true,"valueName":"search_term_string"}}],"inLanguage":"fr-FR"}]}},"_links":{"self":[{"href":"https:\/\/old.sonmezrealestate.com\/fr\/wp-json\/wp\/v2\/pages\/208256","targetHints":{"allow":["GET"]}}],"collection":[{"href":"https:\/\/old.sonmezrealestate.com\/fr\/wp-json\/wp\/v2\/pages"}],"about":[{"href":"https:\/\/old.sonmezrealestate.com\/fr\/wp-json\/wp\/v2\/types\/page"}],"author":[{"embeddable":true,"href":"https:\/\/old.sonmezrealestate.com\/fr\/wp-json\/wp\/v2\/users\/1"}],"replies":[{"embeddable":true,"href":"https:\/\/old.sonmezrealestate.com\/fr\/wp-json\/wp\/v2\/comments?post=208256"}],"version-history":[{"count":27,"href":"https:\/\/old.sonmezrealestate.com\/fr\/wp-json\/wp\/v2\/pages\/208256\/revisions"}],"predecessor-version":[{"id":308276,"href":"https:\/\/old.sonmezrealestate.com\/fr\/wp-json\/wp\/v2\/pages\/208256\/revisions\/308276"}],"wp:attachment":[{"href":"https:\/\/old.sonmezrealestate.com\/fr\/wp-json\/wp\/v2\/media?parent=208256"}],"curies":[{"name":"wp","href":"https:\/\/api.w.org\/{rel}","templated":true}]}}