{"id":204426,"date":"2020-12-04T12:35:36","date_gmt":"2020-12-04T09:35:36","guid":{"rendered":"http:\/\/www.sonmezrealestate.com\/inspection-trip\/"},"modified":"2025-05-22T14:02:20","modified_gmt":"2025-05-22T11:02:20","slug":"voyage-decouverte","status":"publish","type":"page","link":"https:\/\/old.sonmezrealestate.com\/fr\/voyage-decouverte\/","title":{"rendered":"Voyage D\u00e9couverte"},"content":{"rendered":"\t\t<div data-elementor-type=\"wp-page\" data-elementor-id=\"204426\" class=\"elementor elementor-204426 elementor-17813\" data-elementor-post-type=\"page\">\n\t\t\t\t\t\t<section class=\"elementor-section elementor-top-section elementor-element elementor-element-f9ddc38 elementor-section-full_width elementor-section-stretched elementor-section-height-default elementor-section-height-default\" data-id=\"f9ddc38\" data-element_type=\"section\" data-settings=\"{&quot;stretch_section&quot;:&quot;section-stretched&quot;}\">\n\t\t\t\t\t\t<div class=\"elementor-container elementor-column-gap-default\">\n\t\t\t\t\t<div class=\"elementor-column elementor-col-100 elementor-top-column elementor-element elementor-element-a9b9dd5\" data-id=\"a9b9dd5\" data-element_type=\"column\">\n\t\t\t<div class=\"elementor-widget-wrap elementor-element-populated\">\n\t\t\t\t\t\t<div class=\"elementor-element elementor-element-fd0d160 elementor-widget elementor-widget-image\" data-id=\"fd0d160\" data-element_type=\"widget\" data-widget_type=\"image.default\">\n\t\t\t\t<div class=\"elementor-widget-container\">\n\t\t\t\t\t\t\t\t\t\t\t\t\t\t\t<img decoding=\"async\" src=\"https:\/\/www.sonmezrealestate.com\/schome\/wp-content\/uploads\/2020\/12\/tur.jpg\" title=\"\" alt=\"\" loading=\"lazy\" \/>\t\t\t\t\t\t\t\t\t\t\t\t\t\t\t<\/div>\n\t\t\t\t<\/div>\n\t\t\t\t\t<\/div>\n\t\t<\/div>\n\t\t\t\t\t<\/div>\n\t\t<\/section>\n\t\t\t\t<section class=\"elementor-section elementor-top-section elementor-element elementor-element-5c2acd9 elementor-section-boxed elementor-section-height-default elementor-section-height-default\" data-id=\"5c2acd9\" data-element_type=\"section\">\n\t\t\t\t\t\t<div class=\"elementor-container elementor-column-gap-default\">\n\t\t\t\t\t<div class=\"elementor-column elementor-col-100 elementor-top-column elementor-element elementor-element-800372f\" data-id=\"800372f\" data-element_type=\"column\">\n\t\t\t<div class=\"elementor-widget-wrap elementor-element-populated\">\n\t\t\t\t\t\t<div class=\"elementor-element elementor-element-a650d2e elementor-widget elementor-widget-heading\" data-id=\"a650d2e\" data-element_type=\"widget\" data-widget_type=\"heading.default\">\n\t\t\t\t<div class=\"elementor-widget-container\">\n\t\t\t\t\t<h2 class=\"elementor-heading-title elementor-size-default\">Voyage D\u00e9couverte Gratuit<\/h2>\t\t\t\t<\/div>\n\t\t\t\t<\/div>\n\t\t\t\t<div class=\"elementor-element elementor-element-f36fec5 elementor-widget elementor-widget-text-editor\" data-id=\"f36fec5\" data-element_type=\"widget\" data-widget_type=\"text-editor.default\">\n\t\t\t\t<div class=\"elementor-widget-container\">\n\t\t\t\t\t\t\t\t\t<p style=\"text-align: center;\">Nous vous proposons une visite de d\u00e9couverte gratuite de l&#8217;immobilier en Turquie, qui vous donnera l&#8217;occasion de d\u00e9couvrir la r\u00e9gion ou vous seriez int\u00e9ress\u00e9 d&#8217;acheter, d&#8217;apprendre de nombreuses informations int\u00e9ressantes et utiles, et surtout de voir de vos propres yeux les produits immobiliers en Turquie que nous vous s\u00e9lectionnerons \u00e0 l&#8217;avance, en tenant compte de vos crit\u00e8res et pr\u00e9f\u00e9rences.<\/p><p style=\"text-align: center;\">Nous nous occupons de toutes les d\u00e9marches n\u00e9cessaires pour vous accueillir.<\/p>\t\t\t\t\t\t\t\t<\/div>\n\t\t\t\t<\/div>\n\t\t\t\t\t<\/div>\n\t\t<\/div>\n\t\t\t\t\t<\/div>\n\t\t<\/section>\n\t\t\t\t<section class=\"elementor-section elementor-top-section elementor-element elementor-element-5075668 elementor-section-boxed elementor-section-height-default elementor-section-height-default\" data-id=\"5075668\" data-element_type=\"section\">\n\t\t\t\t\t\t<div class=\"elementor-container elementor-column-gap-default\">\n\t\t\t\t\t<div class=\"elementor-column elementor-col-100 elementor-top-column elementor-element elementor-element-be70855\" data-id=\"be70855\" data-element_type=\"column\">\n\t\t\t<div class=\"elementor-widget-wrap elementor-element-populated\">\n\t\t\t\t\t\t<div class=\"elementor-element elementor-element-d3f15a3 elementor-headline--style-highlight elementor-widget elementor-widget-animated-headline\" data-id=\"d3f15a3\" data-element_type=\"widget\" data-settings=\"{&quot;marker&quot;:&quot;underline&quot;,&quot;highlighted_text&quot;:&quot;Comprend&quot;,&quot;headline_style&quot;:&quot;highlight&quot;,&quot;loop&quot;:&quot;yes&quot;,&quot;highlight_animation_duration&quot;:1200,&quot;highlight_iteration_delay&quot;:8000}\" data-widget_type=\"animated-headline.default\">\n\t\t\t\t<div class=\"elementor-widget-container\">\n\t\t\t\t\t\t\t<h2 class=\"elementor-headline\">\n\t\t\t\t\t<span class=\"elementor-headline-plain-text elementor-headline-text-wrapper\">Le Programme du Voyage D\u00e9couverte<\/span>\n\t\t\t\t<span class=\"elementor-headline-dynamic-wrapper elementor-headline-text-wrapper\">\n\t\t\t\t\t<span class=\"elementor-headline-dynamic-text elementor-headline-text-active\">Comprend<\/span>\n\t\t\t\t<\/span>\n\t\t\t\t<\/h2>\n\t\t\t\t\t\t<\/div>\n\t\t\t\t<\/div>\n\t\t\t\t\t<\/div>\n\t\t<\/div>\n\t\t\t\t\t<\/div>\n\t\t<\/section>\n\t\t\t\t<section class=\"elementor-section elementor-top-section elementor-element elementor-element-58bc051 elementor-section-full_width elementor-section-height-default elementor-section-height-default\" data-id=\"58bc051\" data-element_type=\"section\">\n\t\t\t\t\t\t<div class=\"elementor-container elementor-column-gap-narrow\">\n\t\t\t\t\t<div class=\"elementor-column elementor-col-25 elementor-top-column elementor-element elementor-element-b8ce6d7\" data-id=\"b8ce6d7\" data-element_type=\"column\">\n\t\t\t<div class=\"elementor-widget-wrap elementor-element-populated\">\n\t\t\t\t\t\t<div class=\"elementor-element elementor-element-52ca8e5 elementor-widget elementor-widget-Houzez_elementor_grid_builder\" data-id=\"52ca8e5\" data-element_type=\"widget\" data-widget_type=\"Houzez_elementor_grid_builder.default\">\n\t\t\t\t<div class=\"elementor-widget-container\">\n\t\t\t\t\t\n        <div class=\"grid-item  grid-item-v1\" data-ratio=\"landscape\" style=\"background-image: url(https:\/\/www.sonmezrealestate.com\/schome\/wp-content\/uploads\/2020\/12\/gezi.jpg)\">\n            <a class=\"grid-item-link hover-effect-flat\"  href=\"#?\">\n                <div class=\"grid-item-text-wrap d-flex flex-column justify-content-between w-100 h-100\">\n                    <div class=\"d-flex flex-column\">\n                        \n                                                <div class=\"grid-item-title\">Visite de la Ville d&#039;Alanya<\/div>\n                                            <\/div>\n                    \n                                    <\/div><!-- taxonomy-text-wrap -->\n            <\/a>\n        <\/div>\n        \n        \t\t\t\t<\/div>\n\t\t\t\t<\/div>\n\t\t\t\t<div class=\"elementor-element elementor-element-6ab4400 elementor-widget elementor-widget-Houzez_elementor_grid_builder\" data-id=\"6ab4400\" data-element_type=\"widget\" data-widget_type=\"Houzez_elementor_grid_builder.default\">\n\t\t\t\t<div class=\"elementor-widget-container\">\n\t\t\t\t\t\n        <div class=\"grid-item  grid-item-v1\" data-ratio=\"landscape\" style=\"background-image: url(https:\/\/www.sonmezrealestate.com\/schome\/wp-content\/uploads\/2020\/12\/sozlesme.jpg)\">\n            <a class=\"grid-item-link hover-effect-flat\"  href=\"#?\">\n                <div class=\"grid-item-text-wrap d-flex flex-column justify-content-between w-100 h-100\">\n                    <div class=\"d-flex flex-column\">\n                        \n                                                <div class=\"grid-item-title\">S\u00e9lection d&#039;un Produit et Signature d&#039;un Contrat<\/div>\n                                            <\/div>\n                    \n                                    <\/div><!-- taxonomy-text-wrap -->\n            <\/a>\n        <\/div>\n        \n        \t\t\t\t<\/div>\n\t\t\t\t<\/div>\n\t\t\t\t\t<\/div>\n\t\t<\/div>\n\t\t\t\t<div class=\"elementor-column elementor-col-25 elementor-top-column elementor-element elementor-element-9366f2e\" data-id=\"9366f2e\" data-element_type=\"column\">\n\t\t\t<div class=\"elementor-widget-wrap elementor-element-populated\">\n\t\t\t\t\t\t<div class=\"elementor-element elementor-element-d925920 elementor-widget elementor-widget-Houzez_elementor_grid_builder\" data-id=\"d925920\" data-element_type=\"widget\" data-widget_type=\"Houzez_elementor_grid_builder.default\">\n\t\t\t\t<div class=\"elementor-widget-container\">\n\t\t\t\t\t\n        <div class=\"grid-item  grid-item-v1\" data-ratio=\"landscape\" style=\"background-image: url(https:\/\/www.sonmezrealestate.com\/schome\/wp-content\/uploads\/2020\/12\/transfer.jpg)\">\n            <a class=\"grid-item-link hover-effect-flat\"  href=\"#?\">\n                <div class=\"grid-item-text-wrap d-flex flex-column justify-content-between w-100 h-100\">\n                    <div class=\"d-flex flex-column\">\n                        \n                                                <div class=\"grid-item-title\">Transfert de l&#039;a\u00e9roport<\/div>\n                                            <\/div>\n                    \n                                    <\/div><!-- taxonomy-text-wrap -->\n            <\/a>\n        <\/div>\n        \n        \t\t\t\t<\/div>\n\t\t\t\t<\/div>\n\t\t\t\t<div class=\"elementor-element elementor-element-73ca294 elementor-widget elementor-widget-Houzez_elementor_grid_builder\" data-id=\"73ca294\" data-element_type=\"widget\" data-widget_type=\"Houzez_elementor_grid_builder.default\">\n\t\t\t\t<div class=\"elementor-widget-container\">\n\t\t\t\t\t\n        <div class=\"grid-item  grid-item-v1\" data-ratio=\"landscape\" style=\"background-image: url(https:\/\/www.sonmezrealestate.com\/schome\/wp-content\/uploads\/2020\/12\/karsilama.jpg)\">\n            <a class=\"grid-item-link hover-effect-flat\"  href=\"#?\">\n                <div class=\"grid-item-text-wrap d-flex flex-column justify-content-between w-100 h-100\">\n                    <div class=\"d-flex flex-column\">\n                        \n                                                <div class=\"grid-item-title\">R\u00e9union au Bureau<\/div>\n                                            <\/div>\n                    \n                                    <\/div><!-- taxonomy-text-wrap -->\n            <\/a>\n        <\/div>\n        \n        \t\t\t\t<\/div>\n\t\t\t\t<\/div>\n\t\t\t\t\t<\/div>\n\t\t<\/div>\n\t\t\t\t<div class=\"elementor-column elementor-col-25 elementor-top-column elementor-element elementor-element-80eca55\" data-id=\"80eca55\" data-element_type=\"column\">\n\t\t\t<div class=\"elementor-widget-wrap elementor-element-populated\">\n\t\t\t\t\t\t<div class=\"elementor-element elementor-element-c74bf95 elementor-widget elementor-widget-Houzez_elementor_grid_builder\" data-id=\"c74bf95\" data-element_type=\"widget\" data-widget_type=\"Houzez_elementor_grid_builder.default\">\n\t\t\t\t<div class=\"elementor-widget-container\">\n\t\t\t\t\t\n        <div class=\"grid-item  grid-item-v1\" data-ratio=\"landscape\" style=\"background-image: url(https:\/\/www.sonmezrealestate.com\/schome\/wp-content\/uploads\/2020\/12\/konaklama.jpg)\">\n            <a class=\"grid-item-link hover-effect-flat\"  href=\"#?\">\n                <div class=\"grid-item-text-wrap d-flex flex-column justify-content-between w-100 h-100\">\n                    <div class=\"d-flex flex-column\">\n                        \n                                                <div class=\"grid-item-title\">H\u00e9bergement Dans Des Appartements Confortables<\/div>\n                                            <\/div>\n                    \n                                    <\/div><!-- taxonomy-text-wrap -->\n            <\/a>\n        <\/div>\n        \n        \t\t\t\t<\/div>\n\t\t\t\t<\/div>\n\t\t\t\t<div class=\"elementor-element elementor-element-76c209f elementor-widget elementor-widget-Houzez_elementor_grid_builder\" data-id=\"76c209f\" data-element_type=\"widget\" data-widget_type=\"Houzez_elementor_grid_builder.default\">\n\t\t\t\t<div class=\"elementor-widget-container\">\n\t\t\t\t\t\n        <div class=\"grid-item  grid-item-v1\" data-ratio=\"landscape\" style=\"background-image: url(https:\/\/www.sonmezrealestate.com\/schome\/wp-content\/uploads\/2020\/12\/proje.jpg)\">\n            <a class=\"grid-item-link hover-effect-flat\"  href=\"#?\">\n                <div class=\"grid-item-text-wrap d-flex flex-column justify-content-between w-100 h-100\">\n                    <div class=\"d-flex flex-column\">\n                        \n                                                <div class=\"grid-item-title\">Visite Immobili\u00e8re<\/div>\n                                            <\/div>\n                    \n                                    <\/div><!-- taxonomy-text-wrap -->\n            <\/a>\n        <\/div>\n        \n        \t\t\t\t<\/div>\n\t\t\t\t<\/div>\n\t\t\t\t\t<\/div>\n\t\t<\/div>\n\t\t\t\t<div class=\"elementor-column elementor-col-25 elementor-top-column elementor-element elementor-element-0e315a3\" data-id=\"0e315a3\" data-element_type=\"column\">\n\t\t\t<div class=\"elementor-widget-wrap elementor-element-populated\">\n\t\t\t\t\t\t<div class=\"elementor-element elementor-element-2f1cb5f elementor-widget elementor-widget-Houzez_elementor_grid_builder\" data-id=\"2f1cb5f\" data-element_type=\"widget\" data-widget_type=\"Houzez_elementor_grid_builder.default\">\n\t\t\t\t<div class=\"elementor-widget-container\">\n\t\t\t\t\t\n        <div class=\"grid-item  grid-item-v1\" data-ratio=\"landscape\" style=\"background-image: url(https:\/\/www.sonmezrealestate.com\/schome\/wp-content\/uploads\/2020\/12\/aksam.jpg)\">\n            <a class=\"grid-item-link hover-effect-flat\"  href=\"#?\">\n                <div class=\"grid-item-text-wrap d-flex flex-column justify-content-between w-100 h-100\">\n                    <div class=\"d-flex flex-column\">\n                        \n                                                <div class=\"grid-item-title\">Petits D\u00e9jeuners et D\u00eeners<\/div>\n                                            <\/div>\n                    \n                                    <\/div><!-- taxonomy-text-wrap -->\n            <\/a>\n        <\/div>\n        \n        \t\t\t\t<\/div>\n\t\t\t\t<\/div>\n\t\t\t\t\t<\/div>\n\t\t<\/div>\n\t\t\t\t\t<\/div>\n\t\t<\/section>\n\t\t\t\t<section class=\"elementor-section elementor-top-section elementor-element elementor-element-0036276 elementor-section-boxed elementor-section-height-default elementor-section-height-default\" data-id=\"0036276\" data-element_type=\"section\">\n\t\t\t\t\t\t<div class=\"elementor-container elementor-column-gap-default\">\n\t\t\t\t\t<div class=\"elementor-column elementor-col-100 elementor-top-column elementor-element elementor-element-b9f71a5\" data-id=\"b9f71a5\" data-element_type=\"column\">\n\t\t\t<div class=\"elementor-widget-wrap elementor-element-populated\">\n\t\t\t\t\t\t<div class=\"elementor-element elementor-element-faf3f38 elementor-widget elementor-widget-spacer\" data-id=\"faf3f38\" data-element_type=\"widget\" data-widget_type=\"spacer.default\">\n\t\t\t\t<div class=\"elementor-widget-container\">\n\t\t\t\t\t\t\t<div class=\"elementor-spacer\">\n\t\t\t<div class=\"elementor-spacer-inner\"><\/div>\n\t\t<\/div>\n\t\t\t\t\t\t<\/div>\n\t\t\t\t<\/div>\n\t\t\t\t\t<\/div>\n\t\t<\/div>\n\t\t\t\t\t<\/div>\n\t\t<\/section>\n\t\t\t\t<\/div>\n\t\t","protected":false},"excerpt":{"rendered":"<p>Voyage D\u00e9couverte Gratuit Nous vous proposons une visite de d\u00e9couverte gratuite de l&#8217;immobilier en Turquie, qui vous donnera l&#8217;occasion de d\u00e9couvrir la r\u00e9gion ou vous seriez int\u00e9ress\u00e9 d&#8217;acheter, d&#8217;apprendre de nombreuses informations int\u00e9ressantes et utiles, et surtout de voir de vos propres yeux les produits immobiliers en Turquie que nous vous s\u00e9lectionnerons \u00e0 l&#8217;avance, en [&hellip;]<\/p>\n","protected":false},"author":1,"featured_media":0,"parent":0,"menu_order":0,"comment_status":"closed","ping_status":"closed","template":"template\/template-homepage.php","meta":{"footnotes":""},"class_list":["post-204426","page","type-page","status-publish","hentry"],"yoast_head":"<!-- This site is optimized with the Yoast SEO plugin v25.3.1 - https:\/\/yoast.com\/wordpress\/plugins\/seo\/ -->\n<title>Voyage D\u00e9couverte - S\u00f6nmez Real Estate &amp; Construction, Alanya, Antalya<\/title>\n<meta name=\"robots\" content=\"index, follow, max-snippet:-1, max-image-preview:large, max-video-preview:-1\" \/>\n<link rel=\"canonical\" href=\"https:\/\/old.sonmezrealestate.com\/fr\/voyage-decouverte\/\" \/>\n<meta property=\"og:locale\" content=\"fr_FR\" \/>\n<meta property=\"og:type\" content=\"article\" \/>\n<meta property=\"og:title\" content=\"Voyage D\u00e9couverte - S\u00f6nmez Real Estate &amp; Construction, Alanya, Antalya\" \/>\n<meta property=\"og:description\" content=\"Voyage D\u00e9couverte Gratuit Nous vous proposons une visite de d\u00e9couverte gratuite de l&#8217;immobilier en Turquie, qui vous donnera l&#8217;occasion de d\u00e9couvrir la r\u00e9gion ou vous seriez int\u00e9ress\u00e9 d&#8217;acheter, d&#8217;apprendre de nombreuses informations int\u00e9ressantes et utiles, et surtout de voir de vos propres yeux les produits immobiliers en Turquie que nous vous s\u00e9lectionnerons \u00e0 l&#8217;avance, en [&hellip;]\" \/>\n<meta property=\"og:url\" content=\"https:\/\/old.sonmezrealestate.com\/fr\/voyage-decouverte\/\" \/>\n<meta property=\"og:site_name\" content=\"S\u00f6nmez Real Estate &amp; Construction, Alanya, Antalya\" \/>\n<meta property=\"article:modified_time\" content=\"2025-05-22T11:02:20+00:00\" \/>\n<meta property=\"og:image\" content=\"https:\/\/www.sonmezrealestate.com\/schome\/wp-content\/uploads\/2020\/12\/tur.jpg\" \/>\n<meta name=\"twitter:card\" content=\"summary_large_image\" \/>\n<meta name=\"twitter:label1\" content=\"Dur\u00e9e de lecture estim\u00e9e\" \/>\n\t<meta name=\"twitter:data1\" content=\"1 minute\" \/>\n<script type=\"application\/ld+json\" class=\"yoast-schema-graph\">{\"@context\":\"https:\/\/schema.org\",\"@graph\":[{\"@type\":\"WebPage\",\"@id\":\"https:\/\/old.sonmezrealestate.com\/fr\/voyage-decouverte\/\",\"url\":\"https:\/\/old.sonmezrealestate.com\/fr\/voyage-decouverte\/\",\"name\":\"Voyage D\u00e9couverte - S\u00f6nmez Real Estate &amp; Construction, Alanya, Antalya\",\"isPartOf\":{\"@id\":\"\/#website\"},\"primaryImageOfPage\":{\"@id\":\"https:\/\/old.sonmezrealestate.com\/fr\/voyage-decouverte\/#primaryimage\"},\"image\":{\"@id\":\"https:\/\/old.sonmezrealestate.com\/fr\/voyage-decouverte\/#primaryimage\"},\"thumbnailUrl\":\"https:\/\/www.sonmezrealestate.com\/schome\/wp-content\/uploads\/2020\/12\/tur.jpg\",\"datePublished\":\"2020-12-04T09:35:36+00:00\",\"dateModified\":\"2025-05-22T11:02:20+00:00\",\"breadcrumb\":{\"@id\":\"https:\/\/old.sonmezrealestate.com\/fr\/voyage-decouverte\/#breadcrumb\"},\"inLanguage\":\"fr-FR\",\"potentialAction\":[{\"@type\":\"ReadAction\",\"target\":[\"https:\/\/old.sonmezrealestate.com\/fr\/voyage-decouverte\/\"]}]},{\"@type\":\"ImageObject\",\"inLanguage\":\"fr-FR\",\"@id\":\"https:\/\/old.sonmezrealestate.com\/fr\/voyage-decouverte\/#primaryimage\",\"url\":\"https:\/\/www.sonmezrealestate.com\/schome\/wp-content\/uploads\/2020\/12\/tur.jpg\",\"contentUrl\":\"https:\/\/www.sonmezrealestate.com\/schome\/wp-content\/uploads\/2020\/12\/tur.jpg\"},{\"@type\":\"BreadcrumbList\",\"@id\":\"https:\/\/old.sonmezrealestate.com\/fr\/voyage-decouverte\/#breadcrumb\",\"itemListElement\":[{\"@type\":\"ListItem\",\"position\":1,\"name\":\"Home\",\"item\":\"https:\/\/old.sonmezrealestate.com\/fr\/\"},{\"@type\":\"ListItem\",\"position\":2,\"name\":\"Voyage D\u00e9couverte\"}]},{\"@type\":\"WebSite\",\"@id\":\"\/#website\",\"url\":\"\/\",\"name\":\"S\u00f6nmez Real Estate &amp; Construction, Alanya, Antalya\",\"description\":\"Property in Alanya, Antalya\",\"potentialAction\":[{\"@type\":\"SearchAction\",\"target\":{\"@type\":\"EntryPoint\",\"urlTemplate\":\"\/?s={search_term_string}\"},\"query-input\":{\"@type\":\"PropertyValueSpecification\",\"valueRequired\":true,\"valueName\":\"search_term_string\"}}],\"inLanguage\":\"fr-FR\"}]}<\/script>\n<!-- \/ Yoast SEO plugin. -->","yoast_head_json":{"title":"Voyage D\u00e9couverte - S\u00f6nmez Real Estate &amp; Construction, Alanya, Antalya","robots":{"index":"index","follow":"follow","max-snippet":"max-snippet:-1","max-image-preview":"max-image-preview:large","max-video-preview":"max-video-preview:-1"},"canonical":"https:\/\/old.sonmezrealestate.com\/fr\/voyage-decouverte\/","og_locale":"fr_FR","og_type":"article","og_title":"Voyage D\u00e9couverte - S\u00f6nmez Real Estate &amp; Construction, Alanya, Antalya","og_description":"Voyage D\u00e9couverte Gratuit Nous vous proposons une visite de d\u00e9couverte gratuite de l&#8217;immobilier en Turquie, qui vous donnera l&#8217;occasion de d\u00e9couvrir la r\u00e9gion ou vous seriez int\u00e9ress\u00e9 d&#8217;acheter, d&#8217;apprendre de nombreuses informations int\u00e9ressantes et utiles, et surtout de voir de vos propres yeux les produits immobiliers en Turquie que nous vous s\u00e9lectionnerons \u00e0 l&#8217;avance, en [&hellip;]","og_url":"https:\/\/old.sonmezrealestate.com\/fr\/voyage-decouverte\/","og_site_name":"S\u00f6nmez Real Estate &amp; Construction, Alanya, Antalya","article_modified_time":"2025-05-22T11:02:20+00:00","og_image":[{"url":"https:\/\/www.sonmezrealestate.com\/schome\/wp-content\/uploads\/2020\/12\/tur.jpg","type":"","width":"","height":""}],"twitter_card":"summary_large_image","twitter_misc":{"Dur\u00e9e de lecture estim\u00e9e":"1 minute"},"schema":{"@context":"https:\/\/schema.org","@graph":[{"@type":"WebPage","@id":"https:\/\/old.sonmezrealestate.com\/fr\/voyage-decouverte\/","url":"https:\/\/old.sonmezrealestate.com\/fr\/voyage-decouverte\/","name":"Voyage D\u00e9couverte - S\u00f6nmez Real Estate &amp; Construction, Alanya, Antalya","isPartOf":{"@id":"\/#website"},"primaryImageOfPage":{"@id":"https:\/\/old.sonmezrealestate.com\/fr\/voyage-decouverte\/#primaryimage"},"image":{"@id":"https:\/\/old.sonmezrealestate.com\/fr\/voyage-decouverte\/#primaryimage"},"thumbnailUrl":"https:\/\/www.sonmezrealestate.com\/schome\/wp-content\/uploads\/2020\/12\/tur.jpg","datePublished":"2020-12-04T09:35:36+00:00","dateModified":"2025-05-22T11:02:20+00:00","breadcrumb":{"@id":"https:\/\/old.sonmezrealestate.com\/fr\/voyage-decouverte\/#breadcrumb"},"inLanguage":"fr-FR","potentialAction":[{"@type":"ReadAction","target":["https:\/\/old.sonmezrealestate.com\/fr\/voyage-decouverte\/"]}]},{"@type":"ImageObject","inLanguage":"fr-FR","@id":"https:\/\/old.sonmezrealestate.com\/fr\/voyage-decouverte\/#primaryimage","url":"https:\/\/www.sonmezrealestate.com\/schome\/wp-content\/uploads\/2020\/12\/tur.jpg","contentUrl":"https:\/\/www.sonmezrealestate.com\/schome\/wp-content\/uploads\/2020\/12\/tur.jpg"},{"@type":"BreadcrumbList","@id":"https:\/\/old.sonmezrealestate.com\/fr\/voyage-decouverte\/#breadcrumb","itemListElement":[{"@type":"ListItem","position":1,"name":"Home","item":"https:\/\/old.sonmezrealestate.com\/fr\/"},{"@type":"ListItem","position":2,"name":"Voyage D\u00e9couverte"}]},{"@type":"WebSite","@id":"\/#website","url":"\/","name":"S\u00f6nmez Real Estate &amp; Construction, Alanya, Antalya","description":"Property in Alanya, Antalya","potentialAction":[{"@type":"SearchAction","target":{"@type":"EntryPoint","urlTemplate":"\/?s={search_term_string}"},"query-input":{"@type":"PropertyValueSpecification","valueRequired":true,"valueName":"search_term_string"}}],"inLanguage":"fr-FR"}]}},"_links":{"self":[{"href":"https:\/\/old.sonmezrealestate.com\/fr\/wp-json\/wp\/v2\/pages\/204426","targetHints":{"allow":["GET"]}}],"collection":[{"href":"https:\/\/old.sonmezrealestate.com\/fr\/wp-json\/wp\/v2\/pages"}],"about":[{"href":"https:\/\/old.sonmezrealestate.com\/fr\/wp-json\/wp\/v2\/types\/page"}],"author":[{"embeddable":true,"href":"https:\/\/old.sonmezrealestate.com\/fr\/wp-json\/wp\/v2\/users\/1"}],"replies":[{"embeddable":true,"href":"https:\/\/old.sonmezrealestate.com\/fr\/wp-json\/wp\/v2\/comments?post=204426"}],"version-history":[{"count":3,"href":"https:\/\/old.sonmezrealestate.com\/fr\/wp-json\/wp\/v2\/pages\/204426\/revisions"}],"predecessor-version":[{"id":307441,"href":"https:\/\/old.sonmezrealestate.com\/fr\/wp-json\/wp\/v2\/pages\/204426\/revisions\/307441"}],"wp:attachment":[{"href":"https:\/\/old.sonmezrealestate.com\/fr\/wp-json\/wp\/v2\/media?parent=204426"}],"curies":[{"name":"wp","href":"https:\/\/api.w.org\/{rel}","templated":true}]}}