{"id":204388,"date":"2021-01-05T10:49:53","date_gmt":"2021-01-05T10:49:53","guid":{"rendered":"http:\/\/www.sonmezrealestate.com\/a-propos-de-nous\/"},"modified":"2024-02-16T16:27:15","modified_gmt":"2024-02-16T13:27:15","slug":"a-propos-de-nous","status":"publish","type":"page","link":"https:\/\/old.sonmezrealestate.com\/fr\/a-propos-de-nous\/","title":{"rendered":"\u00c0 Propos de Nous"},"content":{"rendered":"\t\t<div data-elementor-type=\"wp-page\" data-elementor-id=\"204388\" class=\"elementor elementor-204388 elementor-202922\" data-elementor-post-type=\"page\">\n\t\t\t\t\t\t<section class=\"elementor-section elementor-top-section elementor-element elementor-element-09038dc elementor-section-boxed elementor-section-height-default elementor-section-height-default\" data-id=\"09038dc\" data-element_type=\"section\" data-settings=\"{&quot;background_background&quot;:&quot;classic&quot;}\">\n\t\t\t\t\t\t<div class=\"elementor-container elementor-column-gap-default\">\n\t\t\t\t\t<div class=\"elementor-column elementor-col-100 elementor-top-column elementor-element elementor-element-c8278ac\" data-id=\"c8278ac\" data-element_type=\"column\">\n\t\t\t<div class=\"elementor-widget-wrap elementor-element-populated\">\n\t\t\t\t\t\t<div class=\"elementor-element elementor-element-3271868 elementor-widget elementor-widget-spacer\" data-id=\"3271868\" data-element_type=\"widget\" data-widget_type=\"spacer.default\">\n\t\t\t\t<div class=\"elementor-widget-container\">\n\t\t\t\t\t\t\t<div class=\"elementor-spacer\">\n\t\t\t<div class=\"elementor-spacer-inner\"><\/div>\n\t\t<\/div>\n\t\t\t\t\t\t<\/div>\n\t\t\t\t<\/div>\n\t\t\t\t<div class=\"elementor-element elementor-element-e7372b6 animated-slow elementor-invisible elementor-widget elementor-widget-houzez_elementor_section_title\" data-id=\"e7372b6\" data-element_type=\"widget\" data-settings=\"{&quot;_animation&quot;:&quot;fadeIn&quot;}\" data-widget_type=\"houzez_elementor_section_title.default\">\n\t\t\t\t<div class=\"elementor-widget-container\">\n\t\t\t\t\t            <div class=\"houzez_section_title_wrap section-title-module\">\n                                    <h2 class=\"houzez_section_title\">\u00c0 PROPOS DE NOUS<\/h2>\n                \n                            <\/div>\n            \t\t\t\t<\/div>\n\t\t\t\t<\/div>\n\t\t\t\t<div class=\"elementor-element elementor-element-69fe9b8 elementor-widget elementor-widget-text-editor\" data-id=\"69fe9b8\" data-element_type=\"widget\" data-widget_type=\"text-editor.default\">\n\t\t\t\t<div class=\"elementor-widget-container\">\n\t\t\t\t\t\t\t\t\t<p style=\"margin-right: 0px; margin-bottom: 20px; margin-left: 0px; color: #5b5b5b; font-size: 14px; text-align: justify;\"><span style=\"color: #000000;\"><img fetchpriority=\"high\" decoding=\"async\" class=\"alignnone wp-image-210010 size-full\" src=\"https:\/\/www.sonmezrealestate.com\/wp-content\/uploads\/2021\/01\/mstfrng.jpg\" alt=\"\" width=\"549\" height=\"239\" srcset=\"https:\/\/old.sonmezrealestate.com\/wp-content\/uploads\/2021\/01\/mstfrng.jpg 549w, https:\/\/old.sonmezrealestate.com\/wp-content\/uploads\/2021\/01\/mstfrng-300x131.jpg 300w, https:\/\/old.sonmezrealestate.com\/wp-content\/uploads\/2021\/01\/mstfrng-496x216.jpg 496w\" sizes=\"(max-width: 549px) 100vw, 549px\" \/><\/span><\/p><p>Je suis n\u00e9 dans le quartier de Mahmutlar \u00e0 Alanya dans la r\u00e9gion d\u2019Antalya, le 09.03.1978. J&#8217;ai travaill\u00e9 dans divers secteur dans ma vie d&#8217;entrepreneur que j&#8217;ai d\u00e9but\u00e9 en 2000. En 2001 je me suis engag\u00e9 dans les affaires du secteur immobilier en cr\u00e9ant mon agence dans laquelle j&#8217;aime et pr\u00e9f\u00e8re m&#8217;impliquer. Mon principe premier est la satisfaction du client durant le processus de vente et aussi apr\u00e8s la vente, nous accompagnons nos clients durant le temps n\u00e9cessaire.<\/p><p>Je n&#8217;ai jamais adopt\u00e9 l&#8217;approche du \u00ab nous effectuons nos ventes et ne nous soucions pas de nos clients plus tard \u00bb et je ne l&#8217;adopterai jamais. J&#8217;ai travaill\u00e9 avec confiance et d\u00e9termination en appr\u00e9ciant chacun comme il le m\u00e9rite. Naturellement, nous avons accompli un tel processus, ensemble avec mes employ\u00e9s, sous le principe d&#8217;un esprit de famille et d\u2019un travail d&#8217;\u00e9quipe, ensemble nous irons plus loin.<\/p><p>En 2013 nous avons commenc\u00e9 nos activit\u00e9s dans le secteur de la construction avec nos projets <b>&#8220;NOVITA RESIDENCES&#8221;<\/b>. Le sens du mot: \u00a0 \u00a0 \u00a0 \u00a0 \u00a0 \u00a0<b>&#8220;NOVITA&#8221;<\/b>\u00a0qui est devenu notre marque se composent ici de deux mots distincts ; &#8220;<strong>NOVAM&#8221;<\/strong>\u00a0et &#8220;<strong>VITAM&#8221;<\/strong>\u00a0qui signifient respectivement <b>&#8220;<\/b><strong>NOUVEAU&#8221;\u00a0<\/strong>et <b>&#8220;VIE&#8221;<\/b>\u00a0en Turc. Ma famille et mon \u00e9quipe m&#8217;ont beaucoup aid\u00e9 lors de la constitution de cette marque.<\/p><p>Nos projets <b>&#8220;NOVITA RESIDENCES&#8221;<\/b>\u00a0sont des projets enti\u00e8rement ax\u00e9s sur le confort et le bien \u00eatre humain, le respect de la nature et l&#8217;investissement.\u00a0 Dans nos projets NOVITA RESIDENCE: nous avons accord\u00e9 de l&#8217;importance \u00e0 la localisation, aux infrastructures dans les r\u00e9sidences et \u00e0 l&#8217;utilisation de ces espaces.<\/p>\t\t\t\t\t\t\t\t<\/div>\n\t\t\t\t<\/div>\n\t\t\t\t<div class=\"elementor-element elementor-element-673009b elementor-widget elementor-widget-image\" data-id=\"673009b\" data-element_type=\"widget\" data-widget_type=\"image.default\">\n\t\t\t\t<div class=\"elementor-widget-container\">\n\t\t\t\t\t\t\t\t\t\t\t\t\t\t\t<img decoding=\"async\" width=\"1620\" height=\"681\" src=\"https:\/\/old.sonmezrealestate.com\/wp-content\/uploads\/2020\/12\/sch.jpg\" class=\"attachment-full size-full wp-image-18121\" alt=\"\" srcset=\"https:\/\/old.sonmezrealestate.com\/wp-content\/uploads\/2020\/12\/sch.jpg 1620w, https:\/\/old.sonmezrealestate.com\/wp-content\/uploads\/2020\/12\/sch-300x126.jpg 300w, https:\/\/old.sonmezrealestate.com\/wp-content\/uploads\/2020\/12\/sch-1024x430.jpg 1024w, https:\/\/old.sonmezrealestate.com\/wp-content\/uploads\/2020\/12\/sch-768x323.jpg 768w, https:\/\/old.sonmezrealestate.com\/wp-content\/uploads\/2020\/12\/sch-1536x646.jpg 1536w, https:\/\/old.sonmezrealestate.com\/wp-content\/uploads\/2020\/12\/sch-1427x600.jpg 1427w, https:\/\/old.sonmezrealestate.com\/wp-content\/uploads\/2020\/12\/sch-496x209.jpg 496w\" sizes=\"(max-width: 1620px) 100vw, 1620px\" \/>\t\t\t\t\t\t\t\t\t\t\t\t\t\t\t<\/div>\n\t\t\t\t<\/div>\n\t\t\t\t<div class=\"elementor-element elementor-element-919d68f elementor-widget elementor-widget-text-editor\" data-id=\"919d68f\" data-element_type=\"widget\" data-widget_type=\"text-editor.default\">\n\t\t\t\t<div class=\"elementor-widget-container\">\n\t\t\t\t\t\t\t\t\t<p><strong>S\u00f6nmez Real Estate &amp; Construction<\/strong> est la plus grande agence immobili\u00e8re et entreprise de construction agr\u00e9\u00e9e de la ville d&#8217;Alanya sur la c\u00f4te m\u00e9diterran\u00e9enne de la Turquie depuis 2001. Aujourd&#8217;hui, notre soci\u00e9t\u00e9 poss\u00e8de la base de donn\u00e9es la plus compl\u00e8te et la plus \u00e0 jour d&#8217;objets immobiliers \u00e0 Alanya. Nous nous engageons \u00e9galement \u00e0 vous faire investir, \u00e0 vous offrir des services de qualit\u00e9 et fiables dans la construction, qui correspondent aux normes mondiales. Notre t\u00e2che est de fournir aux gens une vie s\u00fbre et s\u00e9curis\u00e9e.<\/p><p>La principale valeur de notre entreprise sont nos clients et nos investisseurs, nous sommes donc attentifs aux besoins de nos clients et nous \u00e9largissons constamment la liste des services que nous offrons. Chacun de nos clients nous est cher, c&#8217;est pourquoi nous mettons tout en \u0153uvre pour satisfaire tous vos besoins et souhaits, en proposant une large gamme de biens immobiliers en Turquie et une approche individuelle de chaque client.<\/p><p>Nous comptons uniquement sur des relations \u00e0 long terme et veillerons \u00e0 ce que votre investissement soit aussi rentable, confortable et plus s\u00fbr que possible. Les employ\u00e9s de notre entreprise se feront un plaisir de r\u00e9pondre \u00e0 toutes vos questions. S\u00f6nmez Real Estate &amp; Construction est un investissement rentable dans votre avenir.<br \/><strong>S\u00f6nmez Real Estate &amp; Construction est un investissement rentable pour votre avenir!<\/strong><\/p><p style=\"text-align: right;\"><strong>Avec mes respects,<\/strong><br \/><strong>Mustafa S\u00f6nmez<\/strong><\/p>\t\t\t\t\t\t\t\t<\/div>\n\t\t\t\t<\/div>\n\t\t\t\t<div class=\"elementor-element elementor-element-b54ca8d elementor-widget elementor-widget-video\" data-id=\"b54ca8d\" data-element_type=\"widget\" data-settings=\"{&quot;youtube_url&quot;:&quot;https:\\\/\\\/www.youtube.com\\\/watch?v=Cc89EQvoqQ4&quot;,&quot;video_type&quot;:&quot;youtube&quot;,&quot;controls&quot;:&quot;yes&quot;}\" data-widget_type=\"video.default\">\n\t\t\t\t<div class=\"elementor-widget-container\">\n\t\t\t\t\t\t\t<div class=\"elementor-wrapper elementor-open-inline\">\n\t\t\t<div class=\"elementor-video\"><\/div>\t\t<\/div>\n\t\t\t\t\t\t<\/div>\n\t\t\t\t<\/div>\n\t\t\t\t<div class=\"elementor-element elementor-element-e0a6c27 elementor-widget elementor-widget-spacer\" data-id=\"e0a6c27\" data-element_type=\"widget\" data-widget_type=\"spacer.default\">\n\t\t\t\t<div class=\"elementor-widget-container\">\n\t\t\t\t\t\t\t<div class=\"elementor-spacer\">\n\t\t\t<div class=\"elementor-spacer-inner\"><\/div>\n\t\t<\/div>\n\t\t\t\t\t\t<\/div>\n\t\t\t\t<\/div>\n\t\t\t\t\t<\/div>\n\t\t<\/div>\n\t\t\t\t\t<\/div>\n\t\t<\/section>\n\t\t\t\t<\/div>\n\t\t","protected":false},"excerpt":{"rendered":"<p>\u00c0 PROPOS DE NOUS Je suis n\u00e9 dans le quartier de Mahmutlar \u00e0 Alanya dans la r\u00e9gion d\u2019Antalya, le 09.03.1978. J&#8217;ai travaill\u00e9 dans divers secteur dans ma vie d&#8217;entrepreneur que j&#8217;ai d\u00e9but\u00e9 en 2000. En 2001 je me suis engag\u00e9 dans les affaires du secteur immobilier en cr\u00e9ant mon agence dans laquelle j&#8217;aime et pr\u00e9f\u00e8re [&hellip;]<\/p>\n","protected":false},"author":1,"featured_media":0,"parent":0,"menu_order":0,"comment_status":"closed","ping_status":"closed","template":"template\/template-homepage.php","meta":{"footnotes":""},"class_list":["post-204388","page","type-page","status-publish","hentry"],"yoast_head":"<!-- This site is optimized with the Yoast SEO plugin v25.3.1 - https:\/\/yoast.com\/wordpress\/plugins\/seo\/ -->\n<title>\u00c0 Propos de Nous - S\u00f6nmez Real Estate &amp; Construction, Alanya, Antalya<\/title>\n<meta name=\"robots\" content=\"index, follow, max-snippet:-1, max-image-preview:large, max-video-preview:-1\" \/>\n<link rel=\"canonical\" href=\"https:\/\/old.sonmezrealestate.com\/fr\/a-propos-de-nous\/\" \/>\n<meta property=\"og:locale\" content=\"fr_FR\" \/>\n<meta property=\"og:type\" content=\"article\" \/>\n<meta property=\"og:title\" content=\"\u00c0 Propos de Nous - S\u00f6nmez Real Estate &amp; Construction, Alanya, Antalya\" \/>\n<meta property=\"og:description\" content=\"\u00c0 PROPOS DE NOUS Je suis n\u00e9 dans le quartier de Mahmutlar \u00e0 Alanya dans la r\u00e9gion d\u2019Antalya, le 09.03.1978. J&#8217;ai travaill\u00e9 dans divers secteur dans ma vie d&#8217;entrepreneur que j&#8217;ai d\u00e9but\u00e9 en 2000. En 2001 je me suis engag\u00e9 dans les affaires du secteur immobilier en cr\u00e9ant mon agence dans laquelle j&#8217;aime et pr\u00e9f\u00e8re [&hellip;]\" \/>\n<meta property=\"og:url\" content=\"https:\/\/old.sonmezrealestate.com\/fr\/a-propos-de-nous\/\" \/>\n<meta property=\"og:site_name\" content=\"S\u00f6nmez Real Estate &amp; Construction, Alanya, Antalya\" \/>\n<meta property=\"article:modified_time\" content=\"2024-02-16T13:27:15+00:00\" \/>\n<meta property=\"og:image\" content=\"https:\/\/www.sonmezrealestate.com\/wp-content\/uploads\/2021\/01\/mstfrng.jpg\" \/>\n<meta name=\"twitter:card\" content=\"summary_large_image\" \/>\n<meta name=\"twitter:label1\" content=\"Dur\u00e9e de lecture estim\u00e9e\" \/>\n\t<meta name=\"twitter:data1\" content=\"3 minutes\" \/>\n<script type=\"application\/ld+json\" class=\"yoast-schema-graph\">{\"@context\":\"https:\/\/schema.org\",\"@graph\":[{\"@type\":\"WebPage\",\"@id\":\"https:\/\/old.sonmezrealestate.com\/fr\/a-propos-de-nous\/\",\"url\":\"https:\/\/old.sonmezrealestate.com\/fr\/a-propos-de-nous\/\",\"name\":\"\u00c0 Propos de Nous - S\u00f6nmez Real Estate &amp; Construction, Alanya, Antalya\",\"isPartOf\":{\"@id\":\"\/#website\"},\"primaryImageOfPage\":{\"@id\":\"https:\/\/old.sonmezrealestate.com\/fr\/a-propos-de-nous\/#primaryimage\"},\"image\":{\"@id\":\"https:\/\/old.sonmezrealestate.com\/fr\/a-propos-de-nous\/#primaryimage\"},\"thumbnailUrl\":\"https:\/\/www.sonmezrealestate.com\/wp-content\/uploads\/2021\/01\/mstfrng.jpg\",\"datePublished\":\"2021-01-05T10:49:53+00:00\",\"dateModified\":\"2024-02-16T13:27:15+00:00\",\"breadcrumb\":{\"@id\":\"https:\/\/old.sonmezrealestate.com\/fr\/a-propos-de-nous\/#breadcrumb\"},\"inLanguage\":\"fr-FR\",\"potentialAction\":[{\"@type\":\"ReadAction\",\"target\":[\"https:\/\/old.sonmezrealestate.com\/fr\/a-propos-de-nous\/\"]}]},{\"@type\":\"ImageObject\",\"inLanguage\":\"fr-FR\",\"@id\":\"https:\/\/old.sonmezrealestate.com\/fr\/a-propos-de-nous\/#primaryimage\",\"url\":\"https:\/\/www.sonmezrealestate.com\/wp-content\/uploads\/2021\/01\/mstfrng.jpg\",\"contentUrl\":\"https:\/\/www.sonmezrealestate.com\/wp-content\/uploads\/2021\/01\/mstfrng.jpg\"},{\"@type\":\"BreadcrumbList\",\"@id\":\"https:\/\/old.sonmezrealestate.com\/fr\/a-propos-de-nous\/#breadcrumb\",\"itemListElement\":[{\"@type\":\"ListItem\",\"position\":1,\"name\":\"Home\",\"item\":\"https:\/\/old.sonmezrealestate.com\/fr\/\"},{\"@type\":\"ListItem\",\"position\":2,\"name\":\"\u00c0 Propos de Nous\"}]},{\"@type\":\"WebSite\",\"@id\":\"\/#website\",\"url\":\"\/\",\"name\":\"S\u00f6nmez Real Estate &amp; Construction, Alanya, Antalya\",\"description\":\"Property in Alanya, Antalya\",\"potentialAction\":[{\"@type\":\"SearchAction\",\"target\":{\"@type\":\"EntryPoint\",\"urlTemplate\":\"\/?s={search_term_string}\"},\"query-input\":{\"@type\":\"PropertyValueSpecification\",\"valueRequired\":true,\"valueName\":\"search_term_string\"}}],\"inLanguage\":\"fr-FR\"}]}<\/script>\n<!-- \/ Yoast SEO plugin. -->","yoast_head_json":{"title":"\u00c0 Propos de Nous - S\u00f6nmez Real Estate &amp; Construction, Alanya, Antalya","robots":{"index":"index","follow":"follow","max-snippet":"max-snippet:-1","max-image-preview":"max-image-preview:large","max-video-preview":"max-video-preview:-1"},"canonical":"https:\/\/old.sonmezrealestate.com\/fr\/a-propos-de-nous\/","og_locale":"fr_FR","og_type":"article","og_title":"\u00c0 Propos de Nous - S\u00f6nmez Real Estate &amp; Construction, Alanya, Antalya","og_description":"\u00c0 PROPOS DE NOUS Je suis n\u00e9 dans le quartier de Mahmutlar \u00e0 Alanya dans la r\u00e9gion d\u2019Antalya, le 09.03.1978. J&#8217;ai travaill\u00e9 dans divers secteur dans ma vie d&#8217;entrepreneur que j&#8217;ai d\u00e9but\u00e9 en 2000. En 2001 je me suis engag\u00e9 dans les affaires du secteur immobilier en cr\u00e9ant mon agence dans laquelle j&#8217;aime et pr\u00e9f\u00e8re [&hellip;]","og_url":"https:\/\/old.sonmezrealestate.com\/fr\/a-propos-de-nous\/","og_site_name":"S\u00f6nmez Real Estate &amp; Construction, Alanya, Antalya","article_modified_time":"2024-02-16T13:27:15+00:00","og_image":[{"url":"https:\/\/www.sonmezrealestate.com\/wp-content\/uploads\/2021\/01\/mstfrng.jpg","type":"","width":"","height":""}],"twitter_card":"summary_large_image","twitter_misc":{"Dur\u00e9e de lecture estim\u00e9e":"3 minutes"},"schema":{"@context":"https:\/\/schema.org","@graph":[{"@type":"WebPage","@id":"https:\/\/old.sonmezrealestate.com\/fr\/a-propos-de-nous\/","url":"https:\/\/old.sonmezrealestate.com\/fr\/a-propos-de-nous\/","name":"\u00c0 Propos de Nous - S\u00f6nmez Real Estate &amp; Construction, Alanya, Antalya","isPartOf":{"@id":"\/#website"},"primaryImageOfPage":{"@id":"https:\/\/old.sonmezrealestate.com\/fr\/a-propos-de-nous\/#primaryimage"},"image":{"@id":"https:\/\/old.sonmezrealestate.com\/fr\/a-propos-de-nous\/#primaryimage"},"thumbnailUrl":"https:\/\/www.sonmezrealestate.com\/wp-content\/uploads\/2021\/01\/mstfrng.jpg","datePublished":"2021-01-05T10:49:53+00:00","dateModified":"2024-02-16T13:27:15+00:00","breadcrumb":{"@id":"https:\/\/old.sonmezrealestate.com\/fr\/a-propos-de-nous\/#breadcrumb"},"inLanguage":"fr-FR","potentialAction":[{"@type":"ReadAction","target":["https:\/\/old.sonmezrealestate.com\/fr\/a-propos-de-nous\/"]}]},{"@type":"ImageObject","inLanguage":"fr-FR","@id":"https:\/\/old.sonmezrealestate.com\/fr\/a-propos-de-nous\/#primaryimage","url":"https:\/\/www.sonmezrealestate.com\/wp-content\/uploads\/2021\/01\/mstfrng.jpg","contentUrl":"https:\/\/www.sonmezrealestate.com\/wp-content\/uploads\/2021\/01\/mstfrng.jpg"},{"@type":"BreadcrumbList","@id":"https:\/\/old.sonmezrealestate.com\/fr\/a-propos-de-nous\/#breadcrumb","itemListElement":[{"@type":"ListItem","position":1,"name":"Home","item":"https:\/\/old.sonmezrealestate.com\/fr\/"},{"@type":"ListItem","position":2,"name":"\u00c0 Propos de Nous"}]},{"@type":"WebSite","@id":"\/#website","url":"\/","name":"S\u00f6nmez Real Estate &amp; Construction, Alanya, Antalya","description":"Property in Alanya, Antalya","potentialAction":[{"@type":"SearchAction","target":{"@type":"EntryPoint","urlTemplate":"\/?s={search_term_string}"},"query-input":{"@type":"PropertyValueSpecification","valueRequired":true,"valueName":"search_term_string"}}],"inLanguage":"fr-FR"}]}},"_links":{"self":[{"href":"https:\/\/old.sonmezrealestate.com\/fr\/wp-json\/wp\/v2\/pages\/204388","targetHints":{"allow":["GET"]}}],"collection":[{"href":"https:\/\/old.sonmezrealestate.com\/fr\/wp-json\/wp\/v2\/pages"}],"about":[{"href":"https:\/\/old.sonmezrealestate.com\/fr\/wp-json\/wp\/v2\/types\/page"}],"author":[{"embeddable":true,"href":"https:\/\/old.sonmezrealestate.com\/fr\/wp-json\/wp\/v2\/users\/1"}],"replies":[{"embeddable":true,"href":"https:\/\/old.sonmezrealestate.com\/fr\/wp-json\/wp\/v2\/comments?post=204388"}],"version-history":[{"count":12,"href":"https:\/\/old.sonmezrealestate.com\/fr\/wp-json\/wp\/v2\/pages\/204388\/revisions"}],"predecessor-version":[{"id":304612,"href":"https:\/\/old.sonmezrealestate.com\/fr\/wp-json\/wp\/v2\/pages\/204388\/revisions\/304612"}],"wp:attachment":[{"href":"https:\/\/old.sonmezrealestate.com\/fr\/wp-json\/wp\/v2\/media?parent=204388"}],"curies":[{"name":"wp","href":"https:\/\/api.w.org\/{rel}","templated":true}]}}